{"id":21,"date":"2016-03-08T12:13:59","date_gmt":"2016-03-08T11:13:59","guid":{"rendered":"https:\/\/www.unios.hr\/doktorska\/?page_id=21"},"modified":"2018-11-19T10:38:33","modified_gmt":"2018-11-19T09:38:33","slug":"obrasci","status":"publish","type":"page","link":"https:\/\/www.unios.hr\/doktorska\/obrasci\/","title":{"rendered":"Obrasci"},"content":{"rendered":"    <div class=\"un-heading un-heading-heading_3558 \" data-delay=0>\n    \t<div class=\"un-heading-wrap\">\n            <span class=\"un-heading-line un-heading-before\"><span><\/span><\/span>\n                            <span class='btn btn-default btn-lg btn-lighter un-heading-content'>\n                            Poslijediplomski interdiscipinarni sveu\u010dili\u0161ni studij Europski studiji                            <\/span>\n                        <span class=\"un-heading-line un-heading-after\"><span><\/span><\/span>\n        <\/div>\n        <div class=\"clearfix\"><\/div>\n    <\/div>\n    \n<div class=\"su-spacer\" style=\"height:10px\"><\/div>\n<div class=\"su-list su-list-13\" style=\"margin-left:0px\">\n<ul>\n<li><i class=\"sui sui-arrow-right\" style=\"color:#36577f\"><\/i> <a href=\"http:\/\/rektorat.unios.hr\/~jmagdika\/Obrasci\/2013\/EU\/DR%20SC-D%c5%a0%20PM.docx\" target=\"_blank\">Prijedlog za imenovanje mentora<\/a><\/li>\n<li><i class=\"sui sui-arrow-right\" style=\"color:#36577f\"><\/i> <a href=\"http:\/\/rektorat.unios.hr\/~jmagdika\/Obrasci\/2013\/EU\/DR%20SC%20D%c5%a01.docx\" target=\"_blank\">Prijava teme doktorske disertacije<\/a>\u00a0(<em><a href=\"http:\/\/rektorat.unios.hr\/~jmagdika\/Obrasci\/2013\/Zajednicki\/Upute%20prijave%20teme.pdf\" target=\"_blank\">Upute<\/a><\/em>)<\/li>\n<li><i class=\"sui sui-arrow-right\" style=\"color:#36577f\"><\/i> <a href=\"http:\/\/rektorat.unios.hr\/~jmagdika\/Obrasci\/2013\/EU\/DR%20SC%20-D%c5%a02.docx\" target=\"_blank\">Ocjena teme doktorske disertacije<\/a><\/li>\n<li><i class=\"sui sui-arrow-right\" style=\"color:#36577f\"><\/i> <a href=\"http:\/\/rektorat.unios.hr\/~jmagdika\/Obrasci\/2013\/EU\/DR%20SC%20-D%c5%a03.docx\" target=\"_blank\">Ocjena doktorske disertacije<\/a><\/li>\n<li><i class=\"sui sui-arrow-right\" style=\"color:#36577f\"><\/i> <a href=\"http:\/\/rektorat.unios.hr\/~jmagdika\/Obrasci\/2013\/EU\/DR%20SC%20-D%c5%a04.docx\" target=\"_blank\">Protokol i zapisnik obrane doktorske disertacije<\/a><\/li>\n<li><i class=\"sui sui-arrow-right\" style=\"color:#36577f\"><\/i> <a href=\"http:\/\/rektorat.unios.hr\/~jmagdika\/Obrasci\/2013\/EU\/DR.SC.-ECTS.EU.docx\" target=\"_blank\">Zahtjev za priznavanje ECTS bodova kao supstituciju za Istra\u017eiva\u010dki seminar I. i\/ili II.<\/a><\/li>\n<\/ul>\n<p>&nbsp;<\/p>\n<\/div>\n<div class=\"su-spacer\" style=\"height:20px\"><\/div>\n    <div class=\"un-heading un-heading-heading_886 \" data-delay=0>\n    \t<div class=\"un-heading-wrap\">\n            <span class=\"un-heading-line un-heading-before\"><span><\/span><\/span>\n                            <span class='btn btn-default btn-lg btn-lighter un-heading-content'>\n                            Poslijediplomski interdiscipinarni sveu\u010dili\u0161ni studij Kulturologija                            <\/span>\n                        <span class=\"un-heading-line un-heading-after\"><span><\/span><\/span>\n        <\/div>\n        <div class=\"clearfix\"><\/div>\n    <\/div>\n    \n<div class=\"su-spacer\" style=\"height:10px\"><\/div>\n<div class=\"su-list su-list-13\" style=\"margin-left:0px\">\n<p>Podru\u010dje humanisti\u010dkih i dru\u0161tvenih znanosti:<\/p>\n<ul>\n<li><i class=\"sui sui-arrow-right\" style=\"color:#36577f\"><\/i> <a href=\"http:\/\/rektorat.unios.hr\/~jmagdika\/Obrasci\/2013\/KULT\/DR%20SC\/DR%20SC-D%c5%a0%20PM.docx\" target=\"_blank\">Prijedlog imenovanja mentora<\/a><\/li>\n<li><i class=\"sui sui-arrow-right\" style=\"color:#36577f\"><\/i> <a href=\"http:\/\/rektorat.unios.hr\/~jmagdika\/Obrasci\/2013\/KULT\/DR%20SC\/DR%20SC%20D%c5%a01.docx\" target=\"_blank\">Prijava teme doktorske disertacije<\/a>\u00a0(<em><a href=\"http:\/\/rektorat.unios.hr\/~jmagdika\/Obrasci\/2013\/Zajednicki\/Upute%20prijave%20teme.pdf\" target=\"_blank\">Upute<\/a><\/em>)<\/li>\n<li><i class=\"sui sui-arrow-right\" style=\"color:#36577f\"><\/i> <a href=\"http:\/\/rektorat.unios.hr\/~jmagdika\/Obrasci\/2013\/KULT\/DR%20SC\/DR%20SC%20-D%c5%a02.docx\" target=\"_blank\">Ocjena teme doktorske disertacije<\/a><\/li>\n<li><i class=\"sui sui-arrow-right\" style=\"color:#36577f\"><\/i> <a href=\"http:\/\/rektorat.unios.hr\/~jmagdika\/Obrasci\/2013\/KULT\/DR%20SC\/DR%20SC%20-D%c5%a03.docx\" target=\"_blank\">Ocjena doktorske diseracije<\/a><\/li>\n<li><i class=\"sui sui-arrow-right\" style=\"color:#36577f\"><\/i> <a href=\"http:\/\/rektorat.unios.hr\/~jmagdika\/Obrasci\/2013\/KULT\/DR%20SC\/DR%20SC%20-D%c5%a04.docx\" target=\"_blank\">Protokol i zapisnik obrane doktorske disertacije<\/a><\/li>\n<li><i class=\"sui sui-arrow-right\" style=\"color:#36577f\"><\/i> <a href=\"http:\/\/rektorat.unios.hr\/~jmagdika\/Obrasci\/2013\/KULT\/DR.SC.-ECTS.KULT.docx\" target=\"_blank\">Zahtjev za priznavanje ECTS bodova iz Ostalih aktivnosti<\/a><\/li>\n<\/ul>\n<p>Umjetni\u010dko podru\u010dje:<\/p>\n<ul>\n<li><i class=\"sui sui-arrow-right\" style=\"color:#36577f\"><\/i> <a href=\"http:\/\/rektorat.unios.hr\/~jmagdika\/Obrasci\/2013\/KULT\/DR%20ART\/Odluka-art.pdf\" target=\"_blank\">Odluka o utvr\u0111ivanju postupka stjecanja doktorata umjetnosti<\/a><\/li>\n<\/ul>\n<ul>\n<li><i class=\"sui sui-arrow-right\" style=\"color:#36577f\"><\/i> <a href=\"http:\/\/rektorat.unios.hr\/~jmagdika\/Obrasci\/2013\/KULT\/DR%20ART\/DR%20ART%20D%c5%a0%20PM.docx\" target=\"_blank\">Prijedlog imenovanja mentora<\/a><\/li>\n<li><i class=\"sui sui-arrow-right\" style=\"color:#36577f\"><\/i> <a href=\"http:\/\/rektorat.unios.hr\/~jmagdika\/Obrasci\/2013\/KULT\/DR%20ART\/DR%20ART%20D%c5%a01.docx\" target=\"_blank\">Prijava teme doktorske disertacije<\/a>\u00a0(<em><a href=\"http:\/\/rektorat.unios.hr\/~jmagdika\/Obrasci\/2013\/Zajednicki\/Upute%20prijave%20teme.pdf\" target=\"_blank\">Upute<\/a><\/em>)<\/li>\n<li><i class=\"sui sui-arrow-right\" style=\"color:#36577f\"><\/i> <a href=\"http:\/\/rektorat.unios.hr\/~jmagdika\/Obrasci\/2013\/KULT\/DR%20ART\/DR%20ART%20D%c5%a02.docx\" target=\"_blank\">Ocjena teme doktorske disertacije<\/a><\/li>\n<li><i class=\"sui sui-arrow-right\" style=\"color:#36577f\"><\/i> <a href=\"http:\/\/rektorat.unios.hr\/~jmagdika\/Obrasci\/2013\/KULT\/DR%20ART\/DR%20ART%20D%c5%a03.docx\" target=\"_blank\">Ocjena doktorske disertacije<\/a><\/li>\n<li><i class=\"sui sui-arrow-right\" style=\"color:#36577f\"><\/i> <a href=\"http:\/\/rektorat.unios.hr\/~jmagdika\/Obrasci\/2013\/KULT\/DR%20ART\/DR%20ART%20D%c5%a0%204.docx\" target=\"_blank\">Protokol i zapisnik obrane doktorske disertacije<\/a><\/li>\n<li><i class=\"sui sui-arrow-right\" style=\"color:#36577f\"><\/i> <a href=\"http:\/\/rektorat.unios.hr\/~jmagdika\/Obrasci\/2013\/KULT\/DR.ART.-ECTS.KULT.docx\" target=\"_blank\">Zahtjev za priznavanje ECTS bodova iz Ostalih aktivnosti<\/a><\/li>\n<\/ul>\n<p>&nbsp;<\/p>\n<\/div>\n<div class=\"su-spacer\" style=\"height:20px\"><\/div>\n    <div class=\"un-heading un-heading-heading_291 \" data-delay=0>\n    \t<div class=\"un-heading-wrap\">\n            <span class=\"un-heading-line un-heading-before\"><span><\/span><\/span>\n                            <span class='btn btn-default btn-lg btn-lighter un-heading-content'>\n                            Poslijediplomski interdiscipinarni sveu\u010dili\u0161ni studij Komunikologija                            <\/span>\n                        <span class=\"un-heading-line un-heading-after\"><span><\/span><\/span>\n        <\/div>\n        <div class=\"clearfix\"><\/div>\n    <\/div>\n    \n<div class=\"su-spacer\" style=\"height:10px\"><\/div>\n<div class=\"su-list su-list-13\" style=\"margin-left:0px\">\n<ul>\n<li><i class=\"sui sui-arrow-right\" style=\"color:#36577f\"><\/i> <a href=\"http:\/\/rektorat.unios.hr\/~jmagdika\/Obrasci\/2013\/KOM\/DR%20SC-D%c5%a0%20PM.docx\" target=\"_blank\">Prijedlog imenovanja mentora<\/a><\/li>\n<li><i class=\"sui sui-arrow-right\" style=\"color:#36577f\"><\/i> <a href=\"http:\/\/rektorat.unios.hr\/~jmagdika\/Obrasci\/2013\/KOM\/DR%20SC%20D%c5%a01.docx\" target=\"_blank\">Prijava teme doktorske disertacije<\/a>\u00a0(<em><a href=\"http:\/\/rektorat.unios.hr\/~jmagdika\/Obrasci\/2013\/Zajednicki\/Upute%20prijave%20teme.pdf\" target=\"_blank\">Upute<\/a><\/em>)<\/li>\n<li><i class=\"sui sui-arrow-right\" style=\"color:#36577f\"><\/i> <a href=\"http:\/\/rektorat.unios.hr\/~jmagdika\/Obrasci\/2013\/KOM\/DR%20SC%20-D%c5%a02.docx\" target=\"_blank\">Ocjena teme doktorske disertacije<\/a><\/li>\n<li><i class=\"sui sui-arrow-right\" style=\"color:#36577f\"><\/i> <a href=\"http:\/\/rektorat.unios.hr\/~jmagdika\/Obrasci\/2013\/KOM\/DR%20SC%20-D%c5%a03.docx\" target=\"_blank\">Ocjena doktorske disertacije<\/a><\/li>\n<li><i class=\"sui sui-arrow-right\" style=\"color:#36577f\"><\/i> <a href=\"http:\/\/rektorat.unios.hr\/~jmagdika\/Obrasci\/2013\/KOM\/DR%20SC%20-D%c5%a04.docx\" target=\"_blank\">Protokol i zapisnik obrane doktorske disertacije<\/a><\/li>\n<li><i class=\"sui sui-arrow-right\" style=\"color:#36577f\"><\/i> <a href=\"http:\/\/rektorat.unios.hr\/~jmagdika\/Obrasci\/2013\/KOM\/DR.SC.-ECTS.KOM.docx\" target=\"_blank\">Zahtjev za priznavanje ECTS bodova iz Ostalih aktivnosti<\/a><\/li>\n<\/ul>\n<p>&nbsp;<\/p>\n<\/div>\n<div class=\"su-spacer\" style=\"height:20px\"><\/div>\n    <div class=\"un-heading un-heading-heading_8481 \" data-delay=0>\n    \t<div class=\"un-heading-wrap\">\n            <span class=\"un-heading-line un-heading-before\"><span><\/span><\/span>\n                            <span class='btn btn-default btn-lg btn-lighter un-heading-content'>\n                            Zajedni\u010dki obrasci i dokumenti Doktorske \u0161kole                            <\/span>\n                        <span class=\"un-heading-line un-heading-after\"><span><\/span><\/span>\n        <\/div>\n        <div class=\"clearfix\"><\/div>\n    <\/div>\n    \n<div class=\"su-spacer\" style=\"height:10px\"><\/div>\n<div class=\"su-list su-list-13\" style=\"margin-left:0px\">\n<ul>\n<li><i class=\"sui sui-arrow-right\" style=\"color:#36577f\"><\/i> <a href=\"https:\/\/www.unios.hr\/doktorska\/wp-content\/uploads\/sites\/7\/2016\/03\/Upute-za-izvedbu-projekta-istra\u017eivanja.pdf\" target=\"_blank\" rel=\"\">Upute za izvedbu projekta istra\u017eivanja<\/a><\/li>\n<li><i class=\"sui sui-arrow-right\" style=\"color:#36577f\"><\/i> <a href=\"http:\/\/rektorat.unios.hr\/~jmagdika\/Obrasci\/2013\/Zajednicki\/upute_za_izradu_dis.pdf\" target=\"_blank\">Upute za izradu i oblikovanje doktorske disertacije<\/a><\/li>\n<li><i class=\"sui sui-arrow-right\" style=\"color:#36577f\"><\/i> <a href=\"http:\/\/rektorat.unios.hr\/~jmagdika\/Obrasci\/2013\/Zajednicki\/Izjava o ne plagiranj.docx\" target=\"_blank\">Izjava o ne plagiranju<\/a><\/li>\n<li><i class=\"sui sui-arrow-right\" style=\"color:#36577f\"><\/i> <a href=\"http:\/\/rektorat.unios.hr\/~jmagdika\/Obrasci\/2013\/Zajednicki\/upute_seminarski_komun.pdf\" target=\"_blank\">Upute za izradu doktorskog seminara<\/a><\/li>\n<li><i class=\"sui sui-arrow-right\" style=\"color:#36577f\"><\/i> <a href=\"http:\/\/rektorat.unios.hr\/~jmagdika\/Obrasci\/2013\/Zajednicki\/Vije\u0107ementoraD\u01602018.pdf\" target=\"_blank\">Vije\u0107e mentora Doktorske \u0161kole<\/a><\/li>\n<\/ul>\n<\/div>\n","protected":false},"excerpt":{"rendered":"","protected":false},"author":24,"featured_media":357,"parent":0,"menu_order":40,"comment_status":"closed","ping_status":"closed","template":"","meta":{"_monsterinsights_skip_tracking":false,"_monsterinsights_sitenote_active":false,"_monsterinsights_sitenote_note":"","_monsterinsights_sitenote_category":0,"ngg_post_thumbnail":0,"footnotes":"","_links_to":"","_links_to_target":""},"coauthors":[19,21],"class_list":["post-21","page","type-page","status-publish","has-post-thumbnail","hentry"],"publishpress_future_action":{"enabled":false,"date":"2026-05-09 18:25:32","action":"change-status","newStatus":"draft","terms":[],"taxonomy":"avhec_catgroup","extraData":[]},"publishpress_future_workflow_manual_trigger":{"enabledWorkflows":[]},"_links":{"self":[{"href":"https:\/\/www.unios.hr\/doktorska\/wp-json\/wp\/v2\/pages\/21","targetHints":{"allow":["GET"]}}],"collection":[{"href":"https:\/\/www.unios.hr\/doktorska\/wp-json\/wp\/v2\/pages"}],"about":[{"href":"https:\/\/www.unios.hr\/doktorska\/wp-json\/wp\/v2\/types\/page"}],"author":[{"embeddable":true,"href":"https:\/\/www.unios.hr\/doktorska\/wp-json\/wp\/v2\/users\/24"}],"replies":[{"embeddable":true,"href":"https:\/\/www.unios.hr\/doktorska\/wp-json\/wp\/v2\/comments?post=21"}],"version-history":[{"count":4,"href":"https:\/\/www.unios.hr\/doktorska\/wp-json\/wp\/v2\/pages\/21\/revisions"}],"predecessor-version":[{"id":1027,"href":"https:\/\/www.unios.hr\/doktorska\/wp-json\/wp\/v2\/pages\/21\/revisions\/1027"}],"wp:featuredmedia":[{"embeddable":true,"href":"https:\/\/www.unios.hr\/doktorska\/wp-json\/wp\/v2\/media\/357"}],"wp:attachment":[{"href":"https:\/\/www.unios.hr\/doktorska\/wp-json\/wp\/v2\/media?parent=21"}],"wp:term":[{"taxonomy":"author","embeddable":true,"href":"https:\/\/www.unios.hr\/doktorska\/wp-json\/wp\/v2\/coauthors?post=21"}],"curies":[{"name":"wp","href":"https:\/\/api.w.org\/{rel}","templated":true}]}}