{"id":46,"date":"2016-03-08T12:30:29","date_gmt":"2016-03-08T11:30:29","guid":{"rendered":"https:\/\/www.unios.hr\/doktorska\/?page_id=46"},"modified":"2020-03-03T10:09:51","modified_gmt":"2020-03-03T09:09:51","slug":"doktorski-europski-studij-o-studiju","status":"publish","type":"page","link":"https:\/\/www.unios.hr\/doktorska\/studiji-doktorske-skole\/doktorski-europski-studij\/doktorski-europski-studij-o-studiju\/","title":{"rendered":"O studiju"},"content":{"rendered":"<h4><strong>Naziv studija:<\/strong><\/h4>\n<p>Poslijediplomski interdisciplinarni sveu\u010dili\u0161ni studij Europski studiji<\/p>\n<div class=\"su-spacer\" style=\"height:20px\"><\/div>\n<h4><strong>Znanstveno ili umjetni\u010dko podru\u010dje:<\/strong><\/h4>\n<p style=\"text-align: justify;\">Dru\u0161tvene znanosti.<\/p>\n<div class=\"su-spacer\" style=\"height:20px\"><\/div>\n<h4><strong>Znanstveno polje:<\/strong><\/h4>\n<p style=\"text-align: justify;\">Ekonomija, Pravo, Politologija, Informacijske i komunikacijske znanosti, Interdisciplinarne dru\u0161tvene znanosti, ali potencijalno i druga polja znanstvenog podru\u010dja dru\u0161tvenih znanosti, ovisno o dostupnosti mentora podru\u010dju istra\u017eivanja, odnosno temi doktorske disertacije, definirana Pravilnikom o znanstvenim i umjetni\u010dkim podru\u010djima, poljima i granama.<\/p>\n<div class=\"su-spacer\" style=\"height:20px\"><\/div>\n<h4><strong>Akademski stupanj koji se stje\u010de zavr\u0161etkom studija:<\/strong><\/h4>\n<p style=\"text-align: justify;\">Zavr\u0161etkom studija stje\u010de se akademski stupanj doktora dru\u0161tvenih znanosti, uz naznaku polja ili interdisciplinarnog polja.<\/p>\n","protected":false},"excerpt":{"rendered":"<p>Naziv studija: Poslijediplomski interdisciplinarni sveu\u010dili\u0161ni studij Europski studiji Znanstveno ili umjetni\u010dko podru\u010dje: Dru\u0161tvene znanosti. Znanstveno polje: Ekonomija, Pravo, Politologija, Informacijske i komunikacijske znanosti, Interdisciplinarne dru\u0161tvene znanosti, ali potencijalno i druga polja znanstvenog podru\u010dja dru\u0161tvenih znanosti, ovisno o dostupnosti mentora podru\u010dju istra\u017eivanja, odnosno temi doktorske disertacije, definirana Pravilnikom o znanstvenim i umjetni\u010dkim podru\u010djima, poljima i granama. Akademski stupanj koji se stje\u010de zavr\u0161etkom studija: Zavr\u0161etkom studija stje\u010de se akademski stupanj doktora dru\u0161tvenih znanosti, uz naznaku polja ili interdisciplinarnog polja.<\/p>\n","protected":false},"author":24,"featured_media":357,"parent":32,"menu_order":10,"comment_status":"closed","ping_status":"closed","template":"","meta":{"_monsterinsights_skip_tracking":false,"_monsterinsights_sitenote_active":false,"_monsterinsights_sitenote_note":"","_monsterinsights_sitenote_category":0,"ngg_post_thumbnail":0,"footnotes":"","_links_to":"","_links_to_target":""},"coauthors":[19,21],"class_list":["post-46","page","type-page","status-publish","has-post-thumbnail","hentry"],"publishpress_future_action":{"enabled":false,"date":"2026-05-04 16:29:01","action":"change-status","newStatus":"draft","terms":[],"taxonomy":"avhec_catgroup","extraData":[]},"publishpress_future_workflow_manual_trigger":{"enabledWorkflows":[]},"_links":{"self":[{"href":"https:\/\/www.unios.hr\/doktorska\/wp-json\/wp\/v2\/pages\/46","targetHints":{"allow":["GET"]}}],"collection":[{"href":"https:\/\/www.unios.hr\/doktorska\/wp-json\/wp\/v2\/pages"}],"about":[{"href":"https:\/\/www.unios.hr\/doktorska\/wp-json\/wp\/v2\/types\/page"}],"author":[{"embeddable":true,"href":"https:\/\/www.unios.hr\/doktorska\/wp-json\/wp\/v2\/users\/24"}],"replies":[{"embeddable":true,"href":"https:\/\/www.unios.hr\/doktorska\/wp-json\/wp\/v2\/comments?post=46"}],"version-history":[{"count":4,"href":"https:\/\/www.unios.hr\/doktorska\/wp-json\/wp\/v2\/pages\/46\/revisions"}],"predecessor-version":[{"id":2027,"href":"https:\/\/www.unios.hr\/doktorska\/wp-json\/wp\/v2\/pages\/46\/revisions\/2027"}],"up":[{"embeddable":true,"href":"https:\/\/www.unios.hr\/doktorska\/wp-json\/wp\/v2\/pages\/32"}],"wp:featuredmedia":[{"embeddable":true,"href":"https:\/\/www.unios.hr\/doktorska\/wp-json\/wp\/v2\/media\/357"}],"wp:attachment":[{"href":"https:\/\/www.unios.hr\/doktorska\/wp-json\/wp\/v2\/media?parent=46"}],"wp:term":[{"taxonomy":"author","embeddable":true,"href":"https:\/\/www.unios.hr\/doktorska\/wp-json\/wp\/v2\/coauthors?post=46"}],"curies":[{"name":"wp","href":"https:\/\/api.w.org\/{rel}","templated":true}]}}