{"id":58,"date":"2016-03-08T13:02:45","date_gmt":"2016-03-08T12:02:45","guid":{"rendered":"https:\/\/www.unios.hr\/doktorska\/?page_id=58"},"modified":"2020-03-03T10:11:47","modified_gmt":"2020-03-03T09:11:47","slug":"doktorski-studij-kulturologije-o-studiju","status":"publish","type":"page","link":"https:\/\/www.unios.hr\/doktorska\/studiji-doktorske-skole\/doktorski-studij-kulturologije\/doktorski-studij-kulturologije-o-studiju\/","title":{"rendered":"O studiju"},"content":{"rendered":"<h4><strong>Naziv studija:<\/strong><\/h4>\n<p>Poslijediplomski interdisciplinarni sveu\u010dili\u0161ni studij Kulturologija sa smjerovima:<\/p>\n<div class=\"su-list su-list-13\" style=\"margin-left:0px\">\n<ul>\n<li><i class=\"sui sui-arrow-right\" style=\"color:#36577f\"><\/i> Kultura, umjetnost i knji\u017eevnost u europskom kontekstu<\/li>\n<li><i class=\"sui sui-arrow-right\" style=\"color:#36577f\"><\/i> Informacija i komunikacija u kulturi s dva modula:<br \/>\nModul: Informacijske znanosti &#8211; knji\u017eni\u010darstvo<br \/>\nModul: Medijska kultura &#8211; istra\u017eivanje medija<\/li>\n<li><i class=\"sui sui-arrow-right\" style=\"color:#36577f\"><\/i> Menad\u017ement u kulturi, umjetnosti i obrazovanju<\/li>\n<\/ul>\n<\/div>\n<div class=\"su-spacer\" style=\"height:20px\"><\/div>\n<h4><strong>Znanstveno ili umjetni\u010dko podru\u010dje:<\/strong><\/h4>\n<p style=\"text-align: justify;\">Dru\u0161tvene znanosti,\u00a0 Humanisti\u010dke znanosti.\u00a0Umjetni\u010dko podru\u010dje,\u00a0 Interdisciplinarna podru\u010dja znanosti, Interdisciplinarna podru\u010dja umjetnosti.<\/p>\n<div class=\"su-spacer\" style=\"height:20px\"><\/div>\n<h4><strong>Znanstveno ili umjetni\u010dko polje:<\/strong><\/h4>\n<p style=\"text-align: justify;\">Ekonomija, Informacijske i komunikacijske znanosti,\u00a0Interdisciplinarne dru\u0161tvene znanosti, Filozofija, Filologija, Povijest, Povijest umjetnosti, Znanost o umjetnosti, Interdisciplinarne humanisti\u010dke znanosti, Knji\u017eevnost, Interdisciplinarno umjetni\u010dko polje.<\/p>\n<div class=\"su-spacer\" style=\"height:20px\"><\/div>\n<h4><strong>Akademski stupanj koji se stje\u010de zavr\u0161etkom studija:<\/strong><\/h4>\n<p style=\"text-align: justify;\">Zavr\u0161etkom studija stje\u010de se akademski stupanj doktora interdisciplinarnih dru\u0161tvenih\/humanisti\u010dkih znanosti ili umjetni\u010dkog podru\u010dja s odgovaraju\u0107im interdisciplinarnim poljem u okviru interdisciplinarnog dru\u0161tvenog \/ humanisti\u010dkog podru\u010dja odnosno interdisciplinarno podru\u010dje umjetnosti s pripadaju\u0107im poljem ovisno o smjeru.<\/p>\n","protected":false},"excerpt":{"rendered":"<p>Naziv studija: Poslijediplomski interdisciplinarni sveu\u010dili\u0161ni studij Kulturologija sa smjerovima: Znanstveno ili umjetni\u010dko podru\u010dje: Dru\u0161tvene znanosti,\u00a0 Humanisti\u010dke znanosti.\u00a0Umjetni\u010dko podru\u010dje,\u00a0 Interdisciplinarna podru\u010dja znanosti, Interdisciplinarna podru\u010dja umjetnosti. Znanstveno ili umjetni\u010dko polje: Ekonomija, Informacijske i komunikacijske znanosti,\u00a0Interdisciplinarne dru\u0161tvene znanosti, Filozofija, Filologija, Povijest, Povijest umjetnosti, Znanost o umjetnosti, Interdisciplinarne humanisti\u010dke znanosti, Knji\u017eevnost, Interdisciplinarno umjetni\u010dko polje. Akademski stupanj koji se stje\u010de zavr\u0161etkom studija: Zavr\u0161etkom studija stje\u010de se akademski stupanj doktora interdisciplinarnih dru\u0161tvenih\/humanisti\u010dkih znanosti ili umjetni\u010dkog podru\u010dja s odgovaraju\u0107im interdisciplinarnim poljem u okviru interdisciplinarnog dru\u0161tvenog \/ humanisti\u010dkog podru\u010dja odnosno interdisciplinarno podru\u010dje umjetnosti s pripadaju\u0107im poljem ovisno o smjeru.<\/p>\n","protected":false},"author":24,"featured_media":357,"parent":36,"menu_order":10,"comment_status":"closed","ping_status":"closed","template":"","meta":{"_monsterinsights_skip_tracking":false,"_monsterinsights_sitenote_active":false,"_monsterinsights_sitenote_note":"","_monsterinsights_sitenote_category":0,"ngg_post_thumbnail":0,"footnotes":"","_links_to":"","_links_to_target":""},"coauthors":[19,21],"class_list":["post-58","page","type-page","status-publish","has-post-thumbnail","hentry"],"publishpress_future_action":{"enabled":false,"date":"2026-04-28 22:22:21","action":"change-status","newStatus":"draft","terms":[],"taxonomy":"avhec_catgroup","extraData":[]},"publishpress_future_workflow_manual_trigger":{"enabledWorkflows":[]},"_links":{"self":[{"href":"https:\/\/www.unios.hr\/doktorska\/wp-json\/wp\/v2\/pages\/58","targetHints":{"allow":["GET"]}}],"collection":[{"href":"https:\/\/www.unios.hr\/doktorska\/wp-json\/wp\/v2\/pages"}],"about":[{"href":"https:\/\/www.unios.hr\/doktorska\/wp-json\/wp\/v2\/types\/page"}],"author":[{"embeddable":true,"href":"https:\/\/www.unios.hr\/doktorska\/wp-json\/wp\/v2\/users\/24"}],"replies":[{"embeddable":true,"href":"https:\/\/www.unios.hr\/doktorska\/wp-json\/wp\/v2\/comments?post=58"}],"version-history":[{"count":3,"href":"https:\/\/www.unios.hr\/doktorska\/wp-json\/wp\/v2\/pages\/58\/revisions"}],"predecessor-version":[{"id":364,"href":"https:\/\/www.unios.hr\/doktorska\/wp-json\/wp\/v2\/pages\/58\/revisions\/364"}],"up":[{"embeddable":true,"href":"https:\/\/www.unios.hr\/doktorska\/wp-json\/wp\/v2\/pages\/36"}],"wp:featuredmedia":[{"embeddable":true,"href":"https:\/\/www.unios.hr\/doktorska\/wp-json\/wp\/v2\/media\/357"}],"wp:attachment":[{"href":"https:\/\/www.unios.hr\/doktorska\/wp-json\/wp\/v2\/media?parent=58"}],"wp:term":[{"taxonomy":"author","embeddable":true,"href":"https:\/\/www.unios.hr\/doktorska\/wp-json\/wp\/v2\/coauthors?post=58"}],"curies":[{"name":"wp","href":"https:\/\/api.w.org\/{rel}","templated":true}]}}