{"id":69,"date":"2016-03-08T13:08:23","date_gmt":"2016-03-08T12:08:23","guid":{"rendered":"https:\/\/www.unios.hr\/doktorska\/?page_id=69"},"modified":"2020-03-03T10:12:52","modified_gmt":"2020-03-03T09:12:52","slug":"doktorski-studij-komunikologije-o-studiju","status":"publish","type":"page","link":"https:\/\/www.unios.hr\/doktorska\/studiji-doktorske-skole\/doktorski-studij-komunikologije\/doktorski-studij-komunikologije-o-studiju\/","title":{"rendered":"O studiju"},"content":{"rendered":"<h4><strong>Naziv studija:<\/strong><\/h4>\n<p>Poslijediplomski interdisciplinarni sveu\u010dili\u0161ni studij Komunikologija<\/p>\n<div class=\"su-spacer\" style=\"height:20px\"><\/div>\n<h4><strong>Znanstveno podru\u010dje:<\/strong><\/h4>\n<p style=\"text-align: justify;\">Dru\u0161tvene znanosti.<\/p>\n<div class=\"su-spacer\" style=\"height:20px\"><\/div>\n<h4><strong>Znanstveno polje:<\/strong><\/h4>\n<p style=\"text-align: justify;\">Informacijske i komunikacijske znanosti.<\/p>\n<div class=\"su-spacer\" style=\"height:20px\"><\/div>\n<h4><strong>Akademski stupanj koji se stje\u010de zavr\u0161etkom studija:<\/strong><\/h4>\n<p style=\"text-align: justify;\">Zavr\u0161etkom studija stje\u010de se akademski stupanj doktora dru\u0161tvenih znanosti iz podru\u010dja dru\u0161tvenih znanosti i polja informacijskih i komunikacijskih znanosti. Pritom student stje\u010de kompetencije za samostalno znanstveno-istra\u017eiva\u010dko djelovanje u mati\u010dnom znanstvenom podru\u010dju i polju.<\/p>\n<div class=\"su-spacer\" style=\"height:40px\"><\/div>\n<p>U prilogu mo\u017eete preuzeti kratke opise kolegija.<\/p>\n<div class=\"su-list su-list-13\" style=\"margin-left:0px\">\n<ul>\n<li><i class=\"sui sui-arrow-right\" style=\"color:#36577f\"><\/i> <a href=\"\/doktorska\/wp-content\/uploads\/sites\/7\/2016\/03\/PDS-Komunikologija-kratak-opis-kolegija.pdf\">PDS Komunikologija &#8211; kratak opis kolegija<\/a><\/li>\n<\/ul>\n<\/div>\n","protected":false},"excerpt":{"rendered":"<p>Naziv studija: Poslijediplomski interdisciplinarni sveu\u010dili\u0161ni studij Komunikologija Znanstveno podru\u010dje: Dru\u0161tvene znanosti. Znanstveno polje: Informacijske i komunikacijske znanosti. Akademski stupanj koji se stje\u010de zavr\u0161etkom studija: Zavr\u0161etkom studija stje\u010de se akademski stupanj doktora dru\u0161tvenih znanosti iz podru\u010dja dru\u0161tvenih znanosti i polja informacijskih i komunikacijskih znanosti. Pritom student stje\u010de kompetencije za samostalno znanstveno-istra\u017eiva\u010dko djelovanje u mati\u010dnom znanstvenom podru\u010dju i polju. U prilogu mo\u017eete preuzeti kratke opise kolegija.<\/p>\n","protected":false},"author":24,"featured_media":357,"parent":38,"menu_order":10,"comment_status":"closed","ping_status":"closed","template":"","meta":{"_monsterinsights_skip_tracking":false,"_monsterinsights_sitenote_active":false,"_monsterinsights_sitenote_note":"","_monsterinsights_sitenote_category":0,"ngg_post_thumbnail":0,"footnotes":"","_links_to":"","_links_to_target":""},"coauthors":[19,21],"class_list":["post-69","page","type-page","status-publish","has-post-thumbnail","hentry"],"publishpress_future_action":{"enabled":false,"date":"2026-05-13 00:51:39","action":"change-status","newStatus":"draft","terms":[],"taxonomy":"avhec_catgroup","extraData":[]},"publishpress_future_workflow_manual_trigger":{"enabledWorkflows":[]},"_links":{"self":[{"href":"https:\/\/www.unios.hr\/doktorska\/wp-json\/wp\/v2\/pages\/69","targetHints":{"allow":["GET"]}}],"collection":[{"href":"https:\/\/www.unios.hr\/doktorska\/wp-json\/wp\/v2\/pages"}],"about":[{"href":"https:\/\/www.unios.hr\/doktorska\/wp-json\/wp\/v2\/types\/page"}],"author":[{"embeddable":true,"href":"https:\/\/www.unios.hr\/doktorska\/wp-json\/wp\/v2\/users\/24"}],"replies":[{"embeddable":true,"href":"https:\/\/www.unios.hr\/doktorska\/wp-json\/wp\/v2\/comments?post=69"}],"version-history":[{"count":4,"href":"https:\/\/www.unios.hr\/doktorska\/wp-json\/wp\/v2\/pages\/69\/revisions"}],"predecessor-version":[{"id":2032,"href":"https:\/\/www.unios.hr\/doktorska\/wp-json\/wp\/v2\/pages\/69\/revisions\/2032"}],"up":[{"embeddable":true,"href":"https:\/\/www.unios.hr\/doktorska\/wp-json\/wp\/v2\/pages\/38"}],"wp:featuredmedia":[{"embeddable":true,"href":"https:\/\/www.unios.hr\/doktorska\/wp-json\/wp\/v2\/media\/357"}],"wp:attachment":[{"href":"https:\/\/www.unios.hr\/doktorska\/wp-json\/wp\/v2\/media?parent=69"}],"wp:term":[{"taxonomy":"author","embeddable":true,"href":"https:\/\/www.unios.hr\/doktorska\/wp-json\/wp\/v2\/coauthors?post=69"}],"curies":[{"name":"wp","href":"https:\/\/api.w.org\/{rel}","templated":true}]}}