{"id":73,"date":"2016-03-08T13:09:15","date_gmt":"2016-03-08T12:09:15","guid":{"rendered":"https:\/\/www.unios.hr\/doktorska\/?page_id=73"},"modified":"2020-03-03T10:13:00","modified_gmt":"2020-03-03T09:13:00","slug":"doktorski-studij-komunikologije-vodic-kroz-studij","status":"publish","type":"page","link":"https:\/\/www.unios.hr\/doktorska\/studiji-doktorske-skole\/doktorski-studij-komunikologije\/doktorski-studij-komunikologije-vodic-kroz-studij\/","title":{"rendered":"Vodi\u010d kroz studij"},"content":{"rendered":"<div class=\"su-list su-list-13\" style=\"margin-left:0px\">\n<ul>\n<li><i class=\"sui sui-arrow-right\" style=\"color:#36577f\"><\/i> <a href=\"\/doktorska\/wp-content\/uploads\/sites\/7\/2016\/03\/Komunikologija-Vodic.pdf\">Vodi\u010d za studente poslijediplomskog sveu\u010dili\u0161nog studija &#8220;Komunikologija&#8221;<\/a><\/li>\n<\/ul>\n<\/div>\n","protected":false},"excerpt":{"rendered":"","protected":false},"author":24,"featured_media":357,"parent":38,"menu_order":20,"comment_status":"closed","ping_status":"closed","template":"","meta":{"_monsterinsights_skip_tracking":false,"_monsterinsights_sitenote_active":false,"_monsterinsights_sitenote_note":"","_monsterinsights_sitenote_category":0,"ngg_post_thumbnail":0,"footnotes":"","_links_to":"","_links_to_target":""},"coauthors":[19,21],"class_list":["post-73","page","type-page","status-publish","has-post-thumbnail","hentry"],"publishpress_future_action":{"enabled":false,"date":"2026-04-28 14:27:36","action":"change-status","newStatus":"draft","terms":[],"taxonomy":"avhec_catgroup","extraData":[]},"publishpress_future_workflow_manual_trigger":{"enabledWorkflows":[]},"_links":{"self":[{"href":"https:\/\/www.unios.hr\/doktorska\/wp-json\/wp\/v2\/pages\/73","targetHints":{"allow":["GET"]}}],"collection":[{"href":"https:\/\/www.unios.hr\/doktorska\/wp-json\/wp\/v2\/pages"}],"about":[{"href":"https:\/\/www.unios.hr\/doktorska\/wp-json\/wp\/v2\/types\/page"}],"author":[{"embeddable":true,"href":"https:\/\/www.unios.hr\/doktorska\/wp-json\/wp\/v2\/users\/24"}],"replies":[{"embeddable":true,"href":"https:\/\/www.unios.hr\/doktorska\/wp-json\/wp\/v2\/comments?post=73"}],"version-history":[{"count":3,"href":"https:\/\/www.unios.hr\/doktorska\/wp-json\/wp\/v2\/pages\/73\/revisions"}],"predecessor-version":[{"id":2033,"href":"https:\/\/www.unios.hr\/doktorska\/wp-json\/wp\/v2\/pages\/73\/revisions\/2033"}],"up":[{"embeddable":true,"href":"https:\/\/www.unios.hr\/doktorska\/wp-json\/wp\/v2\/pages\/38"}],"wp:featuredmedia":[{"embeddable":true,"href":"https:\/\/www.unios.hr\/doktorska\/wp-json\/wp\/v2\/media\/357"}],"wp:attachment":[{"href":"https:\/\/www.unios.hr\/doktorska\/wp-json\/wp\/v2\/media?parent=73"}],"wp:term":[{"taxonomy":"author","embeddable":true,"href":"https:\/\/www.unios.hr\/doktorska\/wp-json\/wp\/v2\/coauthors?post=73"}],"curies":[{"name":"wp","href":"https:\/\/api.w.org\/{rel}","templated":true}]}}