{"id":83,"date":"2016-03-08T13:14:36","date_gmt":"2016-03-08T12:14:36","guid":{"rendered":"https:\/\/www.unios.hr\/doktorska\/?page_id=83"},"modified":"2020-03-03T10:14:07","modified_gmt":"2020-03-03T09:14:07","slug":"specijalisticki-europski-studij-o-studiju","status":"publish","type":"page","link":"https:\/\/www.unios.hr\/doktorska\/studiji-doktorske-skole\/specijalisticki-europski-studij\/specijalisticki-europski-studij-o-studiju\/","title":{"rendered":"O studiju"},"content":{"rendered":"<h3>Sveu\u010dili\u0161ni poslijediplomski specijalisti\u010dki interdisciplinarni studij Europski studiji:<br \/>\nRegionalna suradnja i integriranje u Europsku uniju<\/h3>\n<div class=\"su-spacer\" style=\"height:30px\"><\/div>\nProjekt sveu\u010dili\u0161nog poslijediplomskog specijalisti\u010dkog interdisciplinarnog studija Europski studiji &#8211; <em>Regionalna suradnja i integriranje u Europsku<\/em> uniju utemeljen je na vi\u0161egodi\u0161njim istra\u017eivanjima i prvi je poslijediplomski studij u Republici Hrvatskoj koji se bavi tematikom regionalne suradnje u procesu integriranja u EU. Ovaj studij namijenjen je uposlenicima u dr\u017eavnoj i javnoj upravi \u010diji poslovi imaju me\u0111unarodni karakter, te osobama koje rade na poslovima me\u0111unarodnih odnosa, odnosa s javno\u0161\u0107u i protokola. Nastava se odvija u dva semestra, u tre\u0107em semestru se izra\u0111uje specijalisti\u010dki rad. Uspje\u0161nom obranom rada polaznik stje\u010de <em>90 ECTS<\/em> i akademski naziv <em>sveu\u010dili\u0161ni specijalist europskih studija<\/em> (<em>univ. spec. st. eur.<\/em>). Engleska ina\u010dica ovog akademskog naziva je <em>Advanced Master of European Studies<\/em> (<em>AMES<\/em>).<\/p>\n<div class=\"su-spacer\" style=\"height:30px\"><\/div>\n<div class=\"su-list su-list-13\" style=\"margin-left:0px\">\n<ul>\n<li><i class=\"sui sui-arrow-right\" style=\"color:#36577f\"><\/i> <a href=\"https:\/\/www.unios.hr\/regeu\/\">Web stranice studija<\/a><\/li>\n<li><i class=\"sui sui-arrow-right\" style=\"color:#36577f\"><\/i> <a href=\"\/doktorska\/wp-content\/uploads\/sites\/7\/2016\/03\/Natjecaj-regeu-2016.jpg\">Natje\u010daj za upis<\/a><\/li>\n<\/ul>\n<\/div>\n","protected":false},"excerpt":{"rendered":"<p>Sveu\u010dili\u0161ni poslijediplomski specijalisti\u010dki interdisciplinarni studij Europski studiji: Regionalna suradnja i integriranje u Europsku uniju Projekt sveu\u010dili\u0161nog poslijediplomskog specijalisti\u010dkog interdisciplinarnog studija Europski studiji &#8211; Regionalna suradnja i integriranje u Europsku uniju utemeljen je na vi\u0161egodi\u0161njim istra\u017eivanjima i prvi je poslijediplomski studij u Republici Hrvatskoj koji se bavi tematikom regionalne suradnje u procesu integriranja u EU. Ovaj studij namijenjen je uposlenicima u dr\u017eavnoj i javnoj upravi \u010diji poslovi imaju me\u0111unarodni karakter, te osobama koje rade na poslovima me\u0111unarodnih odnosa, odnosa s javno\u0161\u0107u i protokola. Nastava se odvija u dva semestra, u tre\u0107em semestru se izra\u0111uje specijalisti\u010dki rad. Uspje\u0161nom obranom rada polaznik stje\u010de 90 [&hellip;]<\/p>\n","protected":false},"author":24,"featured_media":357,"parent":40,"menu_order":10,"comment_status":"closed","ping_status":"closed","template":"","meta":{"_monsterinsights_skip_tracking":false,"_monsterinsights_sitenote_active":false,"_monsterinsights_sitenote_note":"","_monsterinsights_sitenote_category":0,"ngg_post_thumbnail":0,"footnotes":"","_links_to":"","_links_to_target":""},"coauthors":[19,21],"class_list":["post-83","page","type-page","status-publish","has-post-thumbnail","hentry"],"publishpress_future_action":{"enabled":false,"date":"2026-05-04 17:47:11","action":"change-status","newStatus":"draft","terms":[],"taxonomy":"avhec_catgroup","extraData":[]},"publishpress_future_workflow_manual_trigger":{"enabledWorkflows":[]},"_links":{"self":[{"href":"https:\/\/www.unios.hr\/doktorska\/wp-json\/wp\/v2\/pages\/83","targetHints":{"allow":["GET"]}}],"collection":[{"href":"https:\/\/www.unios.hr\/doktorska\/wp-json\/wp\/v2\/pages"}],"about":[{"href":"https:\/\/www.unios.hr\/doktorska\/wp-json\/wp\/v2\/types\/page"}],"author":[{"embeddable":true,"href":"https:\/\/www.unios.hr\/doktorska\/wp-json\/wp\/v2\/users\/24"}],"replies":[{"embeddable":true,"href":"https:\/\/www.unios.hr\/doktorska\/wp-json\/wp\/v2\/comments?post=83"}],"version-history":[{"count":5,"href":"https:\/\/www.unios.hr\/doktorska\/wp-json\/wp\/v2\/pages\/83\/revisions"}],"predecessor-version":[{"id":366,"href":"https:\/\/www.unios.hr\/doktorska\/wp-json\/wp\/v2\/pages\/83\/revisions\/366"}],"up":[{"embeddable":true,"href":"https:\/\/www.unios.hr\/doktorska\/wp-json\/wp\/v2\/pages\/40"}],"wp:featuredmedia":[{"embeddable":true,"href":"https:\/\/www.unios.hr\/doktorska\/wp-json\/wp\/v2\/media\/357"}],"wp:attachment":[{"href":"https:\/\/www.unios.hr\/doktorska\/wp-json\/wp\/v2\/media?parent=83"}],"wp:term":[{"taxonomy":"author","embeddable":true,"href":"https:\/\/www.unios.hr\/doktorska\/wp-json\/wp\/v2\/coauthors?post=83"}],"curies":[{"name":"wp","href":"https:\/\/api.w.org\/{rel}","templated":true}]}}