{"id":87,"date":"2016-03-08T13:15:58","date_gmt":"2016-03-08T12:15:58","guid":{"rendered":"https:\/\/www.unios.hr\/doktorska\/?page_id=87"},"modified":"2020-03-03T10:14:28","modified_gmt":"2020-03-03T09:14:28","slug":"specijalisticki-europski-studij-izvedbeni-plan","status":"publish","type":"page","link":"https:\/\/www.unios.hr\/doktorska\/studiji-doktorske-skole\/specijalisticki-europski-studij\/specijalisticki-europski-studij-izvedbeni-plan\/","title":{"rendered":"Izvedbeni plan"},"content":{"rendered":"<div class=\"su-list su-list-13\" style=\"margin-left:0px\">\n<ul>\n<li><i class=\"sui sui-arrow-right\" style=\"color:#36577f\"><\/i> <a href=\"\/wp-content\/uploads\/sites\/7\/2016\/03\/Izvedbeni-regeu-2016.pdf\">Izvedbeni plan nastave &#8211; Sveu\u010dili\u0161ni poslijediplomski specijalisti\u010dki interdisciplinarni studij &#8211; Europski studiji<\/a><\/li>\n<\/ul>\n<\/div>\n","protected":false},"excerpt":{"rendered":"","protected":false},"author":24,"featured_media":357,"parent":40,"menu_order":30,"comment_status":"closed","ping_status":"closed","template":"","meta":{"_monsterinsights_skip_tracking":false,"_monsterinsights_sitenote_active":false,"_monsterinsights_sitenote_note":"","_monsterinsights_sitenote_category":0,"ngg_post_thumbnail":0,"footnotes":"","_links_to":"","_links_to_target":""},"coauthors":[19,21],"class_list":["post-87","page","type-page","status-publish","has-post-thumbnail","hentry"],"publishpress_future_action":{"enabled":false,"date":"2026-05-04 23:08:35","action":"change-status","newStatus":"draft","terms":[],"taxonomy":"avhec_catgroup","extraData":[]},"publishpress_future_workflow_manual_trigger":{"enabledWorkflows":[]},"_links":{"self":[{"href":"https:\/\/www.unios.hr\/doktorska\/wp-json\/wp\/v2\/pages\/87","targetHints":{"allow":["GET"]}}],"collection":[{"href":"https:\/\/www.unios.hr\/doktorska\/wp-json\/wp\/v2\/pages"}],"about":[{"href":"https:\/\/www.unios.hr\/doktorska\/wp-json\/wp\/v2\/types\/page"}],"author":[{"embeddable":true,"href":"https:\/\/www.unios.hr\/doktorska\/wp-json\/wp\/v2\/users\/24"}],"replies":[{"embeddable":true,"href":"https:\/\/www.unios.hr\/doktorska\/wp-json\/wp\/v2\/comments?post=87"}],"version-history":[{"count":3,"href":"https:\/\/www.unios.hr\/doktorska\/wp-json\/wp\/v2\/pages\/87\/revisions"}],"predecessor-version":[{"id":2036,"href":"https:\/\/www.unios.hr\/doktorska\/wp-json\/wp\/v2\/pages\/87\/revisions\/2036"}],"up":[{"embeddable":true,"href":"https:\/\/www.unios.hr\/doktorska\/wp-json\/wp\/v2\/pages\/40"}],"wp:featuredmedia":[{"embeddable":true,"href":"https:\/\/www.unios.hr\/doktorska\/wp-json\/wp\/v2\/media\/357"}],"wp:attachment":[{"href":"https:\/\/www.unios.hr\/doktorska\/wp-json\/wp\/v2\/media?parent=87"}],"wp:term":[{"taxonomy":"author","embeddable":true,"href":"https:\/\/www.unios.hr\/doktorska\/wp-json\/wp\/v2\/coauthors?post=87"}],"curies":[{"name":"wp","href":"https:\/\/api.w.org\/{rel}","templated":true}]}}