{"id":17853,"date":"2016-04-08T10:30:59","date_gmt":"2016-04-08T08:30:59","guid":{"rendered":"https:\/\/www.unios.hr\/en\/cooperation\/international-cooperation\/erasmus\/other-useful-information\/"},"modified":"2024-01-09T15:01:01","modified_gmt":"2024-01-09T14:01:01","slug":"other-useful-information","status":"publish","type":"page","link":"https:\/\/www.unios.hr\/en\/cooperation\/international-cooperation\/erasmus\/other-useful-information\/","title":{"rendered":"Other useful information"},"content":{"rendered":"<p><img loading=\"lazy\" decoding=\"async\" class=\"size-medium wp-image-11741 alignleft\" src=\"https:\/\/www.unios.hr\/wp-content\/uploads\/2015\/11\/ESN-OSIJEK-novi-LOGO.png\" alt=\"ESN_OS_1\" width=\"300\" height=\"290\" \/><strong>Erasmus Student Network &#8211; ESN<\/strong><\/p>\n<p style=\"text-align: justify\">If you wish so, you will be appointed one UNIOS home student to be your Erasmus friend, who will help you accommodate and adjust yourself to new living and studying environment more quickly.<\/p>\n<p style=\"text-align: justify\">Your Erasmus friend will give you all information about everyday student life in Osijek or \u0110akovo, and about other practicalities during your preparations for coming to UNIOS, as well as during your stay at UNIOS.<\/p>\n<p style=\"text-align: justify\">Contact of ESN OSIJEK: <a href=\"mailto:esn.osijek@gmail.com\">info@esnosijek.hr<\/a><\/p>\n<p style=\"text-align: justify\"><a href=\"https:\/\/www.facebook.com\/ESNOsijek\">https:\/\/www.facebook.com\/ESNOsijek<\/a><\/p>\n<p style=\"text-align: justify\"><div class=\"su-spacer\" style=\"height:20px\"><\/div>\n<a href=\"http:\/\/www.studyincroatia.hr\/\" rel=\"attachment wp-att-11718\"><img loading=\"lazy\" decoding=\"async\" class=\"size-full wp-image-11718 alignleft\" src=\"https:\/\/www.unios.hr\/wp-content\/uploads\/2016\/04\/Study_in_Croatia_logo.jpg\" alt=\"Study_in_Croatia_logo\" width=\"257\" height=\"111\" srcset=\"https:\/\/www.unios.hr\/wp-content\/uploads\/2016\/04\/Study_in_Croatia_logo-255x110.jpg 255w, https:\/\/www.unios.hr\/wp-content\/uploads\/2016\/04\/Study_in_Croatia_logo.jpg 257w\" sizes=\"auto, (max-width: 257px) 100vw, 257px\" \/><\/a><b>Internet Portal <a title=\"\" href=\"http:\/\/www.studyincroatia.hr\/\" target=\"\" rel=\"noopener\">Study in Croatia<\/a> <\/b><b>contains general information about staying and studying in Croatia.<\/b><div class=\"su-spacer\" style=\"height:20px\"><\/div>\n<p><b>Croatian Public holidays<\/b><br \/>\nNew Year&#8217;s Day: January 1<br \/>\nEpiphany \u2013 The Three Kings:\u00a0January 6<br \/>\nEaster and Easter Monday:\u00a0March or April<br \/>\nLabor Day:\u00a0May 1<br \/>\nCorpus Christi:\u00a0June<br \/>\nAnti-fascism Day:\u00a0June 22<br \/>\nNational Day (Dan dr\u017eavnosti):\u00a0June 25<br \/>\nNational Thanksgiving Day:\u00a0August 5<br \/>\nAssumption of Our Lady:\u00a0August 15<br \/>\nIndependence Day:\u00a0October 8<br \/>\nAll Saints\u2019 Day:\u00a0November 1<br \/>\nChristmas:\u00a0December 25, 26<\/p>\n<div class=\"su-spacer\" style=\"height:20px\"><\/div>\n<p style=\"text-align: justify\"><strong>Postal and Telephone Services<\/strong><\/p>\n<p style=\"text-align: justify\">Most post offices in the city center are open Monday to Friday, from 7 a.m. to 18 p.m., and Saturdays from 7 a.m. to 1 p.m.\u00a0 Post stamps can be bought at post offices or at kiosks.<\/p>\n<p style=\"text-align: justify\">The international telephone access code for Croatia is +385. The area code for Osijek is 031. Omit 0 (zero) in 031 when dialing from abroad.\u00a0For international calls, you can call either from the post office or public telephone booths. Croatia is currently hosting many GSM networks, of which T-Mobile Croatia (network code 098), A1 (network code 091), TOMATO (network code 092), TELEMACH (network code 095) and BONBON (network code 097) are the most used.\u00a0Pre-paid mobile services are provided by all these operators.<\/p>\n<div class=\"su-spacer\" style=\"height:20px\"><\/div>\n<strong>Important telephone numbers<br \/>\n<\/strong>Emergency alert:\u00a0112<br \/>\nPolice:\u00a0192<br \/>\nFire brigade:\u00a0193<br \/>\nAmbulance:\u00a0194<br \/>\nInformation center:\u00a09985<br \/>\nRoad assistance (HAK):\u00a09987<br \/>\nTaxi: 205-205<br \/>\nInformation service for calls within Croatia:<br \/>\n&#8211; railway: 060 33 34 44<br \/>\n&#8211; bus:\u00a0060 33 44 66<strong>; <\/strong>072 500 400<strong><br \/>\n<\/strong><\/p>\n<p style=\"text-align: justify\"><div class=\"su-spacer\" style=\"height:20px\"><\/div>\n<strong>Money<\/strong><\/p>\n<p>As of 01 January 2023, official currency of Croatia is the euro (EUR). The euro replaced the former currency, the kuna (HRK), by applying official exchange rate 1 EUR = 7.5345 HRK. During the transition period in 2023, all prices in Croatia will be displayed both in euro and in kuna. Euro banknotes are issued in the following denominations: 5, 10, 20, 50, 100, 200, 500 EUR. The euro coins comprise eight denominations: 1, 2, 5, 10, 20 and 50 cent, and 1 and 2 EUR. The euro coins have a common side and a national side. Croatian euro coins have the motifs: geographical map of Croatia, a marten, Nikola Tesla, and the Glagolitic script.<\/p>\n<p style=\"text-align: justify\">Cash can be withdrawn from ATM machines with internationally valid debit cards.<\/p>\n<p>Credit cards<\/p>\n<p style=\"text-align: justify\">Most restaurants and shops accept all major credit cards (American Express, Diners, Eurocard\/Mastercard, Visa). Foreign currency can be exchanged in banks, exchange offices, post offices and in most tourist agencies and hotels.<\/p>\n<p style=\"text-align: justify\"><div class=\"su-spacer\" style=\"height:20px\"><\/div>\n<strong>Pharmacies<\/strong><\/p>\n<p style=\"text-align: justify\">Pharmacies in Osijek are located in all city parts. They are open all day long, usually from from 8 a.m. until 8 p.m. Pharmacies at two locations (at the main city square Trg Ante Star\u010devi\u0107a and in the Main Medical Center located in Park k. P. Kre\u0161imira IV) are open 24 hours a day.<\/p>\n<p style=\"text-align: justify\"><div class=\"su-spacer\" style=\"height:20px\"><\/div><b><br \/>\nShops<\/b><\/p>\n<p style=\"text-align: justify\">Shops, local groceries and shopping centres are open Monday to Saturday usually from 8 a.m. to 8 p.m., and on Sundays until 1 p.m. Shopping centres (malls) are open Monday &#8211; Sunday from 9 am until 9 pm.<\/p>\n<p style=\"text-align: justify\"><div class=\"su-spacer\" style=\"height:20px\"><\/div><b><br \/>\nMore about Croatia as a new EU member country:<\/b> <a title=\"\" href=\"http:\/\/croatia.eu\/index.php?lang=2\" target=\"\" rel=\"noopener\">www.croatia.eu<\/a><\/p>\n<p><a href=\"http:\/\/croatia.eu\/index.php?lang=2\" rel=\"attachment wp-att-11722\"><img loading=\"lazy\" decoding=\"async\" class=\"alignnone size-full wp-image-11722\" src=\"https:\/\/www.unios.hr\/wp-content\/uploads\/2016\/04\/Hrvatska_EU_logo.jpg\" alt=\"Hrvatska_EU_logo\" width=\"200\" height=\"147\" \/><\/a><\/p>\n<div class=\"su-spacer\" style=\"height:30px\"><\/div>\n<h3>About Croatia<\/h3>\n<p style=\"text-align: justify\">The Republic of Croatia is an independent country in South Eastern Europe with its capital in Zagreb. Having a population of over 4.5 million, Croatia lies at the Eastern coast of the Adriatic Sea with its hinterland stretching to the slopes of the Alps and deep into the Pannonian lowlands, to the banks of the Danube and Drava Rivers. It consists of three geographic regions: the Mediterranean, the Mountainous and the Pannonian region. In the west of the country Croatia borders on the Italian Adriatic, in the northwest and north on Slovenia, in the north and northeast on Hungary. In the east it borders on the Province of Vojvodina (within Serbia), in the south on Bosnia and Herzegovina, and in the far south on Montenegro.<\/p>\n<p style=\"text-align: justify\">Though a small country, Croatia is defined by diverse cultural influences that resulted in distinctive <a href=\"http:\/\/www.cnn.com\/TRAVEL\/DESTINATIONS\/9703\/croatia.overview\/mainframe\/architecture.html\">architecture<\/a> and a rich stew of traditions. It is well known by its beautiful Adriatic coast, however, traditional atmosphere as well as the beauty of the landscape can be observed in the continental Eastern region of our country, named Slavonia and Baranja. Osijek is the capital of Slavonia and Baranja. A convenient geographical location on the rivers of Drava and Danube makes Osijek a political, cultural, educational and industrial centre.<\/p>\n<p style=\"text-align: justify\"><div class=\"su-spacer\" style=\"height:20px\"><\/div>\n<b>Time zone<\/b><\/p>\n<p style=\"text-align: justify\"><span lang=\"EN-US\">Croatia<\/span><span lang=\"EN-US\"> is one hour ahead of Greenwich Mean Time (GMT), 6 hours ahead of New York and Montreal, 9 hours ahead of Los Angeles, 4 hours ahead of Sao Paulo, 2 hours behind Moscow, and 8 hours behind Tokyo. Daylight saving time is observed from late March to late October, during which time the clocks are advanced one hour.<\/span><\/p>\n<p style=\"text-align: justify\"><div class=\"su-spacer\" style=\"height:20px\"><\/div>\n<strong>Climate<\/strong><\/p>\n<p style=\"text-align: justify\">Continental Croatia has a continental climate, while the Adriatic coast has a Mediterranean climate. In the continental area, where Osijek is situated, spring and autumn are mild, summer is usually hot, while winter can be cold and snowy.<\/p>\n<p style=\"text-align: justify\"><div class=\"su-spacer\" style=\"height:20px\"><\/div>\n<strong>Customs<\/strong><\/p>\n<p style=\"text-align: justify\">Custom duties are not paid on personal objects. Radios, telephones, sporting and professional equipment may be brought into the country after having been registered at the border crossing.<\/p>\n<p style=\"text-align: justify\"><div class=\"su-spacer\" style=\"height:20px\"><\/div>\n<strong>Passports and licenses<\/strong><\/p>\n<p style=\"text-align: justify\">Passports or other identification documents recognized by international agreement are required to enter the country. A driving license, traffic license and the relevant insurance documents (except for countries that have other regulations) are necessary for entry into Croatia with a vehicle.<strong><br \/>\n<\/strong><\/p>\n<p style=\"text-align: justify\"><div class=\"su-spacer\" style=\"height:20px\"><\/div>\n<strong>Electricity<\/strong><\/p>\n<p style=\"text-align: justify\">Electrical current is 220 volts AC, 50 Hz. Most plugs have two round pins. So, if you wish to operate personal electric or electronic items that are not compatible with our electrical system, you should bring a plug adapter and a transformer.<\/p>\n<p style=\"text-align: justify\"><div class=\"su-spacer\" style=\"height:20px\"><\/div>\nMore about Croatia:<b> <a href=\"http:\/\/www.croatia.hr\/\">www.croatia.hr<\/a>; <a href=\"http:\/\/www.croatiaemb.net\/\">www.croatiaemb.net<\/a><\/b><\/p>\n<div class=\"su-spacer\" style=\"height:30px\"><\/div>\n<h3>The city of Osijek<\/h3>\n<p><strong>Historical Overview<\/strong><\/p>\n<p style=\"text-align: justify\">The history of Osijek goes back to Neolithic times and begins with the first known inhabitants who belonged to the Illyrian tribes. Later on, in 331, the Roman emperor Hadrian raised the old settlement of Mursa to a colony with special privileges. After that, Mursa had a turbulent history, with a lot of decisive battles that took place here, deciding the destiny of the whole region. After migrating, the Croats made a settlement near the ruins of Mursa, giving it its present name, Osijek. The first precise mention of this name can be found in the Papal list from 1332, with a precise mention of Osijek parish. Life was thriving here in the Middle Ages, but only traces of that life can be found today, because the Turks destroyed everything they found and built a town to suit their style. The Turks built several important buildings and mosques here, including Suleiman the Magnificent\u2019s famous 8 km-long wooden bridge, considered to be one of the wonders of the world. After liberation from the Turks in 1687, Osijek was once again completely devastated. Between 1712 and 1721, the new Austrian authorities built a new fortress, today known as Tvr\u0111a. It is a unique urban and military complex that lies in the heart of the town. Its central <em>Holy Trinity Square<\/em> is bound on the north by the <em>Building of the Military Command<\/em>, today the seat of the Rector and the Agricultural Faculty. On the west there is the <em>Main<\/em><em> Guard Building,<\/em> and on the east the <em>Magistrate Building<\/em>, presently the Museum of Slavonia. In the middle, there is a <em>Plague<\/em><em> Monument<\/em>, erected in 1729.<\/p>\n<p style=\"text-align: justify\">The three parts of the town, the Lower Town, Tvr\u0111a, and the Upper Town were united in 1786, and Osijek became the administrative centre of the Slavonia region. In 1779, a new wooden bridge was built across the Drava River, connecting Osijek with Hungary and the rest of Central Europe. Upper Town became the new business centre of the town.<\/p>\n<p style=\"text-align: justify\">Osijek was heavily damaged during the Homeland War, 1991-1995. The peaceful reintegration of Eastern Slavonia and Baranja was successfully completed, opening the way to the revival of our city and the whole region.<\/p>\n<p style=\"text-align: justify\"><div class=\"su-spacer\" style=\"height:20px\"><\/div>\n<strong>Osijek Today<\/strong><\/p>\n<p>Osijek is the administrative and economic centre of Eastern Croatia, situated on the right bank of the Drava River, 25 km upstream from its mouth into the Danube. Osijek has also convenient geographical location at the crossroads to Hungary, Serbia and Bosnia and Herzegovina, thus being a city of multicultural and multiethnic community.<\/p>\n<p>We&#8217;ll take you on a little walk through the city streets, squares and parks&#8230;<\/p>\n<p>Let&#8217;s start from the center, Ante Star\u010devi\u0107 Square, located in the Upper Town, which is the administrative and business centre of Osijek. Most buildings date from the late 19th and early 20th century. The Concathedral consecrated to St. Peter and Paul is drawing your attention with its impressive size. It was built at the end of the 19th century in the Neo-Gothic style. Bishop Josip Juraj Strossmayer, after whom our University is named, supported its construction.<\/p>\n<p>Other interesting sites are:<br \/>\n<div class=\"su-list su-list-13\" style=\"margin-left:0px\">\n<ul>\n<li><i class=\"sui sui-arrow-right\" style=\"color:#36577f\"><\/i> Kapucinska and \u017dupanijska streets, as the busiest ones in Osijek, fully reveal the urban spirit of the city<\/li>\n<li><i class=\"sui sui-arrow-right\" style=\"color:#36577f\"><\/i> Several city parks, ensuring Osijek\u2019s reputation as \u201cthe green city\u201d<\/li>\n<li><i class=\"sui sui-arrow-right\" style=\"color:#36577f\"><\/i> The Croatian National Theatre, founded in 1907<\/li>\n<li><i class=\"sui sui-arrow-right\" style=\"color:#36577f\"><\/i> The City and University Library building, built in 1905<\/li>\n<li><i class=\"sui sui-arrow-right\" style=\"color:#36577f\"><\/i> The Fine Arts Gallery, built in 1996, both located on Europe Avenue<\/li>\n<li><i class=\"sui sui-arrow-right\" style=\"color:#36577f\"><\/i> The old part of Osijek, Tvr\u0111a, a unique complex where the Rector\u2019s Office and some faculties are situated.<\/li>\n<\/ul>\n<\/div>\n<div class=\"su-spacer\" style=\"height:20px\"><\/div>\n<p><strong>Some Facts about Osijek<\/strong><\/p>\n<div class=\"su-table su-table-alternate\">\n<table>\n<tbody>\n<tr>\n<td>Latitude<\/td>\n<td>45\u00b032\u2019<\/td>\n<\/tr>\n<tr>\n<td>Longitude<\/td>\n<td>18\u00b044\u2019<\/td>\n<\/tr>\n<tr>\n<td colspan=\"2\">90 m above sea level<\/td>\n<\/tr>\n<tr>\n<td>Population<\/td>\n<td>114,616<\/td>\n<\/tr>\n<tr>\n<td>Number of streets in the city<\/td>\n<td>370<\/td>\n<\/tr>\n<tr>\n<td>Number of squares<\/td>\n<td>15<\/td>\n<\/tr>\n<tr>\n<td>Number of city parks<\/td>\n<td>17<\/td>\n<\/tr>\n<\/tbody>\n<\/table>\n<\/div>\n<p>More about Osijek: <a href=\"http:\/\/www.osijek.hr\/\">www.osijek.hr<\/a>; <a href=\"http:\/\/www.tzosijek.hr\/\">www.tzosijek.hr<\/a><\/p>\n<div class=\"su-spacer\" style=\"height:30px\"><\/div>\n<p><strong>OSIJEK\u2019S SURROUNDINGS<\/strong><\/p>\n<p><strong>Baranja<\/strong><\/p>\n<p style=\"text-align: justify\">Baranja, an area bordered by the Drava and the Danube rivers and divided by Croatian-Hungarian state border, is well known by its ethnographic scenery, great wines, hot peppers, fishing, traditional masks &#8211; bu\u0161e, guarding ripening grapes &#8211; pudarine, embroidered motifs of small peacocks on traditional folk costumes &#8211; pauni\u0107i, traditional straw beds, and homemade healthy food. Some dishes one needs to try while visiting Baranja is nettle sauce, clay pot stew, shepherds&#8217; stew or carp between forked branches.<\/p>\n<p style=\"text-align: justify\"><strong>Kopa\u010dki Rit Wetlands<\/strong><\/p>\n<p style=\"text-align: justify\">Kopa\u010dki rit is a protected nature park, a swamp area that is home of different wild animals and very rare birds. Kopa\u010dki rit offers to visitors possibilities to observe rare birds, wild boars or deer, to walk along old forest paths, to ride a boat along the wetland canals and to experience unique beauty of untouched nature.\u00a0More about Baranja and Kopa\u010dki rit: <a href=\"http:\/\/www.tzbaranje.hr\/en\">www.tzbaranje.hr\/en<\/a><\/p>\n<p style=\"text-align: justify\"><div class=\"su-spacer\" style=\"height:20px\"><\/div>\n<p style=\"text-align: justify\"><strong>\u0110akovo<\/strong><\/p>\n<p style=\"text-align: justify\">\u0110akovo is a town of bishops, but it is also a town of traditional ethno festivals <a href=\"http:\/\/www.tz-djakovo.hr\/m_vezovi.php?j=1\">\u0110akova\u010dki vezovi<\/a> and\u00a0<a href=\"http:\/\/www.tz-djakovo.hr\/m_busari.php?j=1\">\u0110akova\u010dki bu\u0161ari<\/a>, both of which are worth seeing.<\/p>\n<p style=\"text-align: justify\">Besides its rich gastronomic offer and great \u0110akovo wines, in the town of \u0110akovo there are many cultural and monumental sights, the most important of which is the St. Peter&#8217;s Cathedral. It is also known as the Strossmayer Cathedral, by the name of the \u0110akovo bishop and Croatian benefactor Josip Juraj Strossmayer, after whom the University of Osijek has been also named. Horse lovers will visit the State Lippizaner Horse Farm, established in 1506.<\/p>\n<p style=\"text-align: justify\">More about \u0110akovo: <a href=\"http:\/\/www.tzdjakovo.eu\/\">www.tzdjakovo.eu<\/a><\/p>\n<p style=\"text-align: justify\"><div class=\"su-spacer\" style=\"height:20px\"><\/div>\n<p style=\"text-align: justify\"><strong>Vukovar<\/strong><\/p>\n<p style=\"text-align: justify\">Vukovar is situated about 30 kilometers to the east of Osijek, where the Vuka River enters the Danube. The city is on the borders of Slavonia and Sirmium regions. Unfortunately, it is widely known by its war sufferings and destruction. Today after years of war Vukovar is revived and rebuilt, and it is offering to visitors a great blend of Danube scenery and historical sites. \u00a0Worth mentioning is the archaeological site of Vu\u010dedol, located along the banks of the Danube, some 5 kilometres downstream from Vukovar. This is one of the most significant sites of the Eneolithic period. This Eneolithic culture was named after its place of origin \u2013 the Vu\u010dedol culture.<\/p>\n<p style=\"text-align: justify\">More about Vukovar: <a href=\"http:\/\/www.turizamvukovar.hr\/\">www.turizamvukovar.hr<\/a><\/p>\n<p style=\"text-align: justify\"><div class=\"su-spacer\" style=\"height:20px\"><\/div>\n<p style=\"text-align: justify\"><strong>Ilok<\/strong><\/p>\n<p style=\"text-align: justify\">Ilok is the easternmost town in Croatia and a place where the East meets the West. It rises above the Danube, surrounded by the slopes of Fru\u0161ka Gora. It is a town of long history with one of the largest urban and fortification complexes of Northern Croatia. However, Ilok is still widely recognized by its vineyards and especially by its wine <em>Traminac<\/em>.<\/p>\n<p style=\"text-align: justify\">More about Ilok: <a href=\"http:\/\/www.turizamilok.hr\/\">www.turizamilok.hr<\/a><\/p>\n","protected":false},"excerpt":{"rendered":"<p>Erasmus Student Network &#8211; ESN If you wish so, you will be appointed one UNIOS home student to be your Erasmus friend, who will help you accommodate and adjust yourself to new living and studying environment more quickly. Your Erasmus friend will give you all information about everyday student life in Osijek or \u0110akovo, and about other practicalities during your preparations for coming to UNIOS, as well as during your stay at UNIOS. Contact of ESN OSIJEK: info@esnosijek.hr https:\/\/www.facebook.com\/ESNOsijek Internet Portal Study in Croatia contains general information about staying and studying in Croatia. Croatian Public holidays New Year&#8217;s Day: January [&hellip;]<\/p>\n","protected":false},"author":33,"featured_media":61020,"parent":5321,"menu_order":100,"comment_status":"closed","ping_status":"closed","template":"","meta":{"om_disable_all_campaigns":false,"_monsterinsights_skip_tracking":false,"_monsterinsights_sitenote_active":false,"_monsterinsights_sitenote_note":"","_monsterinsights_sitenote_category":0,"_uf_show_specific_survey":0,"_uf_disable_surveys":false,"ngg_post_thumbnail":0,"footnotes":"","_links_to":"","_links_to_target":""},"coauthors":[469,475],"class_list":["post-17853","page","type-page","status-publish","has-post-thumbnail","hentry"],"aioseo_notices":[],"publishpress_future_action":{"enabled":false,"date":"2026-05-09 22:09:39","action":"change-status","newStatus":"draft","terms":[],"taxonomy":"avhec_catgroup","extraData":[]},"publishpress_future_workflow_manual_trigger":{"enabledWorkflows":[]},"_links":{"self":[{"href":"https:\/\/www.unios.hr\/en\/wp-json\/wp\/v2\/pages\/17853","targetHints":{"allow":["GET"]}}],"collection":[{"href":"https:\/\/www.unios.hr\/en\/wp-json\/wp\/v2\/pages"}],"about":[{"href":"https:\/\/www.unios.hr\/en\/wp-json\/wp\/v2\/types\/page"}],"author":[{"embeddable":true,"href":"https:\/\/www.unios.hr\/en\/wp-json\/wp\/v2\/users\/33"}],"replies":[{"embeddable":true,"href":"https:\/\/www.unios.hr\/en\/wp-json\/wp\/v2\/comments?post=17853"}],"version-history":[{"count":3,"href":"https:\/\/www.unios.hr\/en\/wp-json\/wp\/v2\/pages\/17853\/revisions"}],"predecessor-version":[{"id":64749,"href":"https:\/\/www.unios.hr\/en\/wp-json\/wp\/v2\/pages\/17853\/revisions\/64749"}],"up":[{"embeddable":true,"href":"https:\/\/www.unios.hr\/en\/wp-json\/wp\/v2\/pages\/5321"}],"wp:featuredmedia":[{"embeddable":true,"href":"https:\/\/www.unios.hr\/en\/wp-json\/wp\/v2\/media\/61020"}],"wp:attachment":[{"href":"https:\/\/www.unios.hr\/en\/wp-json\/wp\/v2\/media?parent=17853"}],"wp:term":[{"taxonomy":"author","embeddable":true,"href":"https:\/\/www.unios.hr\/en\/wp-json\/wp\/v2\/coauthors?post=17853"}],"curies":[{"name":"wp","href":"https:\/\/api.w.org\/{rel}","templated":true}]}}