{"id":5305,"date":"2015-11-19T09:01:39","date_gmt":"2015-11-19T08:01:39","guid":{"rendered":"https:\/\/www.unios.hr\/en\/?page_id=5305"},"modified":"2018-11-09T08:21:30","modified_gmt":"2018-11-09T07:21:30","slug":"international-cooperation","status":"publish","type":"page","link":"https:\/\/www.unios.hr\/en\/cooperation\/international-cooperation\/","title":{"rendered":"International cooperation"},"content":{"rendered":"<div class=\"su-row\">\n<div class=\"su-column su-column-size-2-5\"><div class=\"su-column-inner su-u-clearfix su-u-trim\">\n<h3><span style=\"color: #36577f;\">Cooperation with other higher education institutions in the country or abroad<\/span><\/h3>\n<div class=\"su-spacer\" style=\"height:10px\"><\/div>\n<p style=\"text-align: justify;\">International and inter-institutional cooperation of the University of Osijek is carried out within the activities based on bilateral inter-institutional agreements, international university networks, international scientific and professional research projects of the European Commission, and international activities of student organizations. In addition, cooperation is carried out with the Universities of Zagreb, Split, Rijeka and Zadar, and it is mainly based on the improvement and implementation of joint study programmes and collaboration in scientific research projects.<\/p>\n<\/div><\/div>\n<div class=\"su-column su-column-size-3-5\"><div class=\"su-column-inner su-u-clearfix su-u-trim\">\n<img loading=\"lazy\" decoding=\"async\" class=\"alignnone size-full wp-image-5777 obrub-slika\" src=\"https:\/\/www.unios.hr\/wp-content\/uploads\/2015\/07\/eu.png\" alt=\"eu\" width=\"865\" height=\"778\" srcset=\"https:\/\/www.unios.hr\/wp-content\/uploads\/2015\/07\/eu-255x229.png 255w, https:\/\/www.unios.hr\/wp-content\/uploads\/2015\/07\/eu-300x270.png 300w, https:\/\/www.unios.hr\/wp-content\/uploads\/2015\/07\/eu-1024x920.png 1024w, https:\/\/www.unios.hr\/wp-content\/uploads\/2015\/07\/eu.png 1731w\" sizes=\"auto, (max-width: 865px) 100vw, 865px\" \/><\/p>\n<p style=\"text-align: center; font-size: 10px; text-transform: uppercase; color: #36577f;\">Graphical representation of bilateral cooperation<\/p>\n<\/div><\/div>\n<\/div>\n<p style=\"text-align: justify;\">Since the University of Osijek is one of the promoters of the development of Eastern Croatia, its strategic goals refer to encouraging cross-border cooperation, which is particularly developed in the field of joint international scientific research projects.<\/p>\n<p style=\"text-align: justify;\">International and inter-institutional cooperation of the University of Osijek is carried out within the activities based on 61 bilateral agreements in 25 countries, as well as within activities in the international university networks (European University Association, Danube Rectors&#8217; Conference, Alps Adriatic Rectors&#8217; Conference).<\/p>\n<div class=\"su-spacer\" style=\"height:25px\"><\/div>\n<p><img loading=\"lazy\" decoding=\"async\" class=\"alignnone size-full wp-image-5828 obrub-slika\" src=\"https:\/\/www.unios.hr\/wp-content\/uploads\/2015\/07\/world.png\" alt=\"world\" width=\"1015\" height=\"435\" srcset=\"https:\/\/www.unios.hr\/wp-content\/uploads\/2015\/07\/world-255x109.png 255w, https:\/\/www.unios.hr\/wp-content\/uploads\/2015\/07\/world-300x129.png 300w, https:\/\/www.unios.hr\/wp-content\/uploads\/2015\/07\/world.png 1015w\" sizes=\"auto, (max-width: 1015px) 100vw, 1015px\" \/><\/p>\n<p style=\"text-align: center; font-size: 10px; text-transform: uppercase; color: #36577f;\">Graphical representation of international exchange in the last 5 years<\/p>\n<div class=\"su-spacer\" style=\"height:20px\"><\/div>\n<p style=\"text-align: justify;\">A significant number of professors from the region are involved in teaching at the post-graduate level at the University of Osijek and vice versa.<\/p>\n<p style=\"text-align: justify;\">Within their scientific research activities, the constituent units of the University of Osijek have had long-standing successful cooperation with numerous scientific institutions in the country and abroad: the Ru\u0111er Bo\u0161kovi\u0107 Institute in Zagreb, the Faculty of Science and Andrija \u0160tampar School of Public Health in Zagreb, the Institute for Anthropological Research, the Croatian Academy of Sciences and Arts, the Croatian Veterinary Institute and Naval Institute (Brodarski institut) in Zagreb, the Croatian Historical Institute in Vienna, the European Consortium for the Certificate of Attainment in Modern Languages in P\u00e9cs, Cardiff University, the Universit\u00e4t des Saarlandes, the Max Planck Institute for Dynamics of Complex Technical Systems in Magdeburg, West Virginia University in Morgantown, and University of Texas at Arlington, etc.<\/p>\n<p style=\"text-align: justify;\">We particularly emphasize the participation of all constituent units of the University of Osijek in the Erasmus programme within which the international exchange of students and (non) teaching staff is realized. In the last six years, over four hundred Erasmus Inter-Institutional Agreements have been signed, which provide a solid basis for the development of international cooperation with a tendency to expand to the CEEPUS programme, project cooperation, joint study programmes and the organization of professional and scientific symposiums.<\/p>\n","protected":false},"excerpt":{"rendered":"<p>Since the University of Osijek is one of the promoters of the development of Eastern Croatia, its strategic goals refer to encouraging cross-border cooperation, which is particularly developed in the field of joint international scientific research projects. International and inter-institutional cooperation of the University of Osijek is carried out within the activities based on 61 bilateral agreements in 25 countries, as well as within activities in the international university networks (European University Association, Danube Rectors&#8217; Conference, Alps Adriatic Rectors&#8217; Conference). Graphical representation of international exchange in the last 5 years A significant number of professors from the region are involved [&hellip;]<\/p>\n","protected":false},"author":1,"featured_media":61020,"parent":5303,"menu_order":10,"comment_status":"closed","ping_status":"closed","template":"","meta":{"om_disable_all_campaigns":false,"_monsterinsights_skip_tracking":false,"_monsterinsights_sitenote_active":false,"_monsterinsights_sitenote_note":"","_monsterinsights_sitenote_category":0,"_uf_show_specific_survey":0,"_uf_disable_surveys":false,"ngg_post_thumbnail":0,"footnotes":"","_links_to":"","_links_to_target":""},"coauthors":[459],"class_list":["post-5305","page","type-page","status-publish","has-post-thumbnail","hentry"],"aioseo_notices":[],"publishpress_future_action":{"enabled":false,"date":"2026-04-21 17:23:06","action":"change-status","newStatus":"draft","terms":[],"taxonomy":"avhec_catgroup","extraData":[]},"publishpress_future_workflow_manual_trigger":{"enabledWorkflows":[]},"_links":{"self":[{"href":"https:\/\/www.unios.hr\/en\/wp-json\/wp\/v2\/pages\/5305","targetHints":{"allow":["GET"]}}],"collection":[{"href":"https:\/\/www.unios.hr\/en\/wp-json\/wp\/v2\/pages"}],"about":[{"href":"https:\/\/www.unios.hr\/en\/wp-json\/wp\/v2\/types\/page"}],"author":[{"embeddable":true,"href":"https:\/\/www.unios.hr\/en\/wp-json\/wp\/v2\/users\/1"}],"replies":[{"embeddable":true,"href":"https:\/\/www.unios.hr\/en\/wp-json\/wp\/v2\/comments?post=5305"}],"version-history":[{"count":4,"href":"https:\/\/www.unios.hr\/en\/wp-json\/wp\/v2\/pages\/5305\/revisions"}],"predecessor-version":[{"id":29432,"href":"https:\/\/www.unios.hr\/en\/wp-json\/wp\/v2\/pages\/5305\/revisions\/29432"}],"up":[{"embeddable":true,"href":"https:\/\/www.unios.hr\/en\/wp-json\/wp\/v2\/pages\/5303"}],"wp:featuredmedia":[{"embeddable":true,"href":"https:\/\/www.unios.hr\/en\/wp-json\/wp\/v2\/media\/61020"}],"wp:attachment":[{"href":"https:\/\/www.unios.hr\/en\/wp-json\/wp\/v2\/media?parent=5305"}],"wp:term":[{"taxonomy":"author","embeddable":true,"href":"https:\/\/www.unios.hr\/en\/wp-json\/wp\/v2\/coauthors?post=5305"}],"curies":[{"name":"wp","href":"https:\/\/api.w.org\/{rel}","templated":true}]}}