{"id":5327,"date":"2015-11-19T09:21:21","date_gmt":"2015-11-19T08:21:21","guid":{"rendered":"https:\/\/www.unios.hr\/en\/?page_id=5327"},"modified":"2023-10-02T09:34:20","modified_gmt":"2023-10-02T07:34:20","slug":"contact-information","status":"publish","type":"page","link":"https:\/\/www.unios.hr\/en\/cooperation\/international-cooperation\/contact-information\/","title":{"rendered":"International Relations Office"},"content":{"rendered":"<div class=\"su-row\">\n<div class=\"su-column su-column-size-4-5\">\n<div class=\"su-column-inner su-clearfix\">\n<h5><\/h5>\n<p><strong>Dario Feric,MEcon, dferic@unios.hr<\/strong><br \/>\noutgoing and incoming staff<br \/>\nphone:+385 31 224 126<\/p>\n<p>&nbsp;<\/p>\n<p><strong>Klaudija Kule\u0161evic,AMES, klaudijak@unios.hr<\/strong><br \/>\nincoming students<br \/>\nphone:+385 31 224 125<\/p>\n<p>&nbsp;<\/p>\n<p><strong>Josipa Ple\u0161a,MA, jplesa@unios.hr<\/strong><br \/>\noutgoing students<br \/>\nphone:+385 31 224 171<\/p>\n<p>&nbsp;<\/p>\n<p><strong>Martina \u0160uto,MA, erasmus@unios.hr<\/strong><br \/>\ninternational staff week<\/p>\n<\/div>\n<\/div>\n<\/div>\n","protected":false},"excerpt":{"rendered":"<p>Dario Feric,MEcon, dferic@unios.hr outgoing and incoming staff phone:+385 31 224 126 &nbsp; Klaudija Kule\u0161evic,AMES, klaudijak@unios.hr incoming students phone:+385 31 224 125 &nbsp; Josipa Ple\u0161a,MA, jplesa@unios.hr outgoing students phone:+385 31 224 171 &nbsp; Martina \u0160uto,MA, erasmus@unios.hr international staff week<\/p>\n","protected":false},"author":1,"featured_media":61020,"parent":5305,"menu_order":60,"comment_status":"closed","ping_status":"closed","template":"","meta":{"om_disable_all_campaigns":false,"_monsterinsights_skip_tracking":false,"_monsterinsights_sitenote_active":false,"_monsterinsights_sitenote_note":"","_monsterinsights_sitenote_category":0,"_uf_show_specific_survey":0,"_uf_disable_surveys":false,"ngg_post_thumbnail":0,"footnotes":"","_links_to":"","_links_to_target":""},"coauthors":[459],"class_list":["post-5327","page","type-page","status-publish","has-post-thumbnail","hentry"],"aioseo_notices":[],"publishpress_future_action":{"enabled":false,"date":"2026-05-21 08:51:02","action":"change-status","newStatus":"draft","terms":[],"taxonomy":"avhec_catgroup","extraData":[]},"publishpress_future_workflow_manual_trigger":{"enabledWorkflows":[]},"_links":{"self":[{"href":"https:\/\/www.unios.hr\/en\/wp-json\/wp\/v2\/pages\/5327","targetHints":{"allow":["GET"]}}],"collection":[{"href":"https:\/\/www.unios.hr\/en\/wp-json\/wp\/v2\/pages"}],"about":[{"href":"https:\/\/www.unios.hr\/en\/wp-json\/wp\/v2\/types\/page"}],"author":[{"embeddable":true,"href":"https:\/\/www.unios.hr\/en\/wp-json\/wp\/v2\/users\/1"}],"replies":[{"embeddable":true,"href":"https:\/\/www.unios.hr\/en\/wp-json\/wp\/v2\/comments?post=5327"}],"version-history":[{"count":4,"href":"https:\/\/www.unios.hr\/en\/wp-json\/wp\/v2\/pages\/5327\/revisions"}],"predecessor-version":[{"id":63075,"href":"https:\/\/www.unios.hr\/en\/wp-json\/wp\/v2\/pages\/5327\/revisions\/63075"}],"up":[{"embeddable":true,"href":"https:\/\/www.unios.hr\/en\/wp-json\/wp\/v2\/pages\/5305"}],"wp:featuredmedia":[{"embeddable":true,"href":"https:\/\/www.unios.hr\/en\/wp-json\/wp\/v2\/media\/61020"}],"wp:attachment":[{"href":"https:\/\/www.unios.hr\/en\/wp-json\/wp\/v2\/media?parent=5327"}],"wp:term":[{"taxonomy":"author","embeddable":true,"href":"https:\/\/www.unios.hr\/en\/wp-json\/wp\/v2\/coauthors?post=5327"}],"curies":[{"name":"wp","href":"https:\/\/api.w.org\/{rel}","templated":true}]}}