{"id":5361,"date":"2015-11-19T09:37:28","date_gmt":"2015-11-19T08:37:28","guid":{"rendered":"https:\/\/www.unios.hr\/en\/?page_id=5361"},"modified":"2016-12-13T19:26:44","modified_gmt":"2016-12-13T18:26:44","slug":"events","status":"publish","type":"page","link":"https:\/\/www.unios.hr\/en\/news-and-events\/events\/","title":{"rendered":"Events"},"content":{"rendered":"<div class=\"su-tabs su-tabs-style-default su-tabs-mobile-stack\" data-active=\"1\" data-scroll-offset=\"0\" data-anchor-in-url=\"no\"><div class=\"su-tabs-nav\"><span class=\"\" data-anchor=\"announced\" data-url=\"\" data-target=\"blank\" tabindex=\"0\" role=\"button\">Announced events<\/span><span class=\"\" data-anchor=\"held\" data-url=\"\" data-target=\"blank\" tabindex=\"0\" role=\"button\">Held events<\/span><\/div><div class=\"su-tabs-panes\"><div class=\"su-tabs-pane su-u-clearfix su-u-trim\" data-title=\"Announced events\">\n<script>var ajaxurl = 'https:\/\/www.unios.hr\/wp-admin\/admin-ajax.php';<\/script><link rel=\"stylesheet\" href=\"http:\/\/code.jquery.com\/ui\/1.11.4\/themes\/smoothness\/jquery-ui.css\">\r\n<link rel='stylesheet' id='su-box-shortcodes-css' href='http:\/\/www.unios.hr\/wp-content\/plugins\/shortcodes-ultimate\/assets\/css\/box-shortcodes.css?ver=4.9.8.1' type='text\/css' media='all' \/>\r\n<link rel='stylesheet' id='su-content-shortcodes-css' href='http:\/\/www.unios.hr\/wp-content\/plugins\/shortcodes-ultimate\/assets\/css\/content-shortcodes.css?ver=4.9.8.1' type='text\/css' media='all' \/>\r\n<script>\r\n    jQuery( document ).ready(function() {\r\n        jQuery( \"#lectures_announc_form\").submit(function(e){\r\n            e.preventDefault();\r\n            var form = $(this);\r\n            var post_data = 'action=dohvati_predavanja&'+form.serialize();\r\n            jQuery.post(ajaxurl, post_data, function(response) {\r\n                 jQuery( \"#lectures_announc_data\" ).fadeOut(50, function(){\r\n                        jQuery( \"#lectures_announc_data\" ).html(response).fadeIn().delay(50);\r\n                        jQuery( \"div.su-spoiler-content.su-clearfix\" ).css(\"display\", \"block\"); \/\/ glupi fix jer su ovakvi divovi imali \"style: none\" (?!?!?)\r\n                    });\r\n            });\r\n        });\r\n        jQuery( \"#lectures_announc_form\" ).submit();\r\n    });\r\n<\/script>\r\n<style>\r\n    .su-spoiler {\r\n        margin-bottom: 0em !important;\r\n    }\r\n    .obrub-slika {\r\n        padding: 10px;\r\n    }\r\n    \r\n    .btn-primary {\r\n       background-color: #365780;\r\n       border-color: #365780;\r\n       padding:13px;\r\n       margin-top:31px;\r\n    }\r\n    \r\n    input[type=text] {\r\n      float:left;\r\n      margin-bottom:20px;\r\n      background-color: #365780;\r\n    }    \r\n<\/style>\r\n<div class=\"obrub-slika\">\r\n<form id=\"lectures_announc_form\"><div class=\"row\"><div class=\"col-sm-4\">Title: <input type=\"text\" name=\"title\" id=\"title\"><span id=\"su_tooltip_69f55fc48a772_button\" class=\"su-tooltip-button su-tooltip-button-outline-yes\" aria-describedby=\"su_tooltip_69f55fc48a772\" data-settings='{\"position\":\"top\",\"behavior\":\"hover\",\"hideDelay\":0}' tabindex=\"0\"><span style=\"color: #36577f; margin-right: 20px; margin-left: 5px;\"><strong> [ ? ]<\/strong><\/span><\/span><span style=\"display:none;z-index:100\" id=\"su_tooltip_69f55fc48a772\" class=\"su-tooltip\" role=\"tooltip\"><span class=\"su-tooltip-inner su-tooltip-shadow-yes\" style=\"z-index:100;background:#E5F6FE;color:#5E99BD;font-size:16px;border-radius:5px;text-align:left;max-width:300px;line-height:1.25\"><span class=\"su-tooltip-title\"><\/span><span class=\"su-tooltip-content su-u-trim\">Enter the title of the lecture or part of the title<\/span><\/span><span id=\"su_tooltip_69f55fc48a772_arrow\" class=\"su-tooltip-arrow\" style=\"z-index:100;background:#E5F6FE\" data-popper-arrow><\/span><\/span> <\/div><div class=\"col-sm-4\">\r\n    Lecturer: <input type=\"text\" name=\"lecturer\" id=\"lecturer\"><span id=\"su_tooltip_69f55fc48a848_button\" class=\"su-tooltip-button su-tooltip-button-outline-yes\" aria-describedby=\"su_tooltip_69f55fc48a848\" data-settings='{\"position\":\"top\",\"behavior\":\"hover\",\"hideDelay\":0}' tabindex=\"0\"><span style=\"color: #36577f; margin-right: 40px; margin-left: 5px;\"><strong> [ ? ]<\/strong><\/span><\/span><span style=\"display:none;z-index:100\" id=\"su_tooltip_69f55fc48a848\" class=\"su-tooltip\" role=\"tooltip\"><span class=\"su-tooltip-inner su-tooltip-shadow-yes\" style=\"z-index:100;background:#E5F6FE;color:#5E99BD;font-size:16px;border-radius:5px;text-align:left;max-width:300px;line-height:1.25\"><span class=\"su-tooltip-title\"><\/span><span class=\"su-tooltip-content su-u-trim\">Enter the lecturer's name or part of the name.<br \/>Eg. Kova\u010devi\u0107 or Ivan Kova\u010devi\u0107<\/span><\/span><span id=\"su_tooltip_69f55fc48a848_arrow\" class=\"su-tooltip-arrow\" style=\"z-index:100;background:#E5F6FE\" data-popper-arrow><\/span><\/span> <\/div>\r\n    <div class=\"col-sm-4\"><input type=\"submit\" class=\"btn btn-primary\" value=\"Search\"\/><\/div><\/div>\r\n<\/form>\r\n\r\n<div class=\"row\"><div class=\"col-sm-12\"><div id=\"lectures_announc_data\"><\/div><\/div><\/div>\r\n<\/div>\n<\/div>\n<div class=\"su-tabs-pane su-u-clearfix su-u-trim\" data-title=\"Held events\">\n<script>var ajaxurl = 'https:\/\/www.unios.hr\/wp-admin\/admin-ajax.php';<\/script><link rel=\"stylesheet\" href=\"http:\/\/code.jquery.com\/ui\/1.11.4\/themes\/smoothness\/jquery-ui.css\">\n<link rel='stylesheet' id='su-box-shortcodes-css' href='http:\/\/www.unios.hr\/wp-content\/plugins\/shortcodes-ultimate\/assets\/css\/box-shortcodes.css?ver=4.9.8.1' type='text\/css' media='all' \/>\n<link rel='stylesheet' id='su-content-shortcodes-css' href='http:\/\/www.unios.hr\/wp-content\/plugins\/shortcodes-ultimate\/assets\/css\/content-shortcodes.css?ver=4.9.8.1' type='text\/css' media='all' \/>\n<script>\n    jQuery( document ).ready(function() {\n        jQuery( \".lectureDate\" ).datepicker({\n            dateFormat: \"dd-mm-yy\",\n            firstDay: 1\n        });\n        \/*$( \".thesisDate\" ).datepicker( \"option\", \"monthNames\", [ \"Sije\u010danj\", \"Velja\u010da\", \"O\u017eujak\", \"Travanj\", \"Svibanj\", \"Lipanj\", \"Srpanj\", \"Kolovoz\", \"Rujan\", \"Listopad\", \"Studeni\", \"Prosinac\" ] );\n         $( \".thesisDate\" ).datepicker( \"option\", \"dayNamesMin\", [ \"Ned\", \"Pon\", \"Uto\", \"Sri\", \"\u010cet\", \"Pet\", \"Sub\" ] );*\/\n        today = new Date();\n        jQuery( \"#lecturesEnd\" ).datepicker( \"setDate\", today );\n        month3Ago = new Date();\n        month3Ago.setMonth(today.getMonth() - 3);\n        jQuery( \"#lecturesStart\" ).datepicker( \"setDate\", month3Ago );\n        jQuery( \"#ui-datepicker-div3\" ).css('display','none'); \/\/ hack da se ne otvara kalendar u dnu stranice (bug u datepickeru)\n\n        jQuery( \"#lectures_held_form\").submit(function(e){\n            e.preventDefault();\n            var form = $(this);\n            var post_data = 'action=dohvati_predavanja&'+form.serialize();\n            jQuery.post(ajaxurl, post_data, function(response) {\n                 jQuery( \"#lectures_held_data\" ).fadeOut(50, function(){\n                        jQuery( \"#lectures_held_data\" ).html(response).fadeIn().delay(50);\n                        jQuery( \"div.su-spoiler-content.su-clearfix\" ).css(\"display\", \"block\"); \/\/ glupi fix jer su ovakvi divovi imali \"style: none\" (?!?!?)\n                    });\n            });\n        });\n        jQuery( \".lectureDate\" ).change(function(){\n            jQuery( \"#lectures_held_form\" ).submit();\n        });\n        jQuery( \"#lectures_held_form\" ).submit();\n    });\n<\/script>\n<style>\n    .su-spoiler {\n        margin-bottom: 0em !important;\n    }\n    .obrub-slika {\n        padding: 10px;\n    }\n    .btn-primary {\n       background-color: #365780;\n       border-color: #365780;\n       padding:13px;\n       margin-top:31px;\n    }\n    \n    input[type=text] {\n      float:left;\n      margin-bottom:20px;\n      background-color: #365780;\n    } \n<\/style>\n<div class=\"obrub-slika\">\n<form id=\"lectures_held_form\"><div class=\"row\"><div class=\"col-sm-4\">Show events from <input type=\"text\" name=\"lecturesStart\" id=\"lecturesStart\" class=\"lectureDate\" size=\"10\" > <\/div><div class=\"col-sm-4\">to <input type=\"text\" name=\"lecturesEnd\" id=\"lecturesEnd\" class=\"lectureDate\" size=\"10\" > <\/div> <div class=\"col-sm-4\"> <\/div><\/div>\n    <div class=\"row\"><div class=\"col-sm-4\">Title: <input type=\"text\" name=\"title\" id=\"title\"><span id=\"su_tooltip_69f55fc48aa98_button\" class=\"su-tooltip-button su-tooltip-button-outline-yes\" aria-describedby=\"su_tooltip_69f55fc48aa98\" data-settings='{\"position\":\"top\",\"behavior\":\"hover\",\"hideDelay\":0}' tabindex=\"0\"><span style=\"color: #36577f; margin-right: 20px; margin-left: 5px;\"><strong> [ ? ]<\/strong><\/span><\/span><span style=\"display:none;z-index:100\" id=\"su_tooltip_69f55fc48aa98\" class=\"su-tooltip\" role=\"tooltip\"><span class=\"su-tooltip-inner su-tooltip-shadow-yes\" style=\"z-index:100;background:#E5F6FE;color:#5E99BD;font-size:16px;border-radius:5px;text-align:left;max-width:300px;line-height:1.25\"><span class=\"su-tooltip-title\"><\/span><span class=\"su-tooltip-content su-u-trim\">Enter the title of the lecture or part of the title<\/span><\/span><span id=\"su_tooltip_69f55fc48aa98_arrow\" class=\"su-tooltip-arrow\" style=\"z-index:100;background:#E5F6FE\" data-popper-arrow><\/span><\/span> <\/div><div class=\"col-sm-4\">\n    Lecturer: <input type=\"text\" name=\"lecturer\" id=\"lecturer\"><span id=\"su_tooltip_69f55fc48ab33_button\" class=\"su-tooltip-button su-tooltip-button-outline-yes\" aria-describedby=\"su_tooltip_69f55fc48ab33\" data-settings='{\"position\":\"top\",\"behavior\":\"hover\",\"hideDelay\":0}' tabindex=\"0\"><span style=\"color: #36577f; margin-right: 40px; margin-left: 5px;\"><strong> [ ? ]<\/strong><\/span><\/span><span style=\"display:none;z-index:100\" id=\"su_tooltip_69f55fc48ab33\" class=\"su-tooltip\" role=\"tooltip\"><span class=\"su-tooltip-inner su-tooltip-shadow-yes\" style=\"z-index:100;background:#E5F6FE;color:#5E99BD;font-size:16px;border-radius:5px;text-align:left;max-width:300px;line-height:1.25\"><span class=\"su-tooltip-title\"><\/span><span class=\"su-tooltip-content su-u-trim\">Enter the lecturer's name or part of the name.<br \/>Eg. Kova\u010devi\u0107 or Ivan Kova\u010devi\u0107<\/span><\/span><span id=\"su_tooltip_69f55fc48ab33_arrow\" class=\"su-tooltip-arrow\" style=\"z-index:100;background:#E5F6FE\" data-popper-arrow><\/span><\/span>  <\/div><div class=\"col-sm-4\">\n    <input type=\"submit\" class=\"btn btn-primary\" value=\"Search\"\/> <\/div> <\/div>\n<\/form>\n\n<div class=\"row\"><div class=\"col-sm-12\"><div id=\"lectures_held_data\"><\/div><\/div><\/div>\n<\/div>\n<\/div><\/div><\/div>\n","protected":false},"excerpt":{"rendered":"","protected":false},"author":1,"featured_media":61020,"parent":5330,"menu_order":40,"comment_status":"closed","ping_status":"closed","template":"","meta":{"om_disable_all_campaigns":false,"_monsterinsights_skip_tracking":false,"_monsterinsights_sitenote_active":false,"_monsterinsights_sitenote_note":"","_monsterinsights_sitenote_category":0,"_uf_show_specific_survey":0,"_uf_disable_surveys":false,"ngg_post_thumbnail":0,"footnotes":"","_links_to":"","_links_to_target":""},"coauthors":[459],"class_list":["post-5361","page","type-page","status-publish","has-post-thumbnail","hentry"],"aioseo_notices":[],"publishpress_future_action":{"enabled":false,"date":"2026-05-09 04:21:56","action":"change-status","newStatus":"draft","terms":[],"taxonomy":"avhec_catgroup","extraData":[]},"publishpress_future_workflow_manual_trigger":{"enabledWorkflows":[]},"_links":{"self":[{"href":"https:\/\/www.unios.hr\/en\/wp-json\/wp\/v2\/pages\/5361","targetHints":{"allow":["GET"]}}],"collection":[{"href":"https:\/\/www.unios.hr\/en\/wp-json\/wp\/v2\/pages"}],"about":[{"href":"https:\/\/www.unios.hr\/en\/wp-json\/wp\/v2\/types\/page"}],"author":[{"embeddable":true,"href":"https:\/\/www.unios.hr\/en\/wp-json\/wp\/v2\/users\/1"}],"replies":[{"embeddable":true,"href":"https:\/\/www.unios.hr\/en\/wp-json\/wp\/v2\/comments?post=5361"}],"version-history":[{"count":6,"href":"https:\/\/www.unios.hr\/en\/wp-json\/wp\/v2\/pages\/5361\/revisions"}],"predecessor-version":[{"id":17893,"href":"https:\/\/www.unios.hr\/en\/wp-json\/wp\/v2\/pages\/5361\/revisions\/17893"}],"up":[{"embeddable":true,"href":"https:\/\/www.unios.hr\/en\/wp-json\/wp\/v2\/pages\/5330"}],"wp:featuredmedia":[{"embeddable":true,"href":"https:\/\/www.unios.hr\/en\/wp-json\/wp\/v2\/media\/61020"}],"wp:attachment":[{"href":"https:\/\/www.unios.hr\/en\/wp-json\/wp\/v2\/media?parent=5361"}],"wp:term":[{"taxonomy":"author","embeddable":true,"href":"https:\/\/www.unios.hr\/en\/wp-json\/wp\/v2\/coauthors?post=5361"}],"curies":[{"name":"wp","href":"https:\/\/api.w.org\/{rel}","templated":true}]}}