{"id":1565,"date":"2016-04-01T13:30:28","date_gmt":"2016-04-01T11:30:28","guid":{"rendered":"https:\/\/www.unios.hr\/kvaliteta\/en\/?page_id=1565"},"modified":"2026-01-12T12:46:51","modified_gmt":"2026-01-12T11:46:51","slug":"academic-recognition-of-foreign-higher-education-qualifications","status":"publish","type":"page","link":"https:\/\/www.unios.hr\/kvaliteta\/en\/activities\/academic-recognition-of-foreign-higher-education-qualifications\/","title":{"rendered":"Academic Recognition of Foreign Higher Education Qualifications"},"content":{"rendered":"<p><strong>Academic Recognition of Foreign Higher Education Qualifications<\/strong><\/p>\n<p style=\"text-align: justify\">The higher education institution in Croatia where the applicant seeks to continue his or her higher education carries out academic recognition of foreign higher education qualifications and recognition of periods of study at foreign higher education institutions for the purpose of continuing education in Croatia based on the Recognition of Foreign Educational Qualifications Act (published in the Official Gazette 69\/22).<\/p>\n<div class=\"su-spacer\" style=\"height:30px\"><\/div>\n<p style=\"text-align: justify\"><strong>Application procedure<\/strong><\/p>\n<div class=\"su-spacer\" style=\"height:10px\"><\/div>\n<p style=\"text-align: justify\">An applicant initiates the process of academic recognition of foreign higher education qualifications and recognition of periods of study at foreign higher education institutions for the purpose of continuing education at one of the faculties or academies of Josip Juraj Strossmayer University of Osijek by submitting an application form, the relevant documents and other available information. The process ends with a formal recognition decision based on General Public Administration Procedure Law (published in the Official Gazette 47\/2009). Recognition decision has to be made within two months of the submission of an application and all the required documents. In case of incomplete documentation, the applicant will be notified in writing (by mail or e-mail) of their obligation to complete it.<\/p>\n<p style=\"text-align: justify\">After the Commission evaluates the applicants\u2019 academic qualifications and determines whether all the requirements were fulfilled, a recognition decision on academic recognition of foreign higher education qualifications and recognition of periods of study at foreign higher education institutions is issued and sent to the applicants\u2019 addresses given in the application forms and to the Agency for science and higher education (National ENIC\/NARIC office).<\/p>\n<p style=\"text-align: justify\">According to the General Public Administration Procedure Law, an applicant has the right to appeal within 15 days of receiving the decision. The appeal should be made and sent to: Sveu\u010dili\u0161te Josipa Jurja Strossmayera u Osijeku, Centar za unaprje\u0111enje i osiguranje kvalitete, Trg sv. Trojstva 3, 31000 Osijek.<\/p>\n<div class=\"su-spacer\" style=\"height:30px\"><\/div>\n<p style=\"text-align: justify\"><strong>Instructions<\/strong><\/p>\n<div class=\"su-spacer\" style=\"height:10px\"><\/div>\n<p style=\"text-align: justify\"><strong>1. Fill out the application form<\/strong><\/p>\n<p style=\"text-align: justify\">The application form is an official document needed to initiate the process of recognition of foreign higher education qualifications. The form needs to be filled out completely. Applicants are responsible for the accuracy of the information given. The recognition process cannot be initiated without a properly filled out application form and requested documentation. If changes to the information submitted occur during the recognition process, the applicant must inform the Academic Recognition Office in writing.<\/p>\n<div class=\"su-list su-list-13\" style=\"margin-left:0px\">\n<ul>\n<li><i class=\"sui sui-arrow-right\" style=\"color:#36577f\"><\/i> <a href=\"https:\/\/www.unios.hr\/kvaliteta\/wp-content\/uploads\/sites\/2\/2026\/01\/Application-form-for-academic-recognition-2026-1.doc\">Application form for academic recognition 2026<\/a><\/li>\n<li><i class=\"sui sui-arrow-right\" style=\"color:#36577f\"><\/i> <a href=\"https:\/\/www.unios.hr\/kvaliteta\/wp-content\/uploads\/sites\/2\/2026\/01\/Application-form-for-recognition-of-periods-of-study-2026-1.doc\">Application form for recognition of periods of study 2026<\/a><\/li>\n<li><i class=\"sui sui-arrow-right\" style=\"color:#36577f\"><\/i> <a href=\"https:\/\/www.unios.hr\/kvaliteta\/wp-content\/uploads\/sites\/2\/2016\/04\/CV-Template.doc\" rel=\"\">CV Template<\/a><\/li>\n<\/ul>\n<\/div>\n<div class=\"su-spacer\" style=\"height:10px\"><\/div>\n<p style=\"text-align: justify\"><strong style=\"line-height: 1.5\">2. Collect all the documentation needed<\/strong><\/p>\n<div class=\"su-list su-list-13\" style=\"margin-left:0px\">\n<ul>\n<li><i class=\"sui sui-arrow-right\" style=\"color:#36577f\"><\/i> <a href=\"https:\/\/www.unios.hr\/kvaliteta\/wp-content\/uploads\/sites\/2\/2024\/04\/Documentation-for-diploma-recognition.pdf\">Documentation for diploma recognition<\/a><\/li>\n<li><i class=\"sui sui-arrow-right\" style=\"color:#36577f\"><\/i> <a href=\"https:\/\/www.unios.hr\/kvaliteta\/wp-content\/uploads\/sites\/2\/2024\/04\/Documentation-for-the-recognition-of-the-periods-of-study.pdf\">Documentation for the recognition of the periods of study<\/a><\/li>\n<\/ul>\n<\/div>\n<div class=\"su-spacer\" style=\"height:10px\"><\/div>\n<p style=\"text-align: justify\"><strong style=\"line-height: 1.5\">3. Pay processing fee<\/strong><\/p>\n<p style=\"text-align: justify\">The processing fee for the academic recognition of foreign higher education qualifications and recognition of periods of study at foreign higher education institutions for the purpose of continuing education in Croatia, as well as its amount, distribution and exemptions, are determined by the By-Law on Amendments to the By-Law on the Fees and Exemptions from Fees for the Recognition of Foreign Higher Education Qualifications and Periods of Study (Official Gazette 85\/2023).<\/p>\n<p style=\"text-align: justify\"><strong>The processing fee for the academic recognition of foreign higher education qualifications<\/strong> for completed undergraduate or graduate study programmes is <strong>60.00<\/strong> <b>\u20ac<\/b>.<\/p>\n<p style=\"text-align: justify\"><strong>The processing fee for the recognition of periods of study is 30.00 <b>\u20ac<\/b><\/strong>.<\/p>\n<div class=\"su-spacer\" style=\"height:10px\"><\/div>\n<p style=\"text-align: justify\"><strong style=\"line-height: 1.5\">4. How to fill out the payment form:<\/strong><\/p>\n<p style=\"text-align: justify\">Primatelj (recipient): Sveu\u010dili\u0161te Josipa Jurja Strossmayera u Osijeku, Centar za unaprje\u0111enje i osiguranje kvalitete visokog obrazovanja, Cara Hadrijana 10c, 31000 Osijek<\/p>\n<p style=\"text-align: justify\">IBAN: HR4325000091102012988<\/p>\n<p style=\"text-align: justify\">SWIFT: HAABHR22<\/p>\n<p style=\"text-align: justify\">Poziv na broj (reference number): date of birth (ddmmyyyy) &#8211; 2025<\/p>\n<p style=\"text-align: justify\">Opis pla\u0107anja (purpose of payment): tro\u0161kovi postupka akademskog priznavanja IVK<\/p>\n<p style=\"text-align: justify\">Uplatitelj (user): applicant\u2019s name and surname, address<\/p>\n<div class=\"su-spacer\" style=\"height:10px\"><\/div>\n<p style=\"text-align: justify\"><strong style=\"line-height: 1.5\">5. Applications <\/strong><span style=\"line-height: 1.5\">for the academic recognition of foreign higher education qualifications and recognition of periods of study at foreign higher education institutions for the purpose of continuing education at one of the constituents of the University of Osijek is submitted together with all required documentation and proof of fee payment by mail <\/span><strong style=\"line-height: 1.5\">to the following address<\/strong><span style=\"line-height: 1.5\">:<\/span><\/p>\n<p><strong>Vi\u0161nja Sak Bosnar<\/strong><br \/>\n<strong>Centar za kvalitetu<br \/>\nCara Hadrijana 10c<\/strong><br \/>\n<strong>31000 Osijek<\/strong><br \/>\n<strong>Croatia<\/strong><\/p>\n<p>&nbsp;<\/p>\n<p>&nbsp;<\/p>\n","protected":false},"excerpt":{"rendered":"<p>Academic Recognition of Foreign Higher Education Qualifications The higher education institution in Croatia where the applicant seeks to continue his or her higher education carries out academic recognition of foreign higher education qualifications and recognition of periods of study at foreign higher education institutions for the purpose of continuing education in Croatia based on the Recognition of Foreign Educational Qualifications Act (published in the Official Gazette 69\/22). Application procedure An applicant initiates the process of academic recognition of foreign higher education qualifications and recognition of periods of study at foreign higher education institutions for the purpose of continuing education at [&hellip;]<\/p>\n","protected":false},"author":9,"featured_media":873,"parent":1795,"menu_order":10,"comment_status":"closed","ping_status":"closed","template":"","meta":{"_monsterinsights_skip_tracking":false,"_monsterinsights_sitenote_active":false,"_monsterinsights_sitenote_note":"","_monsterinsights_sitenote_category":0,"ngg_post_thumbnail":0,"footnotes":"","_links_to":"","_links_to_target":""},"coauthors":[95],"class_list":["post-1565","page","type-page","status-publish","has-post-thumbnail","hentry"],"publishpress_future_action":{"enabled":false,"date":"2026-04-27 10:26:57","action":"change-status","newStatus":"draft","terms":[],"taxonomy":"avhec_catgroup","extraData":[]},"publishpress_future_workflow_manual_trigger":{"enabledWorkflows":[]},"_links":{"self":[{"href":"https:\/\/www.unios.hr\/kvaliteta\/en\/wp-json\/wp\/v2\/pages\/1565","targetHints":{"allow":["GET"]}}],"collection":[{"href":"https:\/\/www.unios.hr\/kvaliteta\/en\/wp-json\/wp\/v2\/pages"}],"about":[{"href":"https:\/\/www.unios.hr\/kvaliteta\/en\/wp-json\/wp\/v2\/types\/page"}],"author":[{"embeddable":true,"href":"https:\/\/www.unios.hr\/kvaliteta\/en\/wp-json\/wp\/v2\/users\/9"}],"replies":[{"embeddable":true,"href":"https:\/\/www.unios.hr\/kvaliteta\/en\/wp-json\/wp\/v2\/comments?post=1565"}],"version-history":[{"count":3,"href":"https:\/\/www.unios.hr\/kvaliteta\/en\/wp-json\/wp\/v2\/pages\/1565\/revisions"}],"predecessor-version":[{"id":7335,"href":"https:\/\/www.unios.hr\/kvaliteta\/en\/wp-json\/wp\/v2\/pages\/1565\/revisions\/7335"}],"up":[{"embeddable":true,"href":"https:\/\/www.unios.hr\/kvaliteta\/en\/wp-json\/wp\/v2\/pages\/1795"}],"wp:featuredmedia":[{"embeddable":true,"href":"https:\/\/www.unios.hr\/kvaliteta\/en\/wp-json\/wp\/v2\/media\/873"}],"wp:attachment":[{"href":"https:\/\/www.unios.hr\/kvaliteta\/en\/wp-json\/wp\/v2\/media?parent=1565"}],"wp:term":[{"taxonomy":"author","embeddable":true,"href":"https:\/\/www.unios.hr\/kvaliteta\/en\/wp-json\/wp\/v2\/coauthors?post=1565"}],"curies":[{"name":"wp","href":"https:\/\/api.w.org\/{rel}","templated":true}]}}