{"id":1037,"date":"2016-03-14T19:23:06","date_gmt":"2016-03-14T18:23:06","guid":{"rendered":"https:\/\/www.unios.hr\/kvaliteta\/?page_id=1037"},"modified":"2025-10-16T13:54:33","modified_gmt":"2025-10-16T11:54:33","slug":"opcenito-o-centru","status":"publish","type":"page","link":"https:\/\/www.unios.hr\/kvaliteta\/o-centru\/opcenito-o-centru\/","title":{"rendered":"Op\u0107enito o Centru"},"content":{"rendered":"<p style=\"text-align: justify\">Osnivanje Centra za unaprje\u0111enje i osiguranje kvalitete visokog obrazovanja Sveu\u010dili\u0161ta Josipa Jurja Strossmayera (skra\u0107eno: Centar za kvalitetu) u lipnju 2012. godine rezultat je razvoja sustavnog pristupa kvaliteti visokog obrazovanja koji na Sveu\u010dili\u0161tu traje od 2006. godine. Sustav osiguranja i unaprje\u0111enja kvalitete Sveu\u010dili\u0161ta temelji se na S<em>tandardima i smjernicama za osiguranje kvalitete u europskom prostoru visokog obrazovanja<\/em> (ESG) i strukturiran je sukladno zahtjevima norme HRN EN ISO 9001 za upravljanje nastavnim, znanstveno-istra\u017eiva\u010dkim i poslovnim procesima.<\/p>\n<p style=\"text-align: justify\">Centar za kvalitetu provodi razli\u010dite aktivnosti unaprje\u0111enja kvalitete obrazovanja kao \u0161to su prosudbe i analize sustava, izrada i revizija dokumentacije sustava, organizacija studentskih evaluacija nastave i nastavnika te edukacija za nastavnike, administrativne slu\u017ebe i studente u razli\u010ditim podru\u010djima (profesionalno savjetovanje i upravljanje vremenom za studente, ishodi u\u010denja i transfer znanja u podru\u010dju prijavljivanja i realizacije projekata za nastavnike i dr.). Djelatnici Centra vode postupke akademskog priznavanja inozemnih visoko\u0161kolskih kvalifikacija i priznavanja razdoblja studija i ECTS bodova na razini Sveu\u010dili\u0161ta. Uz ostalo, djelatnici Centra sudjeluju u provedbi vi\u0161e tuzemnih i inozemnih projekata vezanih uz podizanje kvalitete studiranja &#8211; projekti za bolju zapo\u0161ljivost studenata, za priznavanje neformalnog i informalnog u\u010denja, za izjedna\u010davanje mogu\u0107nosti za studente s invaliditetom, projekti razvoja i provedbe Hrvatskog kvalifikacijskog okvira.<\/p>\n<p style=\"text-align: justify\">Centar za kvalitetu trebao bi, temeljem navedenih raznorodnih aktivnosti, uskoro postati i trajno mjesto susreta i komunikacije razli\u010ditih dionika visokog obrazovanja &#8211; studenata, nastavnika, poslodavaca, zavr\u0161enih studenata i stru\u010dnjaka, Hrvatskog zavoda za zapo\u0161ljavanje, lokalne i regionalne uprave i samouprave, s ciljem da rezultati njihove interakcije unaprijede kvalitetu studiranja na Sveu\u010dili\u0161tu u Osijeku.<\/p>\n<p style=\"text-align: justify\">Centar je podru\u017enica i posebna sastavnica Sveu\u010dili\u0161ta Josipa Jurja Strossmayera u Osijeku koja obavlja poslove vezane za sustav upravljanja i unaprje\u0111enja kvalitete sustava visokog obrazovanja Sveu\u010dili\u0161ta. Centar djeluje kao jedinstveni sveu\u010dili\u0161ni centar za pra\u0107enje i unaprje\u0111ivanje kvalitete visokog obrazovanja, koji je povezan s ustrojbenim jedinicama iz podru\u010dja kvalitete na znanstveno-nastavnim, umjetni\u010dko-nastavnim i nastavnim sastavnicama te koordinira njihov rad.<\/p>\n<p>Ustrojbene jedinice Centra jesu odjel i uredi. Ustrojeni su:<\/p>\n<div class=\"su-list su-list-13\" style=\"margin-left:0px\">\n<ul>\n<li><i class=\"sui sui-arrow-right\" style=\"color:#36577f\"><\/i> Odjel za pravne, informati\u010dke i stru\u010dno-administrativne poslove<\/li>\n<li><i class=\"sui sui-arrow-right\" style=\"color:#36577f\"><\/i> Ured za osiguravanje i umaprje\u0111ivanje kvalitete<\/li>\n<li><i class=\"sui sui-arrow-right\" style=\"color:#36577f\"><\/i> Ured za studijske programe i pra\u0107enje kvalitete nastave<\/li>\n<li><i class=\"sui sui-arrow-right\" style=\"color:#36577f\"><\/i> Ured za priznavanje inozemnih obrazovnih kvalifikacija i razvoj karijera<\/li>\n<\/ul>\n<p>Sveu\u010dili\u0161te Josipa Jurja Strossmayera u Osijeku je u skladu s \u010dlankom 190. stavkom 1. Zakona o znanstvenoj djelatnosti i visokom obrazovanju izmijenilo Statut Sveu\u010dili\u0161ta. U \u010dlanku 23. Statuta definiran je status Centra te je, u skladu sa Zakonom o osiguravanju kvalitete u visokom obrazovanju, promijenjen naziv u <strong>Sveu\u010dili\u0161ni centar za osiguravanje i unaprje\u0111ivanje kvalitete visokog obrazovanja<\/strong>.<\/p>\n<\/div>\n<p><!-- [su_slider source=\"media: 180,181,185,500,498,459\" link=\"lightbox\" width=\"640\" height=\"480\" title=\"no\" arrows=\"no\" pages=\"no\"] --><\/p>\n","protected":false},"excerpt":{"rendered":"<p>Osnivanje Centra za unaprje\u0111enje i osiguranje kvalitete visokog obrazovanja Sveu\u010dili\u0161ta Josipa Jurja Strossmayera (skra\u0107eno: Centar za kvalitetu) u lipnju 2012. godine rezultat je razvoja sustavnog pristupa kvaliteti visokog obrazovanja koji na Sveu\u010dili\u0161tu traje od 2006. godine. Sustav osiguranja i unaprje\u0111enja kvalitete Sveu\u010dili\u0161ta temelji se na Standardima i smjernicama za osiguranje kvalitete u europskom prostoru visokog obrazovanja (ESG) i strukturiran je sukladno zahtjevima norme HRN EN ISO 9001 za upravljanje nastavnim, znanstveno-istra\u017eiva\u010dkim i poslovnim procesima. Centar za kvalitetu provodi razli\u010dite aktivnosti unaprje\u0111enja kvalitete obrazovanja kao \u0161to su prosudbe i analize sustava, izrada i revizija dokumentacije sustava, organizacija studentskih evaluacija nastave i [&hellip;]<\/p>\n","protected":false},"author":9,"featured_media":873,"parent":201,"menu_order":5,"comment_status":"closed","ping_status":"closed","template":"","meta":{"_monsterinsights_skip_tracking":false,"_monsterinsights_sitenote_active":false,"_monsterinsights_sitenote_note":"","_monsterinsights_sitenote_category":0,"ngg_post_thumbnail":0,"footnotes":"","_links_to":"","_links_to_target":""},"coauthors":[95],"class_list":["post-1037","page","type-page","status-publish","has-post-thumbnail","hentry"],"publishpress_future_action":{"enabled":false,"date":"2026-05-05 20:54:14","action":"change-status","newStatus":"draft","terms":[],"taxonomy":"avhec_catgroup","extraData":[]},"publishpress_future_workflow_manual_trigger":{"enabledWorkflows":[]},"_links":{"self":[{"href":"https:\/\/www.unios.hr\/kvaliteta\/wp-json\/wp\/v2\/pages\/1037","targetHints":{"allow":["GET"]}}],"collection":[{"href":"https:\/\/www.unios.hr\/kvaliteta\/wp-json\/wp\/v2\/pages"}],"about":[{"href":"https:\/\/www.unios.hr\/kvaliteta\/wp-json\/wp\/v2\/types\/page"}],"author":[{"embeddable":true,"href":"https:\/\/www.unios.hr\/kvaliteta\/wp-json\/wp\/v2\/users\/9"}],"replies":[{"embeddable":true,"href":"https:\/\/www.unios.hr\/kvaliteta\/wp-json\/wp\/v2\/comments?post=1037"}],"version-history":[{"count":4,"href":"https:\/\/www.unios.hr\/kvaliteta\/wp-json\/wp\/v2\/pages\/1037\/revisions"}],"predecessor-version":[{"id":7197,"href":"https:\/\/www.unios.hr\/kvaliteta\/wp-json\/wp\/v2\/pages\/1037\/revisions\/7197"}],"up":[{"embeddable":true,"href":"https:\/\/www.unios.hr\/kvaliteta\/wp-json\/wp\/v2\/pages\/201"}],"wp:featuredmedia":[{"embeddable":true,"href":"https:\/\/www.unios.hr\/kvaliteta\/wp-json\/wp\/v2\/media\/873"}],"wp:attachment":[{"href":"https:\/\/www.unios.hr\/kvaliteta\/wp-json\/wp\/v2\/media?parent=1037"}],"wp:term":[{"taxonomy":"author","embeddable":true,"href":"https:\/\/www.unios.hr\/kvaliteta\/wp-json\/wp\/v2\/coauthors?post=1037"}],"curies":[{"name":"wp","href":"https:\/\/api.w.org\/{rel}","templated":true}]}}