{"id":137,"date":"2015-09-24T08:20:35","date_gmt":"2015-09-24T06:20:35","guid":{"rendered":"http:\/\/demo.unios.hr\/kvaliteta\/?page_id=137"},"modified":"2020-02-18T09:16:03","modified_gmt":"2020-02-18T08:16:03","slug":"projekti","status":"publish","type":"page","link":"https:\/\/www.unios.hr\/kvaliteta\/djelatnosti\/projekti\/","title":{"rendered":"Projekti"},"content":{"rendered":"<p><img loading=\"lazy\" decoding=\"async\" class=\"alignright size-full wp-image-1301\" src=\"https:\/\/www.unios.hr\/kvaliteta\/wp-content\/uploads\/sites\/2\/2015\/09\/NZZ_logo.jpg\" alt=\"NZZ_logo\" width=\"65\" height=\"69\" \/><\/p>\n<p style=\"text-align: justify;\">Projekte je financirala Nacionalna zaklada za znanost, visoko \u0161kolstvo\u00a0i tehnologijski razvoj Republike Hrvatske.<\/p>\n<div class=\"su-list su-list-13\" style=\"margin-left:0px\">\n<ul>\n<li><i class=\"sui sui-arrow-right\" style=\"color:#36577f\"><\/i> <strong>USPOSTAVLJANJE SUSTAVA UNAPRJE\u0110ENJA KVALITETE OBRAZOVANJA NA SVEU\u010cILI\u0160TU JOSIPA JURJA STROSSMAYERA U OSIJEKU<\/strong><\/li>\n<\/ul>\n<\/div>\n<p style=\"text-align: justify;\">Prijavom i podr\u0161kom ovom projektu, uprava Sveu\u010dili\u0161ta Josipa Jurja Strossmayera u Osijeku pokazuje dobru volju i posve\u0107enost stalnom unaprje\u0111ivanju kvalitete nastave i kvalitete cijele ustanove.\u00a0\u00a0 <a href=\"https:\/\/www.unios.hr\/kvaliteta\/wp-content\/uploads\/sites\/2\/2015\/09\/Zavrsna-prezentacija-projekta-04-12-06-2.ppt\" rel=\"\">Zavr\u0161na prezentacija projekta 2006.<\/a><\/p>\n<div class=\"su-spacer\" style=\"height:10px\"><\/div>\n<div class=\"video-shortcode\">\n<div data-configid=\"2662021\/34668805\" style=\"width: 1280px; height: 906px;\" class=\"issuuembed\"><\/div>\n<p><script type=\"text\/javascript\" src=\"\/\/e.issuu.com\/embed.js\" async=\"true\"><\/script><\/div>\n<div class=\"su-list su-list-13\" style=\"margin-left:0px\">\n<p>&nbsp;<\/p>\n<ul>\n<li><i class=\"sui sui-arrow-right\" style=\"color:#36577f\"><\/i> <strong>SUPER UNIOS<\/strong><\/li>\n<\/ul>\n<\/div>\n<p style=\"text-align: justify;\">Jednogodi\u0161nji projekt &#8220;Sustavni pristup uvo\u0111enju ishoda u\u010denja u obrazovanje studenata na Sveu\u010dili\u0161tu\u00a0Josipa Jurja Strossmayera u Osijeku&#8221; projekt je kontinuiteta koji na temeljima postoje\u0107e strukture sustava za\u00a0 osiguranje i unaprje\u0111enje kvalitete obrazovanja nastoji definirati i promovirati mjesto ishoda u\u010denja u prostoru visokog obrazovanja na osje\u010dkom Sveu\u010dili\u0161tu. Uloga ishoda u\u010denja u akademskom obrazovanju bit \u0107e odre\u0111ena institucijskom strategijom i organizacijskom strukturom koje \u0107e usmjeravati i poticati fakultete ka uvo\u0111enju ishoda u\u010denja u proces studiranja.<\/p>\n<p style=\"text-align: justify;\"><a href=\"https:\/\/www.unios.hr\/kvaliteta\/wp-content\/uploads\/sites\/2\/2015\/09\/SUPER-UNIOS-zavrsna-prezentacija_Gotovo.ppt\" rel=\"\">SUPER UNIOS zavr\u0161na prezentacija<\/a><\/p>\n<p style=\"text-align: justify;\"><a href=\"https:\/\/www.unios.hr\/kvaliteta\/wp-content\/uploads\/sites\/2\/2015\/09\/letak-SUPER-UNIOS.pdf\" rel=\"\">Letak SUPER UNIOS<\/a><\/p>\n<div class=\"video-shortcode\">\n<div data-configid=\"2662021\/39337250\" style=\"width: 1280px; height: 905px;\" class=\"issuuembed\"><\/div>\n<p><script type=\"text\/javascript\" src=\"\/\/e.issuu.com\/embed.js\" async=\"true\"><\/script><\/div>\n","protected":false},"excerpt":{"rendered":"<p>Projekte je financirala Nacionalna zaklada za znanost, visoko \u0161kolstvo\u00a0i tehnologijski razvoj Republike Hrvatske. Prijavom i podr\u0161kom ovom projektu, uprava Sveu\u010dili\u0161ta Josipa Jurja Strossmayera u Osijeku pokazuje dobru volju i posve\u0107enost stalnom unaprje\u0111ivanju kvalitete nastave i kvalitete cijele ustanove.\u00a0\u00a0 Zavr\u0161na prezentacija projekta 2006. Jednogodi\u0161nji projekt &#8220;Sustavni pristup uvo\u0111enju ishoda u\u010denja u obrazovanje studenata na Sveu\u010dili\u0161tu\u00a0Josipa Jurja Strossmayera u Osijeku&#8221; projekt je kontinuiteta koji na temeljima postoje\u0107e strukture sustava za\u00a0 osiguranje i unaprje\u0111enje kvalitete obrazovanja nastoji definirati i promovirati mjesto ishoda u\u010denja u prostoru visokog obrazovanja na osje\u010dkom Sveu\u010dili\u0161tu. Uloga ishoda u\u010denja u akademskom obrazovanju bit \u0107e odre\u0111ena institucijskom strategijom i organizacijskom [&hellip;]<\/p>\n","protected":false},"author":9,"featured_media":873,"parent":21,"menu_order":60,"comment_status":"closed","ping_status":"closed","template":"","meta":{"_monsterinsights_skip_tracking":false,"_monsterinsights_sitenote_active":false,"_monsterinsights_sitenote_note":"","_monsterinsights_sitenote_category":0,"ngg_post_thumbnail":0,"footnotes":"","_links_to":"","_links_to_target":""},"coauthors":[95],"class_list":["post-137","page","type-page","status-publish","has-post-thumbnail","hentry"],"publishpress_future_action":{"enabled":false,"date":"2026-04-24 01:44:50","action":"change-status","newStatus":"draft","terms":[],"taxonomy":"avhec_catgroup","extraData":[]},"publishpress_future_workflow_manual_trigger":{"enabledWorkflows":[]},"_links":{"self":[{"href":"https:\/\/www.unios.hr\/kvaliteta\/wp-json\/wp\/v2\/pages\/137","targetHints":{"allow":["GET"]}}],"collection":[{"href":"https:\/\/www.unios.hr\/kvaliteta\/wp-json\/wp\/v2\/pages"}],"about":[{"href":"https:\/\/www.unios.hr\/kvaliteta\/wp-json\/wp\/v2\/types\/page"}],"author":[{"embeddable":true,"href":"https:\/\/www.unios.hr\/kvaliteta\/wp-json\/wp\/v2\/users\/9"}],"replies":[{"embeddable":true,"href":"https:\/\/www.unios.hr\/kvaliteta\/wp-json\/wp\/v2\/comments?post=137"}],"version-history":[{"count":6,"href":"https:\/\/www.unios.hr\/kvaliteta\/wp-json\/wp\/v2\/pages\/137\/revisions"}],"predecessor-version":[{"id":4170,"href":"https:\/\/www.unios.hr\/kvaliteta\/wp-json\/wp\/v2\/pages\/137\/revisions\/4170"}],"up":[{"embeddable":true,"href":"https:\/\/www.unios.hr\/kvaliteta\/wp-json\/wp\/v2\/pages\/21"}],"wp:featuredmedia":[{"embeddable":true,"href":"https:\/\/www.unios.hr\/kvaliteta\/wp-json\/wp\/v2\/media\/873"}],"wp:attachment":[{"href":"https:\/\/www.unios.hr\/kvaliteta\/wp-json\/wp\/v2\/media?parent=137"}],"wp:term":[{"taxonomy":"author","embeddable":true,"href":"https:\/\/www.unios.hr\/kvaliteta\/wp-json\/wp\/v2\/coauthors?post=137"}],"curies":[{"name":"wp","href":"https:\/\/api.w.org\/{rel}","templated":true}]}}