{"id":143,"date":"2015-09-24T08:22:43","date_gmt":"2015-09-24T06:22:43","guid":{"rendered":"http:\/\/demo.unios.hr\/kvaliteta\/?page_id=143"},"modified":"2020-02-18T09:10:48","modified_gmt":"2020-02-18T08:10:48","slug":"povelja-kvalitete","status":"publish","type":"page","link":"https:\/\/www.unios.hr\/kvaliteta\/djelatnosti\/povelja-kvalitete\/","title":{"rendered":"Povelja kvalitete"},"content":{"rendered":"<div class=\"su-row\">\n<div class=\"su-column su-column-size-1-4\"><div class=\"su-column-inner su-u-clearfix su-u-trim\">\n<\/div><\/div>\n<div class=\"su-column su-column-size-1-4\"><div class=\"su-column-inner su-u-clearfix su-u-trim\"><a href=\"https:\/\/www.unios.hr\/kvaliteta\/wp-content\/uploads\/sites\/2\/2015\/09\/Povelja.jpg\" rel=\"attachment wp-att-895\"><img loading=\"lazy\" decoding=\"async\" class=\"alignnone size-thumbnail wp-image-895\" src=\"https:\/\/www.unios.hr\/kvaliteta\/wp-content\/uploads\/sites\/2\/2015\/09\/Povelja-150x150.jpg\" alt=\"Dodjela povelja\" width=\"150\" height=\"150\" srcset=\"https:\/\/www.unios.hr\/kvaliteta\/wp-content\/uploads\/sites\/2\/2015\/09\/Povelja-50x50.jpg 50w, https:\/\/www.unios.hr\/kvaliteta\/wp-content\/uploads\/sites\/2\/2015\/09\/Povelja-80x80.jpg 80w, https:\/\/www.unios.hr\/kvaliteta\/wp-content\/uploads\/sites\/2\/2015\/09\/Povelja-100x100.jpg 100w, https:\/\/www.unios.hr\/kvaliteta\/wp-content\/uploads\/sites\/2\/2015\/09\/Povelja-150x150.jpg 150w, https:\/\/www.unios.hr\/kvaliteta\/wp-content\/uploads\/sites\/2\/2015\/09\/Povelja-263x263.jpg 263w\" sizes=\"auto, (max-width: 150px) 100vw, 150px\" \/><\/a><\/div><\/div>\n<div class=\"su-column su-column-size-1-4\"><div class=\"su-column-inner su-u-clearfix su-u-trim\"><a href=\"https:\/\/www.unios.hr\/kvaliteta\/wp-content\/uploads\/sites\/2\/2015\/09\/Povelja_kvalitete_1.jpg\" rel=\"attachment wp-att-897\"><img loading=\"lazy\" decoding=\"async\" class=\"alignnone size-thumbnail wp-image-897\" src=\"https:\/\/www.unios.hr\/kvaliteta\/wp-content\/uploads\/sites\/2\/2015\/09\/Povelja_kvalitete_1-150x150.jpg\" alt=\"Povelja kvalitete\" width=\"150\" height=\"150\" srcset=\"https:\/\/www.unios.hr\/kvaliteta\/wp-content\/uploads\/sites\/2\/2015\/09\/Povelja_kvalitete_1-50x50.jpg 50w, https:\/\/www.unios.hr\/kvaliteta\/wp-content\/uploads\/sites\/2\/2015\/09\/Povelja_kvalitete_1-80x80.jpg 80w, https:\/\/www.unios.hr\/kvaliteta\/wp-content\/uploads\/sites\/2\/2015\/09\/Povelja_kvalitete_1-100x100.jpg 100w, https:\/\/www.unios.hr\/kvaliteta\/wp-content\/uploads\/sites\/2\/2015\/09\/Povelja_kvalitete_1-150x150.jpg 150w, https:\/\/www.unios.hr\/kvaliteta\/wp-content\/uploads\/sites\/2\/2015\/09\/Povelja_kvalitete_1-263x263.jpg 263w, https:\/\/www.unios.hr\/kvaliteta\/wp-content\/uploads\/sites\/2\/2015\/09\/Povelja_kvalitete_1-526x526.jpg 526w\" sizes=\"auto, (max-width: 150px) 100vw, 150px\" \/><\/a><\/div><\/div>\n<div class=\"su-column su-column-size-1-4\"><div class=\"su-column-inner su-u-clearfix su-u-trim\">\n<\/div><\/div>\n<\/div>\n<div class=\"su-spacer\" style=\"height:20px\"><\/div>\n<p style=\"text-align: justify;\">Obilje\u017eavanje hrvatskog Dana kvalitete odr\u017ealo se 11. studenoga 2013. u Vije\u0107nici Hrvatske gospodarske komore u Zagrebu. Na skupu su tradicionalno dodijeljene Povelje HDK-a.<\/p>\n<p style=\"text-align: justify;\">Sveu\u010dili\u0161tu Josipa Jurja Strossmayera u Osijeku dodijeljena je<strong> Povelja za poseban doprinos u edukaciji i promociji kvalitete<\/strong>.<\/p>\n","protected":false},"excerpt":{"rendered":"<p>Obilje\u017eavanje hrvatskog Dana kvalitete odr\u017ealo se 11. studenoga 2013. u Vije\u0107nici Hrvatske gospodarske komore u Zagrebu. Na skupu su tradicionalno dodijeljene Povelje HDK-a. Sveu\u010dili\u0161tu Josipa Jurja Strossmayera u Osijeku dodijeljena je Povelja za poseban doprinos u edukaciji i promociji kvalitete.<\/p>\n","protected":false},"author":9,"featured_media":873,"parent":21,"menu_order":80,"comment_status":"closed","ping_status":"closed","template":"","meta":{"_monsterinsights_skip_tracking":false,"_monsterinsights_sitenote_active":false,"_monsterinsights_sitenote_note":"","_monsterinsights_sitenote_category":0,"ngg_post_thumbnail":0,"footnotes":"","_links_to":"","_links_to_target":""},"coauthors":[95],"class_list":["post-143","page","type-page","status-publish","has-post-thumbnail","hentry"],"publishpress_future_action":{"enabled":false,"date":"2026-05-23 11:13:44","action":"change-status","newStatus":"draft","terms":[],"taxonomy":"avhec_catgroup","extraData":[]},"publishpress_future_workflow_manual_trigger":{"enabledWorkflows":[]},"_links":{"self":[{"href":"https:\/\/www.unios.hr\/kvaliteta\/wp-json\/wp\/v2\/pages\/143","targetHints":{"allow":["GET"]}}],"collection":[{"href":"https:\/\/www.unios.hr\/kvaliteta\/wp-json\/wp\/v2\/pages"}],"about":[{"href":"https:\/\/www.unios.hr\/kvaliteta\/wp-json\/wp\/v2\/types\/page"}],"author":[{"embeddable":true,"href":"https:\/\/www.unios.hr\/kvaliteta\/wp-json\/wp\/v2\/users\/9"}],"replies":[{"embeddable":true,"href":"https:\/\/www.unios.hr\/kvaliteta\/wp-json\/wp\/v2\/comments?post=143"}],"version-history":[{"count":8,"href":"https:\/\/www.unios.hr\/kvaliteta\/wp-json\/wp\/v2\/pages\/143\/revisions"}],"predecessor-version":[{"id":1761,"href":"https:\/\/www.unios.hr\/kvaliteta\/wp-json\/wp\/v2\/pages\/143\/revisions\/1761"}],"up":[{"embeddable":true,"href":"https:\/\/www.unios.hr\/kvaliteta\/wp-json\/wp\/v2\/pages\/21"}],"wp:featuredmedia":[{"embeddable":true,"href":"https:\/\/www.unios.hr\/kvaliteta\/wp-json\/wp\/v2\/media\/873"}],"wp:attachment":[{"href":"https:\/\/www.unios.hr\/kvaliteta\/wp-json\/wp\/v2\/media?parent=143"}],"wp:term":[{"taxonomy":"author","embeddable":true,"href":"https:\/\/www.unios.hr\/kvaliteta\/wp-json\/wp\/v2\/coauthors?post=143"}],"curies":[{"name":"wp","href":"https:\/\/api.w.org\/{rel}","templated":true}]}}