{"id":147,"date":"2015-09-24T08:24:45","date_gmt":"2015-09-24T06:24:45","guid":{"rendered":"http:\/\/demo.unios.hr\/kvaliteta\/?page_id=147"},"modified":"2020-02-18T09:11:08","modified_gmt":"2020-02-18T08:11:08","slug":"hdmk","status":"publish","type":"page","link":"https:\/\/www.unios.hr\/kvaliteta\/djelatnosti\/hdmk\/","title":{"rendered":"HDMK"},"content":{"rendered":"<h4><strong><a href=\"http:\/\/www.hdmk.hr\/\">17. SIMPOZIJ\u00a0O KVALITETI<\/a><\/strong><\/h4>\n<div class=\"su-spacer\" style=\"height:10px\"><\/div>\n<p style=\"text-align: justify\"><img loading=\"lazy\" decoding=\"async\" class=\"size-full wp-image-1428 alignleft\" src=\"https:\/\/www.unios.hr\/kvaliteta\/wp-content\/uploads\/sites\/2\/2015\/09\/HDMK17.jpg\" alt=\"HDMK17\" width=\"303\" height=\"324\" srcset=\"https:\/\/www.unios.hr\/kvaliteta\/wp-content\/uploads\/sites\/2\/2015\/09\/HDMK17-255x273.jpg 255w, https:\/\/www.unios.hr\/kvaliteta\/wp-content\/uploads\/sites\/2\/2015\/09\/HDMK17-281x300.jpg 281w, https:\/\/www.unios.hr\/kvaliteta\/wp-content\/uploads\/sites\/2\/2015\/09\/HDMK17.jpg 303w\" sizes=\"auto, (max-width: 303px) 100vw, 303px\" \/>Autorice Sanja Lon\u010dar-Vickovi\u0107, Zlata Dola\u010dek-Alduk, Marina Holjenko, Vi\u0161nja Sak Bosnar i Dubravka Trampus prijavile su rad <em>&#8220;Sustav upravljanja kvalitetom na Sveu\u010dili\u0161tu Josipa Jurja Strossmayera u Osijeku temeljen na ESG Standardima i smjernicama i zahtjevima norme ISO 9001&#8221;<\/em> za sudjelovanje na 17. me\u0111unarodnom Simpoziju o kvaliteti pod nazivom &#8220;Kvaliteta\u00a0\u010dini razliku&#8221; koji je organiziralo Hrvatsko dru\u0161tvo menad\u017eera kvalitete, u Zadru\u00a016.-18. o\u017eujka 2016. godine.<\/p>\n<p style=\"text-align: justify\">U radu se prikazuju zna\u010dajke u podru\u010dju sustava upravljanja kvalitetom na Sveu\u010dili\u0161tu Josipa Jurja Strossmayera u Osijeku koji se temelji na ESG standardima i smjernicama i zahtjevima norme ISO 9001.<\/p>\n<p style=\"text-align: justify\">Ovakav sustav upravljanja kvalitetom ustrojen je 2012. godine, definiran je izradom prve verzije Priru\u010dnika kvalitete i postupaka sustava upravljanja kvalitetom i certificiran je sukladno zahtjevima norme ISO 9001 za upravljanje nastavnim, znanstveno-istra\u017eiva\u010dkim i poslovnim procesima. Unaprje\u0111enje sustava upravljanja kvalitetom karakterizira: dono\u0161enje revidiranih ESG standarda i smjernica; revizija norme ISO 9001:2015 koja predstavlja podlogu za daljnji razvoj i unaprje\u0111enje sustava upravljanja kvalitetom na osje\u010dkom Sveu\u010dili\u0161tu; revizija Priru\u010dnika kvalitete; revizija postupaka sustava upravljanja kvalitetom; dono\u0161enje nove Politike kvalitete, provedba recertifikacijskog audita sukladno zahtjevima norme ISO 9001 koji je rezultirao obnavljanjem certifikata za naredno trogodi\u0161nje razdoblje (do 2018. godine) kao i formalno odvajanje Centra za unaprje\u0111enje i osiguranje kvalitete visokog obrazovanja od Rektorata Sveu\u010dili\u0161ta Josipa Jurja Strossmayera u Osijeku.<\/p>\n<p style=\"text-align: justify\"><img loading=\"lazy\" decoding=\"async\" class=\"alignnone size-thumbnail wp-image-1985\" src=\"https:\/\/www.unios.hr\/kvaliteta\/wp-content\/uploads\/sites\/2\/2015\/09\/17-HDMK-1-150x150.jpg\" alt=\"17 HDMK\" width=\"150\" height=\"150\" \/> <img loading=\"lazy\" decoding=\"async\" class=\"wp-image-1407 alignright\" src=\"https:\/\/www.unios.hr\/kvaliteta\/wp-content\/uploads\/sites\/2\/2016\/03\/17-HDMK-1.jpg\" alt=\"17 HDMK\" width=\"262\" height=\"194\" srcset=\"https:\/\/www.unios.hr\/kvaliteta\/wp-content\/uploads\/sites\/2\/2016\/03\/17-HDMK-1-255x188.jpg 255w, https:\/\/www.unios.hr\/kvaliteta\/wp-content\/uploads\/sites\/2\/2016\/03\/17-HDMK-1-300x222.jpg 300w, https:\/\/www.unios.hr\/kvaliteta\/wp-content\/uploads\/sites\/2\/2016\/03\/17-HDMK-1.jpg 602w\" sizes=\"auto, (max-width: 262px) 100vw, 262px\" \/><\/p>\n<p style=\"text-align: justify\"><div class=\"su-spacer\" style=\"height:10px\"><\/div>\n<div class=\"su-list su-list-13\" style=\"margin-left:0px\">\n<\/div>\n","protected":false},"excerpt":{"rendered":"<p>17. SIMPOZIJ\u00a0O KVALITETI Autorice Sanja Lon\u010dar-Vickovi\u0107, Zlata Dola\u010dek-Alduk, Marina Holjenko, Vi\u0161nja Sak Bosnar i Dubravka Trampus prijavile su rad &#8220;Sustav upravljanja kvalitetom na Sveu\u010dili\u0161tu Josipa Jurja Strossmayera u Osijeku temeljen na ESG Standardima i smjernicama i zahtjevima norme ISO 9001&#8221; za sudjelovanje na 17. me\u0111unarodnom Simpoziju o kvaliteti pod nazivom &#8220;Kvaliteta\u00a0\u010dini razliku&#8221; koji je organiziralo Hrvatsko dru\u0161tvo menad\u017eera kvalitete, u Zadru\u00a016.-18. o\u017eujka 2016. godine. U radu se prikazuju zna\u010dajke u podru\u010dju sustava upravljanja kvalitetom na Sveu\u010dili\u0161tu Josipa Jurja Strossmayera u Osijeku koji se temelji na ESG standardima i smjernicama i zahtjevima norme ISO 9001. Ovakav sustav upravljanja kvalitetom ustrojen je [&hellip;]<\/p>\n","protected":false},"author":9,"featured_media":873,"parent":21,"menu_order":90,"comment_status":"closed","ping_status":"closed","template":"","meta":{"_monsterinsights_skip_tracking":false,"_monsterinsights_sitenote_active":false,"_monsterinsights_sitenote_note":"","_monsterinsights_sitenote_category":0,"ngg_post_thumbnail":0,"footnotes":"","_links_to":"","_links_to_target":""},"coauthors":[95],"class_list":["post-147","page","type-page","status-publish","has-post-thumbnail","hentry"],"publishpress_future_action":{"enabled":false,"date":"2026-05-24 19:55:59","action":"change-status","newStatus":"draft","terms":[],"taxonomy":"avhec_catgroup","extraData":[]},"publishpress_future_workflow_manual_trigger":{"enabledWorkflows":[]},"_links":{"self":[{"href":"https:\/\/www.unios.hr\/kvaliteta\/wp-json\/wp\/v2\/pages\/147","targetHints":{"allow":["GET"]}}],"collection":[{"href":"https:\/\/www.unios.hr\/kvaliteta\/wp-json\/wp\/v2\/pages"}],"about":[{"href":"https:\/\/www.unios.hr\/kvaliteta\/wp-json\/wp\/v2\/types\/page"}],"author":[{"embeddable":true,"href":"https:\/\/www.unios.hr\/kvaliteta\/wp-json\/wp\/v2\/users\/9"}],"replies":[{"embeddable":true,"href":"https:\/\/www.unios.hr\/kvaliteta\/wp-json\/wp\/v2\/comments?post=147"}],"version-history":[{"count":19,"href":"https:\/\/www.unios.hr\/kvaliteta\/wp-json\/wp\/v2\/pages\/147\/revisions"}],"predecessor-version":[{"id":2072,"href":"https:\/\/www.unios.hr\/kvaliteta\/wp-json\/wp\/v2\/pages\/147\/revisions\/2072"}],"up":[{"embeddable":true,"href":"https:\/\/www.unios.hr\/kvaliteta\/wp-json\/wp\/v2\/pages\/21"}],"wp:featuredmedia":[{"embeddable":true,"href":"https:\/\/www.unios.hr\/kvaliteta\/wp-json\/wp\/v2\/media\/873"}],"wp:attachment":[{"href":"https:\/\/www.unios.hr\/kvaliteta\/wp-json\/wp\/v2\/media?parent=147"}],"wp:term":[{"taxonomy":"author","embeddable":true,"href":"https:\/\/www.unios.hr\/kvaliteta\/wp-json\/wp\/v2\/coauthors?post=147"}],"curies":[{"name":"wp","href":"https:\/\/api.w.org\/{rel}","templated":true}]}}