{"id":604,"date":"2016-02-24T13:38:03","date_gmt":"2016-02-24T12:38:03","guid":{"rendered":"https:\/\/www.unios.hr\/kvaliteta\/?page_id=604"},"modified":"2026-02-09T10:40:58","modified_gmt":"2026-02-09T09:40:58","slug":"procelnica","status":"publish","type":"page","link":"https:\/\/www.unios.hr\/kvaliteta\/o-centru\/procelnica\/","title":{"rendered":"Pro\u010delnica"},"content":{"rendered":"<p style=\"text-align: justify\">Pro\u010delnica Sveu\u010dili\u0161nog centra za osiguravanje i unaprje\u0111ivanje kvalitete visokog obrazovanja<\/p>\n<p>Doc. dr. sc. <strong>Ivana Bara\u0107, mag.psych.<\/strong><\/p>\n<p style=\"text-align: justify\">Senat Sveu\u010dili\u0161ta Josipa Jurja Strossmayera u Osijeku na 4. sjednici u akademskoj 2025.\/2026. odr\u017eanoj 28. sije\u010dnja 2026. godine pod to\u010dkom 2. dnevnog reda donio je Odluku o imenovanju doc. dr. sc. Ivane Bara\u0107 pro\u010delnicom Sveu\u010dili\u0161nog centra za osiguravanje i unaprje\u0111ivanje kvalitete visokog obrazovanja za mandatno razdoblje 2026.-2029.<\/p>\n<p>&nbsp;<\/p>\n<p>&nbsp;<\/p>\n","protected":false},"excerpt":{"rendered":"<p>Pro\u010delnica Sveu\u010dili\u0161nog centra za osiguravanje i unaprje\u0111ivanje kvalitete visokog obrazovanja Doc. dr. sc. Ivana Bara\u0107, mag.psych. Senat Sveu\u010dili\u0161ta Josipa Jurja Strossmayera u Osijeku na 4. sjednici u akademskoj 2025.\/2026. odr\u017eanoj 28. sije\u010dnja 2026. godine pod to\u010dkom 2. dnevnog reda donio je Odluku o imenovanju doc. dr. sc. Ivane Bara\u0107 pro\u010delnicom Sveu\u010dili\u0161nog centra za osiguravanje i unaprje\u0111ivanje kvalitete visokog obrazovanja za mandatno razdoblje 2026.-2029. &nbsp; &nbsp;<\/p>\n","protected":false},"author":9,"featured_media":873,"parent":201,"menu_order":10,"comment_status":"closed","ping_status":"closed","template":"","meta":{"_monsterinsights_skip_tracking":false,"_monsterinsights_sitenote_active":false,"_monsterinsights_sitenote_note":"","_monsterinsights_sitenote_category":0,"ngg_post_thumbnail":0,"footnotes":"","_links_to":"","_links_to_target":""},"coauthors":[95],"class_list":["post-604","page","type-page","status-publish","has-post-thumbnail","hentry"],"publishpress_future_action":{"enabled":false,"date":"2026-04-20 19:38:28","action":"change-status","newStatus":"draft","terms":[],"taxonomy":"avhec_catgroup","extraData":[]},"publishpress_future_workflow_manual_trigger":{"enabledWorkflows":[]},"_links":{"self":[{"href":"https:\/\/www.unios.hr\/kvaliteta\/wp-json\/wp\/v2\/pages\/604","targetHints":{"allow":["GET"]}}],"collection":[{"href":"https:\/\/www.unios.hr\/kvaliteta\/wp-json\/wp\/v2\/pages"}],"about":[{"href":"https:\/\/www.unios.hr\/kvaliteta\/wp-json\/wp\/v2\/types\/page"}],"author":[{"embeddable":true,"href":"https:\/\/www.unios.hr\/kvaliteta\/wp-json\/wp\/v2\/users\/9"}],"replies":[{"embeddable":true,"href":"https:\/\/www.unios.hr\/kvaliteta\/wp-json\/wp\/v2\/comments?post=604"}],"version-history":[{"count":4,"href":"https:\/\/www.unios.hr\/kvaliteta\/wp-json\/wp\/v2\/pages\/604\/revisions"}],"predecessor-version":[{"id":7428,"href":"https:\/\/www.unios.hr\/kvaliteta\/wp-json\/wp\/v2\/pages\/604\/revisions\/7428"}],"up":[{"embeddable":true,"href":"https:\/\/www.unios.hr\/kvaliteta\/wp-json\/wp\/v2\/pages\/201"}],"wp:featuredmedia":[{"embeddable":true,"href":"https:\/\/www.unios.hr\/kvaliteta\/wp-json\/wp\/v2\/media\/873"}],"wp:attachment":[{"href":"https:\/\/www.unios.hr\/kvaliteta\/wp-json\/wp\/v2\/media?parent=604"}],"wp:term":[{"taxonomy":"author","embeddable":true,"href":"https:\/\/www.unios.hr\/kvaliteta\/wp-json\/wp\/v2\/coauthors?post=604"}],"curies":[{"name":"wp","href":"https:\/\/api.w.org\/{rel}","templated":true}]}}