{"id":64,"date":"2015-09-22T21:23:08","date_gmt":"2015-09-22T19:23:08","guid":{"rendered":"http:\/\/demo.unios.hr\/kvaliteta\/?page_id=64"},"modified":"2026-04-23T13:07:22","modified_gmt":"2026-04-23T11:07:22","slug":"uredi","status":"publish","type":"page","link":"https:\/\/www.unios.hr\/kvaliteta\/sustav-kvalitete\/kvaliteta-na-sastavnicama\/uredi\/","title":{"rendered":"Uredi"},"content":{"rendered":"<p style=\"text-align: justify\">Prema Pravilniku o ustroju i djelovanju sustava za osiguranje kvalitete na Sveu\u010dili\u0161tu Josipa Jurja Strossmayera u Osijeku ustrojbene jedinice sustava osiguranja kvalitete na sastavnicama su uredi za osiguravanje i unaprje\u0111ivanje kvalitete.<\/p>\n<div class=\"su-spacer\" style=\"height:20px\"><\/div>\n<h4><strong>Djelatnici ureda za kvalitetu<\/strong><\/h4>\n<div class=\"su-spacer\" style=\"height:10px\"><\/div>\n<div class=\"su-list su-list-13\" style=\"margin-left:0px\">\n<p>&nbsp;<\/p>\n<ul>\n<li><i class=\"sui sui-arrow-right\" style=\"color:#36577f\"><\/i> <strong>Ekonomski fakultet<\/strong> \u2013 <em>Nalanda Kantor, <\/em><em>Sanja Trojan<br \/>\n<\/em><\/li>\n<li><i class=\"sui sui-arrow-right\" style=\"color:#36577f\"><\/i> <strong>Fakultet<\/strong> <strong>agrobiotehni\u010dkih znanosti Osijek \u2013\u00a0 <\/strong><em>Marija Grgi\u0107<\/em><\/li>\n<li><i class=\"sui sui-arrow-right\" style=\"color:#36577f\"><\/i> <strong>Fakultet<\/strong> <strong>za dentalnu medicinu i zdravstvo \u2013 <\/strong><em>Katarina Kereta<\/em><em><br \/>\n<\/em><\/li>\n<li><i class=\"sui sui-arrow-right\" style=\"color:#36577f\"><\/i> <strong>Fakultet<\/strong> <strong>elektrotehnike, ra\u010dunarstva i informacijskih tehnologija<\/strong> \u2013 <em>Miriam Aramba\u0161i\u0107<br \/>\n<\/em><\/li>\n<li><i class=\"sui sui-arrow-right\" style=\"color:#36577f\"><\/i> <strong>Fakultet primijenjene matematike i informatike<\/strong> \u2013\u00a0<em>Marija Sabo<\/em><\/li>\n<li><i class=\"sui sui-arrow-right\" style=\"color:#36577f\"><\/i> <strong>Fakultet turizma i ruralnog razvoja<\/strong> \u2013 <em>Tatjana Pand\u017ei\u0107<\/em><\/li>\n<li><i class=\"sui sui-arrow-right\" style=\"color:#36577f\"><\/i> <strong>Fakultet za odgojne i obrazovne znanosti<\/strong> \u2013 <em>Martina Bala\u017ei\u0107<\/em><\/li>\n<li><i class=\"sui sui-arrow-right\" style=\"color:#36577f\"><\/i> <strong>Filozofski fakultet<\/strong> \u2013 <em>Kristina Juri\u0107<\/em><\/li>\n<li><i class=\"sui sui-arrow-right\" style=\"color:#36577f\"><\/i> <strong>Gra\u0111evinski i arhitektonski fakultet<\/strong> \u2013\u00a0<em>Edita Pinteri\u0107<\/em><\/li>\n<li><i class=\"sui sui-arrow-right\" style=\"color:#36577f\"><\/i> <strong>Katoli\u010dki bogoslovni fakultet<\/strong> \u2013\u00a0<em>Antonija Pranjkovi\u0107<br \/>\n<\/em><\/li>\n<li><i class=\"sui sui-arrow-right\" style=\"color:#36577f\"><\/i> <strong>Kineziolo\u0161ki fakultet<\/strong> \u2013 <em>Barbara Mrkonji\u0107<br \/>\n<\/em><\/li>\n<li><i class=\"sui sui-arrow-right\" style=\"color:#36577f\"><\/i> <strong>Medicinski fakultet<\/strong> \u2013 <em>Sandra Lustig<\/em><\/li>\n<li><i class=\"sui sui-arrow-right\" style=\"color:#36577f\"><\/i> <strong>Pravni fakultet<\/strong> \u2013\u00a0<em>Marijan Duman\u010di\u0107<\/em><\/li>\n<li><i class=\"sui sui-arrow-right\" style=\"color:#36577f\"><\/i> <strong>Prehrambeno-tehnolo\u0161ki fakultet<\/strong> \u2013\u00a0<em>Ivana Lau\u0161<\/em><\/li>\n<li><i class=\"sui sui-arrow-right\" style=\"color:#36577f\"><\/i> <strong>Akademija za umjetnost i kulturu<\/strong> \u2013 <em>Kristina Vinkovi\u0107<br \/>\n<\/em><\/li>\n<li><i class=\"sui sui-arrow-right\" style=\"color:#36577f\"><\/i> <strong>Odjel za biologiju<\/strong> \u2013 <em>Ines Arbanas<br \/>\n<\/em><\/li>\n<li><i class=\"sui sui-arrow-right\" style=\"color:#36577f\"><\/i> <strong>Odjel za fiziku<\/strong> \u2013 <em>Jelena \u017du\u017ei\u0107<br \/>\n<\/em><\/li>\n<li><i class=\"sui sui-arrow-right\" style=\"color:#36577f\"><\/i> <strong>Odjel za kemiju <\/strong>\u2013\u00a0<em>Sanja Petru\u0161i\u0107<\/em><\/li>\n<\/ul>\n<\/div>\n","protected":false},"excerpt":{"rendered":"<p>Prema Pravilniku o ustroju i djelovanju sustava za osiguranje kvalitete na Sveu\u010dili\u0161tu Josipa Jurja Strossmayera u Osijeku ustrojbene jedinice sustava osiguranja kvalitete na sastavnicama su uredi za osiguravanje i unaprje\u0111ivanje kvalitete. Djelatnici ureda za kvalitetu<\/p>\n","protected":false},"author":9,"featured_media":7512,"parent":56,"menu_order":20,"comment_status":"closed","ping_status":"closed","template":"","meta":{"_monsterinsights_skip_tracking":false,"_monsterinsights_sitenote_active":false,"_monsterinsights_sitenote_note":"","_monsterinsights_sitenote_category":0,"ngg_post_thumbnail":0,"footnotes":"","_links_to":"","_links_to_target":""},"coauthors":[95],"class_list":["post-64","page","type-page","status-publish","has-post-thumbnail","hentry"],"publishpress_future_action":{"enabled":false,"date":"2026-05-01 22:38:44","action":"change-status","newStatus":"draft","terms":[],"taxonomy":"avhec_catgroup","extraData":[]},"publishpress_future_workflow_manual_trigger":{"enabledWorkflows":[]},"_links":{"self":[{"href":"https:\/\/www.unios.hr\/kvaliteta\/wp-json\/wp\/v2\/pages\/64","targetHints":{"allow":["GET"]}}],"collection":[{"href":"https:\/\/www.unios.hr\/kvaliteta\/wp-json\/wp\/v2\/pages"}],"about":[{"href":"https:\/\/www.unios.hr\/kvaliteta\/wp-json\/wp\/v2\/types\/page"}],"author":[{"embeddable":true,"href":"https:\/\/www.unios.hr\/kvaliteta\/wp-json\/wp\/v2\/users\/9"}],"replies":[{"embeddable":true,"href":"https:\/\/www.unios.hr\/kvaliteta\/wp-json\/wp\/v2\/comments?post=64"}],"version-history":[{"count":4,"href":"https:\/\/www.unios.hr\/kvaliteta\/wp-json\/wp\/v2\/pages\/64\/revisions"}],"predecessor-version":[{"id":7725,"href":"https:\/\/www.unios.hr\/kvaliteta\/wp-json\/wp\/v2\/pages\/64\/revisions\/7725"}],"up":[{"embeddable":true,"href":"https:\/\/www.unios.hr\/kvaliteta\/wp-json\/wp\/v2\/pages\/56"}],"wp:featuredmedia":[{"embeddable":true,"href":"https:\/\/www.unios.hr\/kvaliteta\/wp-json\/wp\/v2\/media\/7512"}],"wp:attachment":[{"href":"https:\/\/www.unios.hr\/kvaliteta\/wp-json\/wp\/v2\/media?parent=64"}],"wp:term":[{"taxonomy":"author","embeddable":true,"href":"https:\/\/www.unios.hr\/kvaliteta\/wp-json\/wp\/v2\/coauthors?post=64"}],"curies":[{"name":"wp","href":"https:\/\/api.w.org\/{rel}","templated":true}]}}