{"id":68,"date":"2015-09-22T21:26:40","date_gmt":"2015-09-22T19:26:40","guid":{"rendered":"http:\/\/demo.unios.hr\/kvaliteta\/?page_id=68"},"modified":"2026-01-12T12:35:33","modified_gmt":"2026-01-12T11:35:33","slug":"akademsko-priznavanje","status":"publish","type":"page","link":"https:\/\/www.unios.hr\/kvaliteta\/djelatnosti\/akademsko-priznavanje\/","title":{"rendered":"Akademsko priznavanje"},"content":{"rendered":"<div class=\"fusion-fullwidth fullwidth-box nonhundred-percent-fullwidth non-hundred-percent-height-scrolling\"  style='background-color: rgba(255,255,255,0);background-position: center center;background-repeat: no-repeat;padding-top:0px;padding-right:0px;padding-bottom:0px;padding-left:0px;'><div class=\"fusion-builder-row fusion-row \"><div  class=\"fusion-layout-column fusion_builder_column fusion_builder_column_1_1  fusion-one-full fusion-column-first fusion-column-last 1_1\"  style='margin-top:0px;margin-bottom:0px;'>\n\t\t\t\t\t<div class=\"fusion-column-wrapper\" style=\"padding: 0px 0px 0px 0px;background-position:left top;background-repeat:no-repeat;-webkit-background-size:cover;-moz-background-size:cover;-o-background-size:cover;background-size:cover;\"   data-bg-url=\"\">\n\t\t\t\t\t\t<div class=\"fusion-text\"><p style=\"text-align: justify\">Na temelju Zakona o priznavanju i vrednovanju inozemnih obrazovnih kvalifikacija, koji je objavljen u \u201eNarodnim novinama\u201c, broj 69\/22, a stupio je na snagu 25. lipnja 2022. godine, akademsko priznavanje \u2013 priznavanje inozemne visoko\u0161kolske kvalifikacije i priznavanje razdoblja studija provedenog na inozemnoj visoko\u0161kolskoj ustanovi u svrhu nastavka obrazovanja u Republici Hrvatskoj, obavlja visoko u\u010dili\u0161te u Republici Hrvatskoj na kojem osoba \u017eeli nastaviti visoko\u0161kolsko obrazovanje.<\/p>\n<div class=\"su-spacer\" style=\"height:20px\"><\/div>\n<\/div><div class=\"fusion-clearfix\"><\/div>\n\n\t\t\t\t\t<\/div>\n\t\t\t\t<\/div><\/div><\/div><div class=\"fusion-fullwidth fullwidth-box nonhundred-percent-fullwidth non-hundred-percent-height-scrolling\"  style='background-color: rgba(255,255,255,0);background-position: center center;background-repeat: no-repeat;padding-top:0px;padding-right:0px;padding-bottom:0px;padding-left:0px;'><div class=\"fusion-builder-row fusion-row \"><div  class=\"fusion-layout-column fusion_builder_column fusion_builder_column_1_2  fusion-one-half fusion-column-first 1_2\"  style='margin-top:0px;margin-bottom:20px;width:50%;width:calc(50% - ( ( 4% ) * 0.5 ) );margin-right: 4%;'>\n\t\t\t\t\t<div class=\"fusion-column-wrapper\" style=\"padding: 0px 0px 0px 0px;background-position:left top;background-repeat:no-repeat;-webkit-background-size:cover;-moz-background-size:cover;-o-background-size:cover;background-size:cover;\"   data-bg-url=\"\">\n\t\t\t\t\t\t<div class=\"fusion-text\"><h4><\/h4>\n<h4><strong>Upute<\/strong><\/h4>\n<p>Upute za pokretanje postupka akademskog priznavanja inozemnih visoko\u0161kolskih kvalifikacija odnosno priznavanje razdoblja studija provedenog na inozemnoj visoko\u0161kolskoj ustanovi u svrhu nastavka obrazovanja na Sveu\u010dili\u0161tu Josipa Jurja Strossmayera u Osijeku:<\/p>\n<ol>\n<li><strong> Prikupiti potrebnu dokumentaciju<\/strong><\/li>\n<\/ol>\n<ul>\n<li><a href=\"https:\/\/www.unios.hr\/kvaliteta\/wp-content\/uploads\/sites\/2\/2024\/04\/Dokumentacija-za-akademsko-priznavanje.pdf\">Dokumentacija za akademsko priznavanje<\/a><\/li>\n<li><a href=\"https:\/\/www.unios.hr\/kvaliteta\/wp-content\/uploads\/sites\/2\/2024\/04\/Dokumentacija-za-priznavanje-razdoblja-studija.pdf\">Dokumentacija za priznavanje razdoblja studija<\/a><\/li>\n<li><a href=\"https:\/\/www.unios.hr\/kvaliteta\/wp-content\/uploads\/sites\/2\/2015\/09\/50obrazac-za-CV.doc\">Obrazac za CV<\/a><\/li>\n<\/ul>\n<ol start=\"2\">\n<li><strong> Popuniti obrazac zahtjeva<\/strong><\/li>\n<\/ol>\n<p>Obrazac zahtjeva je slu\u017ebeni dokument neophodan za pokretanje postupka priznavanja inozemne visoko\u0161kolske kvalifikacije. Obrazac je potrebno u potpunosti \u010ditko popuniti. Za to\u010dnost podataka odgovara podnositelj zahtjeva svojim potpisom na obrascu zahtjeva. Postupak priznavanja ne mo\u017ee slu\u017ebeno zapo\u010deti ako\u00a0obrazac nije to\u010dno i potpuno ispunjen.<br \/>\nAko do\u0111e do promjene podataka o podnositelju zahtjeva, za vrijeme trajanja postupka priznavanja, podnositelj je du\u017ean o tome pismeno obavijestiti Ured.<\/p>\n<ul>\n<li><a href=\"https:\/\/www.unios.hr\/kvaliteta\/wp-content\/uploads\/sites\/2\/2026\/01\/Obrazac-zahtjeva-za-akademsko-priznavanje-2026.doc\">Obrazac-zahtjeva-za-akademsko-priznavanje-2026<\/a><\/li>\n<li><a href=\"https:\/\/www.unios.hr\/kvaliteta\/wp-content\/uploads\/sites\/2\/2026\/01\/Obrazac-zahtjeva-za-priznavanje-razdoblja-studija-2026.doc\">Obrazac-zahtjeva-za-priznavanje-razdoblja-studija-2026<\/a><\/li>\n<\/ul>\n<\/div><div class=\"fusion-clearfix\"><\/div>\n\n\t\t\t\t\t<\/div>\n\t\t\t\t<\/div><div  class=\"fusion-layout-column fusion_builder_column fusion_builder_column_1_2  fusion-one-half fusion-column-last 1_2\"  style='margin-top:6%;margin-bottom:6%;width:50%;width:calc(50% - ( ( 4% ) * 0.5 ) );'>\n\t\t\t\t\t<div class=\"fusion-column-wrapper\" style=\"border:4px solid #71c115;padding: 0px 4% 0px 4%;background-position:left top;background-repeat:no-repeat;-webkit-background-size:cover;-moz-background-size:cover;-o-background-size:cover;background-size:cover;\"   data-bg-url=\"\">\n\t\t\t\t\t\t<div class=\"fusion-text\"><ol start=\"3\">\n<li><strong> Uplatiti naknadu za tro\u0161kove postupka priznavanja<\/strong><\/li>\n<\/ol>\n<p>Visina naknade, na\u010din raspodjele naknade i oslobo\u0111enja od pla\u0107anja naknade za tro\u0161kove postupka akademskog priznavanja inozemnih visoko\u0161kolskih kvalifikacija odnosno priznavanje razdoblja studija provedenog na inozemnoj visoko\u0161kolskoj ustanovi u svrhu nastavka obrazovanja u Republici Hrvatskoj odre\u0111eni su Pravilnikom o visini naknade za tro\u0161kove postupaka priznavanja i vrednovanja, na\u010dinu raspodjele naknade, oslobo\u0111enja od pla\u0107anja naknade i drugim pitanjima tro\u0161kova postupka (\u201cNarodne novine\u201d, broj 85\/2023).<\/p>\n<ul>\n<li><strong>60,00 eura<\/strong> visina naknade za tro\u0161kove postupka <strong>akademskog priznavanja<\/strong> inozemne visoko\u0161kolske kvalifikacije o zavr\u0161enom preddiplomskom, diplomskom i poslijediplomskom sveu\u010dili\u0161nom i stru\u010dnom studiju.<\/li>\n<li><strong>30,00 eura<\/strong> visina naknade za tro\u0161kove postupka <strong>priznavanja razdoblja studija<\/strong>.<\/li>\n<\/ul>\n<p>U nalogu za pla\u0107anje treba navesti sljede\u0107e podatke:<\/p>\n<p><strong>Primatelj<\/strong><\/p>\n<p>Sveu\u010dili\u0161te Josipa Jurja Strossmayera u Osijeku<br \/>\nSveu\u010dili\u0161ni centar za osiguravanje i unaprje\u0111ivanje kvalitete visokog obrazovanja<br \/>\nCara Hadrijana 10c, 31000 Osijek<br \/>\nIBAN: HR4325000091102012988<br \/>\nSWIFT: HAABHR22<\/p>\n<p><strong>Poziv na broj<\/strong>: <strong>OIB \u2013 2026<\/strong> (datum ro\u0111enja za strane dr\u017eavljane \u2013 u obliku dd\/mm\/gggg)<br \/>\n<strong>Opis pla\u0107anja<\/strong>: tro\u0161kovi postupka akademskog priznavanja IVK<\/p>\n<\/div><div class=\"fusion-clearfix\"><\/div>\n\n\t\t\t\t\t<\/div>\n\t\t\t\t<\/div><\/div><\/div><div class=\"fusion-fullwidth fullwidth-box nonhundred-percent-fullwidth non-hundred-percent-height-scrolling\"  style='background-color: rgba(255,255,255,0);background-position: center center;background-repeat: no-repeat;padding-top:0px;padding-right:0px;padding-bottom:0px;padding-left:0px;'><div class=\"fusion-builder-row fusion-row \"><div  class=\"fusion-layout-column fusion_builder_column fusion_builder_column_1_1  fusion-one-full fusion-column-first fusion-column-last 1_1\"  style='margin-top:0px;margin-bottom:20px;'>\n\t\t\t\t\t<div class=\"fusion-column-wrapper\" style=\"padding: 0px 0px 0px 0px;background-position:left top;background-repeat:no-repeat;-webkit-background-size:cover;-moz-background-size:cover;-o-background-size:cover;background-size:cover;\"   data-bg-url=\"\">\n\t\t\t\t\t\t<div class=\"fusion-text\"><p><strong>4. Poslati dokumentaciju na adresu Centra:<\/strong><\/p>\n<p><strong>Vi\u0161nja Sak Bosnar<\/strong><br \/>\n<strong>Centar za kvalitetu<\/strong><b><br \/>\n<strong>Cara Hadrijana 10c<\/strong><\/b><br \/>\n<strong>31000 Osijek<\/strong><\/p>\n<\/div><div class=\"imageframe-align-center\"><span style=\"border:6px solid #010696;\" class=\"fusion-imageframe imageframe-none imageframe-1 hover-type-none\"><img loading=\"lazy\" decoding=\"async\" src=\"https:\/\/www.unios.hr\/kvaliteta\/wp-content\/uploads\/sites\/2\/2020\/02\/CAMPUS-8-1.jpg\" width=\"1917\" height=\"1121\" alt=\"\" title=\"CAMPUS-8\" class=\"img-responsive wp-image-4837\" srcset=\"https:\/\/www.unios.hr\/kvaliteta\/wp-content\/uploads\/sites\/2\/2020\/02\/CAMPUS-8-1-200x117.jpg 200w, https:\/\/www.unios.hr\/kvaliteta\/wp-content\/uploads\/sites\/2\/2020\/02\/CAMPUS-8-1-400x234.jpg 400w, https:\/\/www.unios.hr\/kvaliteta\/wp-content\/uploads\/sites\/2\/2020\/02\/CAMPUS-8-1-600x351.jpg 600w, https:\/\/www.unios.hr\/kvaliteta\/wp-content\/uploads\/sites\/2\/2020\/02\/CAMPUS-8-1-800x468.jpg 800w, https:\/\/www.unios.hr\/kvaliteta\/wp-content\/uploads\/sites\/2\/2020\/02\/CAMPUS-8-1-1200x702.jpg 1200w, https:\/\/www.unios.hr\/kvaliteta\/wp-content\/uploads\/sites\/2\/2020\/02\/CAMPUS-8-1.jpg 1917w\" sizes=\"auto, (max-width: 800px) 100vw, 1917px\" \/><\/span><\/div><div class=\"fusion-clearfix\"><\/div>\n\n\t\t\t\t\t<\/div>\n\t\t\t\t<\/div><\/div><\/div>\n","protected":false},"excerpt":{"rendered":"","protected":false},"author":9,"featured_media":873,"parent":21,"menu_order":10,"comment_status":"closed","ping_status":"closed","template":"","meta":{"_monsterinsights_skip_tracking":false,"_monsterinsights_sitenote_active":false,"_monsterinsights_sitenote_note":"","_monsterinsights_sitenote_category":0,"ngg_post_thumbnail":0,"footnotes":"","_links_to":"","_links_to_target":""},"coauthors":[95],"class_list":["post-68","page","type-page","status-publish","has-post-thumbnail","hentry"],"publishpress_future_action":{"enabled":false,"date":"2026-05-02 08:05:09","action":"change-status","newStatus":"draft","terms":[],"taxonomy":"avhec_catgroup","extraData":[]},"publishpress_future_workflow_manual_trigger":{"enabledWorkflows":[]},"_links":{"self":[{"href":"https:\/\/www.unios.hr\/kvaliteta\/wp-json\/wp\/v2\/pages\/68","targetHints":{"allow":["GET"]}}],"collection":[{"href":"https:\/\/www.unios.hr\/kvaliteta\/wp-json\/wp\/v2\/pages"}],"about":[{"href":"https:\/\/www.unios.hr\/kvaliteta\/wp-json\/wp\/v2\/types\/page"}],"author":[{"embeddable":true,"href":"https:\/\/www.unios.hr\/kvaliteta\/wp-json\/wp\/v2\/users\/9"}],"replies":[{"embeddable":true,"href":"https:\/\/www.unios.hr\/kvaliteta\/wp-json\/wp\/v2\/comments?post=68"}],"version-history":[{"count":4,"href":"https:\/\/www.unios.hr\/kvaliteta\/wp-json\/wp\/v2\/pages\/68\/revisions"}],"predecessor-version":[{"id":7325,"href":"https:\/\/www.unios.hr\/kvaliteta\/wp-json\/wp\/v2\/pages\/68\/revisions\/7325"}],"up":[{"embeddable":true,"href":"https:\/\/www.unios.hr\/kvaliteta\/wp-json\/wp\/v2\/pages\/21"}],"wp:featuredmedia":[{"embeddable":true,"href":"https:\/\/www.unios.hr\/kvaliteta\/wp-json\/wp\/v2\/media\/873"}],"wp:attachment":[{"href":"https:\/\/www.unios.hr\/kvaliteta\/wp-json\/wp\/v2\/media?parent=68"}],"wp:term":[{"taxonomy":"author","embeddable":true,"href":"https:\/\/www.unios.hr\/kvaliteta\/wp-json\/wp\/v2\/coauthors?post=68"}],"curies":[{"name":"wp","href":"https:\/\/api.w.org\/{rel}","templated":true}]}}