{"id":6849,"date":"2024-04-12T08:33:11","date_gmt":"2024-04-12T06:33:11","guid":{"rendered":"https:\/\/www.unios.hr\/kvaliteta\/?page_id=6849"},"modified":"2026-04-20T13:37:20","modified_gmt":"2026-04-20T11:37:20","slug":"inicijalna-akreditacija-studijskih-programa","status":"publish","type":"page","link":"https:\/\/www.unios.hr\/kvaliteta\/djelatnosti\/inicijalna-akreditacija-studijskih-programa\/","title":{"rendered":"Inicijalna akreditacija studijskih programa"},"content":{"rendered":"<p><strong>Inicijalna akreditacija studijskih programa<\/strong><\/p>\n<p>Cilj postupka inicijalne akreditacije je vrednovati i ocijeniti kvalitetu novog studija u skladu s nacionalnim zakonskim kriterijima, Standardima i smjernicama za osiguravanje kvalitete u Europskom prostoru visokog obrazovanja (ESG) te me\u0111unarodnim trendovima i primjerima dobre prakse.<br \/>\nSvrha postupka inicijalne akreditacije osigurati kvalitetu novih studija koje predla\u017eu visoka u\u010dili\u0161ta te potaknuti njihova daljnja unaprje\u0111enja.<\/p>\n<p>Postupak inicijalne akreditacije studija provodi Agencija za znanost i visoko obrazovanje.<\/p>\n<p>&nbsp;<\/p>\n<p><strong>Razlozi pokretanja postupka inicijalne akreditacija studija<\/strong><\/p>\n<p>Sukladno \u010dl. 9. st. 3. Zakona o osiguravanju kvalitete u visokom obrazovanju i znanosti (NN 151\/22) inicijalna akreditacija studija provodi se u slu\u010daju:<\/p>\n<ol>\n<li>uvo\u0111enja novoga studija na visokom u\u010dili\u0161tu<\/li>\n<li>izmjene sunositelja zdru\u017eenog studija<\/li>\n<li>izmjene mjesta izvo\u0111enja studija<\/li>\n<li>izmjene jezika izvo\u0111enja studija<\/li>\n<li>izmjene stru\u010dnog ili akademskog naziva ili akademskog stupnja koji se stje\u010de zavr\u0161etkom studija<\/li>\n<li>izmjene na\u010dina izvo\u0111enja studija<\/li>\n<li>izmjene ve\u0107e od jedne tre\u0107ine ishoda u\u010denja koji se stje\u010du zavr\u0161etkom modula studija ili studija.<\/li>\n<\/ol>\n<p>&nbsp;<\/p>\n<p><strong>Postupak inicijalne akreditacije<\/strong><\/p>\n<p>Za pokretanje postupka inicijalne akreditacije potrebno je dostaviti potpunu dokumentaciju u elektroni\u010dkom obliku na adresu <a href=\"mailto:dtrampus@unios.hr\">dtrampus@unios.hr<\/a><\/p>\n<p>&nbsp;<\/p>\n<p><strong>Dokumentacija<\/strong><\/p>\n<p>Postupak inicijalne akreditacije studija pokre\u0107e se zahtjevom za izdavanje dopusnice za izvo\u0111enje studija.<\/p>\n<p>Uz zahtjev se dostavlja:<\/p>\n<ol>\n<li>prijedlog studijskog programa (hrv i eng) i odluku ovla\u0161tenog vije\u0107a sastavnice Sveu\u010dili\u0161ta o usvajanju prijedloga novog studijskog programa<\/li>\n<li>mi\u0161ljenje nadle\u017enog tijela o ispunjavanju propisanih uvjeta za regulirane profesije<\/li>\n<li>elaborat o opravdanosti izvo\u0111enja studija za javno visoko u\u010dili\u0161te (hrv i eng)<\/li>\n<li>ugovore o radu s nastavnicima<\/li>\n<li>dokaze o raspolaganju prostorom i opremom za izvo\u0111enje studija<\/li>\n<li>dokaze o financijskim sredstvima za izvo\u0111enje studija.<\/li>\n<\/ol>\n<p>Za inicijalnu akreditaciju zdru\u017eenog studija doma\u0107ih visokih u\u010dili\u0161ta dostavlja se i ugovor zaklju\u010den izme\u0111u visokih u\u010dili\u0161ta, odnosno visokog u\u010dili\u0161ta i javnog znanstvenog instituta, kojim je ure\u0111en ustroj, izvedba, zavr\u0161etak, mjesto izvo\u0111enja, nositelj i na\u010din izdavanja zavr\u0161ne isprave zdru\u017eenog studija te nositelj akreditacijskog postupka zdru\u017eenog studija.<\/p>\n<p>Visoko u\u010dili\u0161te kojemu je u postupku reakreditacije izdano pismo o\u010dekivanja ne mo\u017ee podnijeti zahtjev za inicijalnu akreditaciju studija prije otklanjanja nedostataka prethodno utvr\u0111enih pismom o\u010dekivanja u posljednjoj reakreditaciji. (\u010dl. 15. st. 6. ZOK-a).<\/p>\n<p>Sukladno \u010dl. 163. st. 6. Statuta Sveu\u010dili\u0161ta Josipa Jurja Strossmayera u Osijeku ovla\u0161teni predlagatelj prije pokretanja postupka inicijalne akreditacije dostavlja elektroni\u010dki Sveu\u010dili\u0161nom centru za osiguravanje i unaprje\u0111ivanje kvalitete visokog obrazovanja prijedlog studijskog programa i dokumentaciju koja se dostavlja uz zahtjev.<\/p>\n<p>Centar nakon zaprimanja zahtjeva provjerava sadr\u017eaj prijedloga studijskog programa i prilo\u017eenu dokumentaciju. Ako Centar utvrdi da prijedlog studijskog programa ima propisan sadr\u017eaj i potpunu dokumentaciju u skladu sa Zakonom i propisima kojima se ure\u0111uje osiguravanje kvalitete u visokom obrazovanju i znanosti izdaje predlagatelju studijskog programa suglasnost za pokretanje postupka inicijalne akreditacije u roku od 15 dana od dana zaprimanja.<\/p>\n<p>Ako Centar utvrdi da prijedlog studijskog programa nema sve propisane elemente ili je nepotpuna ili neodgovaraju\u0107a dokumentacija zatra\u017eit \u0107e od predlagatelja da u roku od 8 dana od dana zaprimanja dostavi dopunu ili izmjenu.<\/p>\n<p>Temeljem Zakona o osiguravanju kvalitete u visokom obrazovanju i znanosti (NN 151\/22) i provedene javne rasprave Akreditacijski je savjet Agencije za znanost i visoko obrazovanje na svojoj sjednici odr\u017eanoj 11. svibnja 2023. godine donio Standarde kvalitete za vrednovanje u postupku inicijalne akreditacije prijediplomskog, diplomskog, integriranog, specijalisti\u010dkog i kratkog studija, Upute za provo\u0111enje postupka inicijalne akreditacije studija te popratnu dokumentaciju.<\/p>\n<p><strong>\u00a0<\/strong><\/p>\n<p><strong>Vezani dokumenti<\/strong><\/p>\n<p><strong>Standardi kvalitete za vrednovanje u postupku inicijalne akreditacije prijediplomskog, diplomskog, integriranog, specijalisti\u010dkog i kratkog studija<\/strong>\u00a0 <a href=\"https:\/\/www.azvo.hr\/wp-azvo-files\/uploads\/2021\/12\/Standardi_kvalitete_za_inicijalnu_akreditaciju_studija.pdf\">https:\/\/www.azvo.hr\/wp-azvo-files\/uploads\/2021\/12\/Standardi_kvalitete_za_inicijalnu_akreditaciju_studija.pdf<\/a><\/p>\n<p><strong>Standardi kvalitete za inicijalnu akreditaciju doktorskog studija<\/strong> <a href=\"https:\/\/www.azvo.hr\/images\/stories\/novosti2023\/Standardi_kvalitete_za_inicijalnu_akreditaciju_doktorskog_studija.pdf\">https:\/\/www.azvo.hr\/images\/stories\/novosti2023\/Standardi_kvalitete_za_inicijalnu_akreditaciju_doktorskog_studija.pdf<\/a><\/p>\n<p><strong>Upute za provo\u0111enje postupka inicijalne akreditacije studija<\/strong> <a href=\"https:\/\/www.azvo.hr\/wp-azvo-files\/uploads\/2021\/12\/Upute_za_provodenje_inicijalne_akreditacije_studija.pdf\">https:\/\/www.azvo.hr\/wp-azvo-files\/uploads\/2021\/12\/Upute_za_provodenje_inicijalne_akreditacije_studija.pdf<\/a><\/p>\n<p><strong>Obrazac zahtjeva za inicijalnu akreditaciju <\/strong><strong>prijediplomskog, diplomskog, integriranog, specijalisti\u010dkog i kratkog studija<\/strong> <a href=\"https:\/\/www.azvo.hr\/wp-azvo-files\/uploads\/2021\/12\/Obrazac_zahtjeva_za_inicijalnu_akreditaciju_studija.docx\">https:\/\/www.azvo.hr\/wp-azvo-files\/uploads\/2021\/12\/Obrazac_zahtjeva_za_inicijalnu_akreditaciju_studija.docx<\/a><\/p>\n<p><strong>Obrazac zahtjeva za inicijalnu akreditaciju \u00a0doktorskih studija <\/strong><a href=\"https:\/\/www.azvo.hr\/vrednovanja\/vrednovanja-u-visokom-obrazovanju\/inicijalna-akreditacija-doktorskih-studija\/\">https:\/\/www.azvo.hr\/vrednovanja\/vrednovanja-u-visokom-obrazovanju\/inicijalna-akreditacija-doktorskih-studija\/<\/a><\/p>\n<p>&nbsp;<\/p>\n","protected":false},"excerpt":{"rendered":"<p>Inicijalna akreditacija studijskih programa Cilj postupka inicijalne akreditacije je vrednovati i ocijeniti kvalitetu novog studija u skladu s nacionalnim zakonskim kriterijima, Standardima i smjernicama za osiguravanje kvalitete u Europskom prostoru visokog obrazovanja (ESG) te me\u0111unarodnim trendovima i primjerima dobre prakse. Svrha postupka inicijalne akreditacije osigurati kvalitetu novih studija koje predla\u017eu visoka u\u010dili\u0161ta te potaknuti njihova daljnja unaprje\u0111enja. Postupak inicijalne akreditacije studija provodi Agencija za znanost i visoko obrazovanje. &nbsp; Razlozi pokretanja postupka inicijalne akreditacija studija Sukladno \u010dl. 9. st. 3. Zakona o osiguravanju kvalitete u visokom obrazovanju i znanosti (NN 151\/22) inicijalna akreditacija studija provodi se u slu\u010daju: uvo\u0111enja novoga [&hellip;]<\/p>\n","protected":false},"author":9,"featured_media":873,"parent":21,"menu_order":0,"comment_status":"closed","ping_status":"closed","template":"","meta":{"_monsterinsights_skip_tracking":false,"_monsterinsights_sitenote_active":false,"_monsterinsights_sitenote_note":"","_monsterinsights_sitenote_category":0,"ngg_post_thumbnail":0,"footnotes":"","_links_to":"","_links_to_target":""},"coauthors":[95],"class_list":["post-6849","page","type-page","status-publish","has-post-thumbnail","hentry"],"publishpress_future_action":{"enabled":false,"date":"2026-05-22 17:39:24","action":"change-status","newStatus":"draft","terms":[],"taxonomy":"avhec_catgroup","extraData":[]},"publishpress_future_workflow_manual_trigger":{"enabledWorkflows":[]},"_links":{"self":[{"href":"https:\/\/www.unios.hr\/kvaliteta\/wp-json\/wp\/v2\/pages\/6849","targetHints":{"allow":["GET"]}}],"collection":[{"href":"https:\/\/www.unios.hr\/kvaliteta\/wp-json\/wp\/v2\/pages"}],"about":[{"href":"https:\/\/www.unios.hr\/kvaliteta\/wp-json\/wp\/v2\/types\/page"}],"author":[{"embeddable":true,"href":"https:\/\/www.unios.hr\/kvaliteta\/wp-json\/wp\/v2\/users\/9"}],"replies":[{"embeddable":true,"href":"https:\/\/www.unios.hr\/kvaliteta\/wp-json\/wp\/v2\/comments?post=6849"}],"version-history":[{"count":3,"href":"https:\/\/www.unios.hr\/kvaliteta\/wp-json\/wp\/v2\/pages\/6849\/revisions"}],"predecessor-version":[{"id":7626,"href":"https:\/\/www.unios.hr\/kvaliteta\/wp-json\/wp\/v2\/pages\/6849\/revisions\/7626"}],"up":[{"embeddable":true,"href":"https:\/\/www.unios.hr\/kvaliteta\/wp-json\/wp\/v2\/pages\/21"}],"wp:featuredmedia":[{"embeddable":true,"href":"https:\/\/www.unios.hr\/kvaliteta\/wp-json\/wp\/v2\/media\/873"}],"wp:attachment":[{"href":"https:\/\/www.unios.hr\/kvaliteta\/wp-json\/wp\/v2\/media?parent=6849"}],"wp:term":[{"taxonomy":"author","embeddable":true,"href":"https:\/\/www.unios.hr\/kvaliteta\/wp-json\/wp\/v2\/coauthors?post=6849"}],"curies":[{"name":"wp","href":"https:\/\/api.w.org\/{rel}","templated":true}]}}