{"id":75,"date":"2025-11-21T09:00:29","date_gmt":"2025-11-21T08:00:29","guid":{"rendered":"http:\/\/demo.unios.hr\/kvaliteta\/?page_id=75"},"modified":"2025-11-21T10:03:44","modified_gmt":"2025-11-21T09:03:44","slug":"jedinstvena-sveucilisna-anketa","status":"publish","type":"page","link":"https:\/\/www.unios.hr\/kvaliteta\/djelatnosti\/jedinstvena-sveucilisna-anketa\/","title":{"rendered":"Jedinstvena sveu\u010dili\u0161na anketa"},"content":{"rendered":"<p style=\"text-align: center\"><img loading=\"lazy\" decoding=\"async\" class=\"alignnone size-full wp-image-6842\" src=\"https:\/\/www.unios.hr\/kvaliteta\/wp-content\/uploads\/sites\/2\/2024\/03\/Anketa-logo-fakulteta.png\" alt=\"\" width=\"1949\" height=\"896\" srcset=\"https:\/\/www.unios.hr\/kvaliteta\/wp-content\/uploads\/sites\/2\/2024\/03\/Anketa-logo-fakulteta-200x92.png 200w, https:\/\/www.unios.hr\/kvaliteta\/wp-content\/uploads\/sites\/2\/2024\/03\/Anketa-logo-fakulteta-300x138.png 300w, https:\/\/www.unios.hr\/kvaliteta\/wp-content\/uploads\/sites\/2\/2024\/03\/Anketa-logo-fakulteta-400x184.png 400w, https:\/\/www.unios.hr\/kvaliteta\/wp-content\/uploads\/sites\/2\/2024\/03\/Anketa-logo-fakulteta-600x276.png 600w, https:\/\/www.unios.hr\/kvaliteta\/wp-content\/uploads\/sites\/2\/2024\/03\/Anketa-logo-fakulteta-800x368.png 800w, https:\/\/www.unios.hr\/kvaliteta\/wp-content\/uploads\/sites\/2\/2024\/03\/Anketa-logo-fakulteta-1024x471.png 1024w, https:\/\/www.unios.hr\/kvaliteta\/wp-content\/uploads\/sites\/2\/2024\/03\/Anketa-logo-fakulteta-1200x552.png 1200w, https:\/\/www.unios.hr\/kvaliteta\/wp-content\/uploads\/sites\/2\/2024\/03\/Anketa-logo-fakulteta-1536x706.png 1536w, https:\/\/www.unios.hr\/kvaliteta\/wp-content\/uploads\/sites\/2\/2024\/03\/Anketa-logo-fakulteta.png 1949w\" sizes=\"auto, (max-width: 1949px) 100vw, 1949px\" \/><\/p>\n<p style=\"text-align: justify\">Sustavno anketiranje studenata na Sveu\u010dili\u0161tu Josipa Jurja Strossmayera u Osijeku, s ciljem provjere kvalitete studiranja iz studentske vizure, pokrenuto je jo\u0161 2006. godine, a studenti su tada vrjednovali predmete i nastavnike prvog semestra studija. Od 2006. do 2014. godine oblik, opseg i organizacija ankete postupno su mijenjani i unaprje\u0111ivani\u00a0na\u00a0temelju reakcija studenata, nastavnika, uprava fakulteta i Sveu\u010dili\u0161ta. Godine 2007. zapo\u010dela je djelomi\u010dna elektroni\u010dka provedba ankete, koja se danas u cijelosti provodi elektroni\u010dki, uz tehni\u010dku potporu tima s Elektrotehni\u010dkog fakulteta u Osijeku. Kontinuirano se pove\u0107avao broj evaluiranih predmeta i nastavnika te broj studenata koji sudjeluju u anketi, a unaprje\u0111ivala se i kvaliteta grafi\u010dkih i numeri\u010dkih prikaza rezultata ankete. Izgled anketnog obrasca modificiran je u suradnji sa stru\u010dnjacima s Filozofskog fakulteta u Osijeku.<\/p>\n<p style=\"text-align: justify\">Godine 2015. na temelju prethodnih iskustava u rezultatima Jedinstvene sveu\u010dili\u0161ne studentske ankete, Centar za unaprje\u0111enje i osiguranje kvalitete visokog obrazovanja je u suradnji s upravom Sveu\u010dili\u0161ta dodatno promijenio izgled anketnog obrasca. Smanjen je ukupan broj pitanja po nastavniku\/suradniku, anketa je pro\u0161irena pitanjima o va\u017enosti kolegija za budu\u0107u karijeru i redovitosti poha\u0111anja nastave studenata. Prvi put postavljena su i dodatna pitanja vezana uz eventualne slu\u010dajeve diskriminacije, zlostavljanja ili seksualnog zlostavljanja.<\/p>\n<div>\n<div><\/div>\n<div>\n<p style=\"text-align: justify\">Jedinstvena sveu\u010dili\u0161na studentska anketa za akademsku 2024.\/2025. godinu<\/strong> provedena je na Sveu\u010dili\u0161tu Josipa Jurja Strossmayera u Osijeku od svibnja (samo zavr\u0161ne godine) te tijekom rujna i listopada 2025. godine. U provedbi ankete sudjelovali su djelatnici Sveu\u010dili\u0161nog centra za osiguravanje i unaprje\u0111ivanje kvalitete visokog obrazovanja, \u010dlanovi Odbora za za osiguravanje i unaprje\u0111ivanje kvalitete visokog obrazovanja, \u010dlanovi povjerenstava za osiguravanje i unaprje\u0111ivanje kvalitete , djelatnici ureda za kvalitetu i djelatnici studentskih slu\u017ebi sveu\u010dili\u0161nih sastavnica te informati\u010dki tim s Fakulteta elektrotehnike, ra\u010dunarstva i informacijskih tehnologija Osijek. Anketi su pristupili studenti svih godina sveu\u010dili\u0161nih i stru\u010dnih studija sa 18 sastavnica sveu\u010dili\u0161ta, a evaluirali su predmete, nastavnike i suradnike u teku\u0107oj akademskoj godini.<\/p>\n<\/div>\n<p>U anketi je sudjelovalo <b>9 502 studenata<\/b> \u0161to je <b>81.562%<\/b> od ukupno <b>11 650<\/b> studenata koji su mogli pristupiti anketi. Postotak ispunjavanja ankete kre\u0107e se od <b>52.46%<\/b> (Odjel za fiziku) do <b>94.14%<\/b> (Fakultet za odgojne i obrazovne znanosti). Evaluirano je <b>2 314<\/b> nastavnika i suradnika sa svih godina svih studijskih programa koji se izvode na prijediplomskoj i diplomskoj razini, a ukupno su studenti ispunili <b>278 744<\/b> anketa i time odgovorili na <b>1 393 720<\/b> pitanja.<\/p>\n<p>Studenti su nastavnike i suradnike ocjenjivali ocjenama od jedan (najlo\u0161ija ocjena) do pet (najbolja ocjena). Postignuta prosje\u010dna ocjena na razini cijelog Sveu\u010dili\u0161ta za nastavnike i suradnike je <b>4.78<\/b>.<\/p>\n<\/div>\n<p style=\"text-align: center\"><img loading=\"lazy\" decoding=\"async\" class=\"alignnone size-thumb_409x258 wp-image-5978\" src=\"https:\/\/www.unios.hr\/kvaliteta\/wp-content\/uploads\/sites\/2\/2017\/11\/Anketa-1_21-350x258.png\" alt=\"Anketa 1_21\" width=\"350\" height=\"258\" \/><\/p>\n<p style=\"text-align: justify\"><a href=\"https:\/\/www.unios.hr\/kvaliteta\/djelatnosti\/jedinstvena-sveucilisna-anketa\/arhiva-provedenih-anketa\/\">Arhiva provedenih anketa<\/a><\/p>\n<p>&nbsp;<\/p>\n","protected":false},"excerpt":{"rendered":"<p>Sustavno anketiranje studenata na Sveu\u010dili\u0161tu Josipa Jurja Strossmayera u Osijeku, s ciljem provjere kvalitete studiranja iz studentske vizure, pokrenuto je jo\u0161 2006. godine, a studenti su tada vrjednovali predmete i nastavnike prvog semestra studija. Od 2006. do 2014. godine oblik, opseg i organizacija ankete postupno su mijenjani i unaprje\u0111ivani\u00a0na\u00a0temelju reakcija studenata, nastavnika, uprava fakulteta i Sveu\u010dili\u0161ta. Godine 2007. zapo\u010dela je djelomi\u010dna elektroni\u010dka provedba ankete, koja se danas u cijelosti provodi elektroni\u010dki, uz tehni\u010dku potporu tima s Elektrotehni\u010dkog fakulteta u Osijeku. Kontinuirano se pove\u0107avao broj evaluiranih predmeta i nastavnika te broj studenata koji sudjeluju u anketi, a unaprje\u0111ivala se i kvaliteta [&hellip;]<\/p>\n","protected":false},"author":9,"featured_media":2710,"parent":21,"menu_order":30,"comment_status":"closed","ping_status":"closed","template":"","meta":{"_monsterinsights_skip_tracking":false,"_monsterinsights_sitenote_active":false,"_monsterinsights_sitenote_note":"","_monsterinsights_sitenote_category":0,"ngg_post_thumbnail":0,"footnotes":"","_links_to":"","_links_to_target":""},"coauthors":[95],"class_list":["post-75","page","type-page","status-publish","has-post-thumbnail","hentry"],"publishpress_future_action":{"enabled":false,"date":"2026-05-01 22:38:44","action":"change-status","newStatus":"draft","terms":[],"taxonomy":"avhec_catgroup","extraData":[]},"publishpress_future_workflow_manual_trigger":{"enabledWorkflows":[]},"_links":{"self":[{"href":"https:\/\/www.unios.hr\/kvaliteta\/wp-json\/wp\/v2\/pages\/75","targetHints":{"allow":["GET"]}}],"collection":[{"href":"https:\/\/www.unios.hr\/kvaliteta\/wp-json\/wp\/v2\/pages"}],"about":[{"href":"https:\/\/www.unios.hr\/kvaliteta\/wp-json\/wp\/v2\/types\/page"}],"author":[{"embeddable":true,"href":"https:\/\/www.unios.hr\/kvaliteta\/wp-json\/wp\/v2\/users\/9"}],"replies":[{"embeddable":true,"href":"https:\/\/www.unios.hr\/kvaliteta\/wp-json\/wp\/v2\/comments?post=75"}],"version-history":[{"count":5,"href":"https:\/\/www.unios.hr\/kvaliteta\/wp-json\/wp\/v2\/pages\/75\/revisions"}],"predecessor-version":[{"id":7278,"href":"https:\/\/www.unios.hr\/kvaliteta\/wp-json\/wp\/v2\/pages\/75\/revisions\/7278"}],"up":[{"embeddable":true,"href":"https:\/\/www.unios.hr\/kvaliteta\/wp-json\/wp\/v2\/pages\/21"}],"wp:featuredmedia":[{"embeddable":true,"href":"https:\/\/www.unios.hr\/kvaliteta\/wp-json\/wp\/v2\/media\/2710"}],"wp:attachment":[{"href":"https:\/\/www.unios.hr\/kvaliteta\/wp-json\/wp\/v2\/media?parent=75"}],"wp:term":[{"taxonomy":"author","embeddable":true,"href":"https:\/\/www.unios.hr\/kvaliteta\/wp-json\/wp\/v2\/coauthors?post=75"}],"curies":[{"name":"wp","href":"https:\/\/api.w.org\/{rel}","templated":true}]}}