{"id":81,"date":"2015-09-22T21:33:11","date_gmt":"2015-09-22T19:33:11","guid":{"rendered":"http:\/\/demo.unios.hr\/kvaliteta\/?page_id=81"},"modified":"2025-10-22T09:34:46","modified_gmt":"2025-10-22T07:34:46","slug":"politika-kvalitete","status":"publish","type":"page","link":"https:\/\/www.unios.hr\/kvaliteta\/dokumenti-i-propisi\/politika-kvalitete\/","title":{"rendered":"Politika kvalitete"},"content":{"rendered":"<p>Politika kvalitete predstavlja temeljno opredjeljenje Sveu\u010dili\u0161ta Josipa Jurja Strossmayera u Osijeku za postizanje izvrsnosti u svim podru\u010djima svoga djelovanja &#8211; u obrazovanju, znanstveno-istra\u017eiva\u010dkom radu, suradnji s dru\u0161tvenom zajednicom te upravljanju resursima. Politika kvalitete predstavlja strate\u0161ki okvir koji osigurava sustavno planiranje, provedbu, pra\u0107enje i unaprje\u0111enje svih akademskih i administrativnih aktivnosti.<\/p>\n<p>Sveu\u010dili\u0161te u Osijeku njeguje kulturu kvalitete kroz transparentnost, odgovornost, uklju\u010divost i stalno unaprje\u0111enje uz aktivno sudjelovanje svih dionika \u2013 studenata, nastavnog i nenastavnog osoblja te vanjskih dionika. Na taj na\u010din se stvara poticajno okru\u017eenje za razvoj znanja, vje\u0161tina i inovacija, u skladu s nacionalnim propisima i europskim standardima visokog obrazovanja.<\/p>\n<p>Sustav osiguravanja kvalitete obuhva\u0107a redovito vrednovanje studijskih programa, pra\u0107enje nastavnih i znanstvenih ishoda, prikupljanje povratnih informacija te primjenu mjera za pobolj\u0161anje. Cilj je Sveu\u010dili\u0161ta Josipa Jurja Strossmayera u Osijeku pru\u017eiti relevantno, u\u010dinkovito i dru\u0161tveno odgovorno obrazovanje, ja\u010dati me\u0111unarodnu prepoznatljivost i doprinositi razvoju zajednice.<\/p>\n<p><a href=\"https:\/\/www.unios.hr\/kvaliteta\/wp-content\/uploads\/sites\/2\/2025\/10\/Politika-kvalitete-2025.pdf\">Politika kvalitete 2025<\/a>.<\/p>\n<p>&nbsp;<\/p>\n<div class=\"su-spacer\" style=\"height:10px\"><\/div>\n<div class=\"su-row\">\n<div class=\"su-column su-column-size-1-4\"><div class=\"su-column-inner su-u-clearfix su-u-trim\">\u00a0<\/div><\/div>\n<div class=\"su-column su-column-size-1-4\"><div class=\"su-column-inner su-u-clearfix su-u-trim\">\u00a0<\/div><\/div>\n<div class=\"su-column su-column-size-1-4\"><div class=\"su-column-inner su-u-clearfix su-u-trim\">\u00a0<\/div><\/div>\n<div class=\"su-column su-column-size-1-4\"><div class=\"su-column-inner su-u-clearfix su-u-trim\">\n<\/div><\/div>\n<\/div>\n","protected":false},"excerpt":{"rendered":"<p>Politika kvalitete predstavlja temeljno opredjeljenje Sveu\u010dili\u0161ta Josipa Jurja Strossmayera u Osijeku za postizanje izvrsnosti u svim podru\u010djima svoga djelovanja &#8211; u obrazovanju, znanstveno-istra\u017eiva\u010dkom radu, suradnji s dru\u0161tvenom zajednicom te upravljanju resursima. Politika kvalitete predstavlja strate\u0161ki okvir koji osigurava sustavno planiranje, provedbu, pra\u0107enje i unaprje\u0111enje svih akademskih i administrativnih aktivnosti. Sveu\u010dili\u0161te u Osijeku njeguje kulturu kvalitete kroz transparentnost, odgovornost, uklju\u010divost i stalno unaprje\u0111enje uz aktivno sudjelovanje svih dionika \u2013 studenata, nastavnog i nenastavnog osoblja te vanjskih dionika. Na taj na\u010din se stvara poticajno okru\u017eenje za razvoj znanja, vje\u0161tina i inovacija, u skladu s nacionalnim propisima i europskim standardima visokog obrazovanja. Sustav [&hellip;]<\/p>\n","protected":false},"author":9,"featured_media":873,"parent":23,"menu_order":20,"comment_status":"closed","ping_status":"closed","template":"","meta":{"_monsterinsights_skip_tracking":false,"_monsterinsights_sitenote_active":false,"_monsterinsights_sitenote_note":"","_monsterinsights_sitenote_category":0,"ngg_post_thumbnail":0,"footnotes":"","_links_to":"","_links_to_target":""},"coauthors":[95],"class_list":["post-81","page","type-page","status-publish","has-post-thumbnail","hentry"],"publishpress_future_action":{"enabled":false,"date":"2026-05-09 13:48:47","action":"change-status","newStatus":"draft","terms":[],"taxonomy":"avhec_catgroup","extraData":[]},"publishpress_future_workflow_manual_trigger":{"enabledWorkflows":[]},"_links":{"self":[{"href":"https:\/\/www.unios.hr\/kvaliteta\/wp-json\/wp\/v2\/pages\/81","targetHints":{"allow":["GET"]}}],"collection":[{"href":"https:\/\/www.unios.hr\/kvaliteta\/wp-json\/wp\/v2\/pages"}],"about":[{"href":"https:\/\/www.unios.hr\/kvaliteta\/wp-json\/wp\/v2\/types\/page"}],"author":[{"embeddable":true,"href":"https:\/\/www.unios.hr\/kvaliteta\/wp-json\/wp\/v2\/users\/9"}],"replies":[{"embeddable":true,"href":"https:\/\/www.unios.hr\/kvaliteta\/wp-json\/wp\/v2\/comments?post=81"}],"version-history":[{"count":4,"href":"https:\/\/www.unios.hr\/kvaliteta\/wp-json\/wp\/v2\/pages\/81\/revisions"}],"predecessor-version":[{"id":7248,"href":"https:\/\/www.unios.hr\/kvaliteta\/wp-json\/wp\/v2\/pages\/81\/revisions\/7248"}],"up":[{"embeddable":true,"href":"https:\/\/www.unios.hr\/kvaliteta\/wp-json\/wp\/v2\/pages\/23"}],"wp:featuredmedia":[{"embeddable":true,"href":"https:\/\/www.unios.hr\/kvaliteta\/wp-json\/wp\/v2\/media\/873"}],"wp:attachment":[{"href":"https:\/\/www.unios.hr\/kvaliteta\/wp-json\/wp\/v2\/media?parent=81"}],"wp:term":[{"taxonomy":"author","embeddable":true,"href":"https:\/\/www.unios.hr\/kvaliteta\/wp-json\/wp\/v2\/coauthors?post=81"}],"curies":[{"name":"wp","href":"https:\/\/api.w.org\/{rel}","templated":true}]}}